{"id":4209,"date":"2025-06-28T16:32:13","date_gmt":"2025-06-28T14:32:13","guid":{"rendered":"https:\/\/uj.adatbank.ro\/lexikon\/termek\/baumgarten-johannes-baumgartner-janos\/"},"modified":"2025-06-28T16:32:13","modified_gmt":"2025-06-28T14:32:13","slug":"baumgarten-johannes-baumgartner-janos","status":"publish","type":"product","link":"https:\/\/uj.adatbank.ro\/lexikon\/termek\/baumgarten-johannes-baumgartner-janos\/","title":{"rendered":"BAUMGARTEN Johannes, Baumgartner J\u00e1nos"},"content":{"rendered":"<p>? \u2020 ? : harang\u00f6nt\u0151. \u2013 Segesv\u00e1ron \u00f6nt\u00f6tt 19 harangot (1785\u20131855). Cs\u00edkfalva ref. templom\u00e1ba is k\u00e9sz\u00edtett egy harangot (1821). <br \/><strong>Irod.:<\/strong> Cs\u00edkfalva; D\u00e1vid L\u00e1szl\u00f3: Harangok, harang\u00f6nt\u0151k (Sz\u00e9kelyf\u00f6ld, 4. sz., 1998. \u00e1pr.)<\/br><\/p>\n","protected":false},"excerpt":{"rendered":"<p>? \u2020 ? : harang\u00f6nt\u0151. \u2013 Segesv\u00e1ron \u00f6nt\u00f6tt 19 harangot (1785\u20131855). Cs\u00edkfalva ref. templom\u00e1ba is k\u00e9sz\u00edtett egy harangot (1821). Irod.: Cs\u00edkfalva; D\u00e1vid L\u00e1szl\u00f3: Harangok, harang\u00f6nt\u0151k (Sz\u00e9kelyf\u00f6ld, 4. sz., 1998. \u00e1pr.)<\/p>\n","protected":false},"featured_media":0,"comment_status":"open","ping_status":"closed","template":"","meta":[],"product_brand":[],"product_cat":[137],"product_tag":[],"class_list":{"0":"post-4209","1":"product","2":"type-product","3":"status-publish","5":"product_cat-maros-megyei-eletrajzi-lexikon","7":"first","8":"instock","9":"shipping-taxable","10":"product-type-simple"},"_links":{"self":[{"href":"https:\/\/uj.adatbank.ro\/lexikon\/wp-json\/wp\/v2\/product\/4209","targetHints":{"allow":["GET"]}}],"collection":[{"href":"https:\/\/uj.adatbank.ro\/lexikon\/wp-json\/wp\/v2\/product"}],"about":[{"href":"https:\/\/uj.adatbank.ro\/lexikon\/wp-json\/wp\/v2\/types\/product"}],"replies":[{"embeddable":true,"href":"https:\/\/uj.adatbank.ro\/lexikon\/wp-json\/wp\/v2\/comments?post=4209"}],"wp:attachment":[{"href":"https:\/\/uj.adatbank.ro\/lexikon\/wp-json\/wp\/v2\/media?parent=4209"}],"wp:term":[{"taxonomy":"product_brand","embeddable":true,"href":"https:\/\/uj.adatbank.ro\/lexikon\/wp-json\/wp\/v2\/product_brand?post=4209"},{"taxonomy":"product_cat","embeddable":true,"href":"https:\/\/uj.adatbank.ro\/lexikon\/wp-json\/wp\/v2\/product_cat?post=4209"},{"taxonomy":"product_tag","embeddable":true,"href":"https:\/\/uj.adatbank.ro\/lexikon\/wp-json\/wp\/v2\/product_tag?post=4209"}],"curies":[{"name":"wp","href":"https:\/\/api.w.org\/{rel}","templated":true}]}}