{"id":4214,"date":"2025-06-28T16:32:27","date_gmt":"2025-06-28T14:32:27","guid":{"rendered":"https:\/\/uj.adatbank.ro\/lexikon\/termek\/bayer-tibor\/"},"modified":"2025-06-28T16:32:27","modified_gmt":"2025-06-28T14:32:27","slug":"bayer-tibor","status":"publish","type":"product","link":"https:\/\/uj.adatbank.ro\/lexikon\/termek\/bayer-tibor\/","title":{"rendered":"BAYER Tibor"},"content":{"rendered":"<p>Kv., 1913., \u2020\u00a0? : igazgat\u00f3, k\u00e1ntortan\u00edt\u00f3. \u2013 Kv.-on \u00e9s Mv.-en tan\u00edt\u00f3k\u00e9pz\u0151t v\u00e9gzett, tan\u00edt\u00f3i oklevelet szerzett (1939). A dem\u00e9nyh\u00e1zi r. k. felekezeti iskol\u00e1ban tan\u00edtott. A leg\u00e9nyegylet szervez\u0151je, a dalk\u00f6r \u00e9s a sportegyes\u00fclet munk\u00e1j\u00e1ban is r\u00e9szt vett. <br \/><strong>Irod.:<\/strong> Sz\u00e9kelyf\u00f6ld \u00ed. k.<\/br><\/p>\n","protected":false},"excerpt":{"rendered":"<p>Kv., 1913., \u2020\u00a0? : igazgat\u00f3, k\u00e1ntortan\u00edt\u00f3. \u2013 Kv.-on \u00e9s Mv.-en tan\u00edt\u00f3k\u00e9pz\u0151t v\u00e9gzett, tan\u00edt\u00f3i oklevelet szerzett (1939). A dem\u00e9nyh\u00e1zi r. k. felekezeti iskol\u00e1ban tan\u00edtott. A leg\u00e9nyegylet szervez\u0151je, a dalk\u00f6r \u00e9s a sportegyes\u00fclet munk\u00e1j\u00e1ban is r\u00e9szt vett. Irod.: Sz\u00e9kelyf\u00f6ld \u00ed. k.<\/p>\n","protected":false},"featured_media":0,"comment_status":"open","ping_status":"closed","template":"","meta":[],"product_brand":[],"product_cat":[137],"product_tag":[],"class_list":{"0":"post-4214","1":"product","2":"type-product","3":"status-publish","5":"product_cat-maros-megyei-eletrajzi-lexikon","7":"first","8":"instock","9":"shipping-taxable","10":"product-type-simple"},"_links":{"self":[{"href":"https:\/\/uj.adatbank.ro\/lexikon\/wp-json\/wp\/v2\/product\/4214","targetHints":{"allow":["GET"]}}],"collection":[{"href":"https:\/\/uj.adatbank.ro\/lexikon\/wp-json\/wp\/v2\/product"}],"about":[{"href":"https:\/\/uj.adatbank.ro\/lexikon\/wp-json\/wp\/v2\/types\/product"}],"replies":[{"embeddable":true,"href":"https:\/\/uj.adatbank.ro\/lexikon\/wp-json\/wp\/v2\/comments?post=4214"}],"wp:attachment":[{"href":"https:\/\/uj.adatbank.ro\/lexikon\/wp-json\/wp\/v2\/media?parent=4214"}],"wp:term":[{"taxonomy":"product_brand","embeddable":true,"href":"https:\/\/uj.adatbank.ro\/lexikon\/wp-json\/wp\/v2\/product_brand?post=4214"},{"taxonomy":"product_cat","embeddable":true,"href":"https:\/\/uj.adatbank.ro\/lexikon\/wp-json\/wp\/v2\/product_cat?post=4214"},{"taxonomy":"product_tag","embeddable":true,"href":"https:\/\/uj.adatbank.ro\/lexikon\/wp-json\/wp\/v2\/product_tag?post=4214"}],"curies":[{"name":"wp","href":"https:\/\/api.w.org\/{rel}","templated":true}]}}