{"id":4215,"date":"2025-06-28T16:32:29","date_gmt":"2025-06-28T14:32:29","guid":{"rendered":"https:\/\/uj.adatbank.ro\/lexikon\/termek\/bayler-istvan\/"},"modified":"2025-06-28T16:32:29","modified_gmt":"2025-06-28T14:32:29","slug":"bayler-istvan","status":"publish","type":"product","link":"https:\/\/uj.adatbank.ro\/lexikon\/termek\/bayler-istvan\/","title":{"rendered":"BAYLER Istv\u00e1n"},"content":{"rendered":"<p>? \u2020\u00a0? : m\u00e9rn\u00f6k. \u2013 Mv.-en ki\u00e9p\u00edtette a telefonh\u00e1l\u00f3zatot, a helybeli iparosok v\u00e9gezt\u00e9k a munk\u00e1t (1893. szept.), a mv.-i \u00e1llami k\u00f6zhaszn\u00e1lat\u00fa t\u00e1vbesz\u00e9l\u0151 \u00fcnnep\u00e9lyes megnyit\u00e1sa (1893. nov. 1.). <br \/><strong>Irod.:<\/strong> Ga\u00e1l Korn\u00e9lia: A \u00bbv\u00e1rosi telephon\u00ab l\u00e9tes\u00edt\u00e9se (V. Z., 1983. j\u00fal. 10.) ja (rekord\u00a0!) jutott el az orsz\u00e1gos matemat. Olimpi\u00e1szra, ahol<\/br><\/p>\n","protected":false},"excerpt":{"rendered":"<p>? \u2020\u00a0? : m\u00e9rn\u00f6k. \u2013 Mv.-en ki\u00e9p\u00edtette a telefonh\u00e1l\u00f3zatot, a helybeli iparosok v\u00e9gezt\u00e9k a munk\u00e1t (1893. szept.), a mv.-i \u00e1llami k\u00f6zhaszn\u00e1lat\u00fa t\u00e1vbesz\u00e9l\u0151 \u00fcnnep\u00e9lyes megnyit\u00e1sa (1893. nov. 1.). Irod.: Ga\u00e1l Korn\u00e9lia: A \u00bbv\u00e1rosi telephon\u00ab l\u00e9tes\u00edt\u00e9se (V. Z., 1983. j\u00fal. 10.) ja (rekord\u00a0!) jutott el az orsz\u00e1gos matemat. Olimpi\u00e1szra, ahol<\/p>\n","protected":false},"featured_media":0,"comment_status":"open","ping_status":"closed","template":"","meta":[],"product_brand":[],"product_cat":[137],"product_tag":[],"class_list":{"0":"post-4215","1":"product","2":"type-product","3":"status-publish","5":"product_cat-maros-megyei-eletrajzi-lexikon","7":"first","8":"instock","9":"shipping-taxable","10":"product-type-simple"},"_links":{"self":[{"href":"https:\/\/uj.adatbank.ro\/lexikon\/wp-json\/wp\/v2\/product\/4215","targetHints":{"allow":["GET"]}}],"collection":[{"href":"https:\/\/uj.adatbank.ro\/lexikon\/wp-json\/wp\/v2\/product"}],"about":[{"href":"https:\/\/uj.adatbank.ro\/lexikon\/wp-json\/wp\/v2\/types\/product"}],"replies":[{"embeddable":true,"href":"https:\/\/uj.adatbank.ro\/lexikon\/wp-json\/wp\/v2\/comments?post=4215"}],"wp:attachment":[{"href":"https:\/\/uj.adatbank.ro\/lexikon\/wp-json\/wp\/v2\/media?parent=4215"}],"wp:term":[{"taxonomy":"product_brand","embeddable":true,"href":"https:\/\/uj.adatbank.ro\/lexikon\/wp-json\/wp\/v2\/product_brand?post=4215"},{"taxonomy":"product_cat","embeddable":true,"href":"https:\/\/uj.adatbank.ro\/lexikon\/wp-json\/wp\/v2\/product_cat?post=4215"},{"taxonomy":"product_tag","embeddable":true,"href":"https:\/\/uj.adatbank.ro\/lexikon\/wp-json\/wp\/v2\/product_tag?post=4215"}],"curies":[{"name":"wp","href":"https:\/\/api.w.org\/{rel}","templated":true}]}}