{"id":4217,"date":"2025-06-28T16:32:38","date_gmt":"2025-06-28T14:32:38","guid":{"rendered":"https:\/\/uj.adatbank.ro\/lexikon\/termek\/bebek-peter\/"},"modified":"2025-06-28T16:32:38","modified_gmt":"2025-06-28T14:32:38","slug":"bebek-peter","status":"publish","type":"product","link":"https:\/\/uj.adatbank.ro\/lexikon\/termek\/bebek-peter\/","title":{"rendered":"BEBEK P\u00e9ter"},"content":{"rendered":"<p>1423. febr. 2. \u2013 1426. dec. 26. isp\u00e1n vagy alisp\u00e1n. <br \/><strong>Irod.:<\/strong> Sz\u00e9kelyf\u00f6ld t\u00f6rt. 1<\/br><\/p>\n","protected":false},"excerpt":{"rendered":"<p>1423. febr. 2. \u2013 1426. dec. 26. isp\u00e1n vagy alisp\u00e1n. Irod.: Sz\u00e9kelyf\u00f6ld t\u00f6rt. 1<\/p>\n","protected":false},"featured_media":0,"comment_status":"open","ping_status":"closed","template":"","meta":[],"product_brand":[],"product_cat":[137],"product_tag":[],"class_list":{"0":"post-4217","1":"product","2":"type-product","3":"status-publish","5":"product_cat-maros-megyei-eletrajzi-lexikon","7":"first","8":"instock","9":"shipping-taxable","10":"product-type-simple"},"_links":{"self":[{"href":"https:\/\/uj.adatbank.ro\/lexikon\/wp-json\/wp\/v2\/product\/4217","targetHints":{"allow":["GET"]}}],"collection":[{"href":"https:\/\/uj.adatbank.ro\/lexikon\/wp-json\/wp\/v2\/product"}],"about":[{"href":"https:\/\/uj.adatbank.ro\/lexikon\/wp-json\/wp\/v2\/types\/product"}],"replies":[{"embeddable":true,"href":"https:\/\/uj.adatbank.ro\/lexikon\/wp-json\/wp\/v2\/comments?post=4217"}],"wp:attachment":[{"href":"https:\/\/uj.adatbank.ro\/lexikon\/wp-json\/wp\/v2\/media?parent=4217"}],"wp:term":[{"taxonomy":"product_brand","embeddable":true,"href":"https:\/\/uj.adatbank.ro\/lexikon\/wp-json\/wp\/v2\/product_brand?post=4217"},{"taxonomy":"product_cat","embeddable":true,"href":"https:\/\/uj.adatbank.ro\/lexikon\/wp-json\/wp\/v2\/product_cat?post=4217"},{"taxonomy":"product_tag","embeddable":true,"href":"https:\/\/uj.adatbank.ro\/lexikon\/wp-json\/wp\/v2\/product_tag?post=4217"}],"curies":[{"name":"wp","href":"https:\/\/api.w.org\/{rel}","templated":true}]}}