{"id":4218,"date":"2025-06-28T16:32:40","date_gmt":"2025-06-28T14:32:40","guid":{"rendered":"https:\/\/uj.adatbank.ro\/lexikon\/termek\/becher-simon\/"},"modified":"2025-06-28T16:32:40","modified_gmt":"2025-06-28T14:32:40","slug":"becher-simon","status":"publish","type":"product","link":"https:\/\/uj.adatbank.ro\/lexikon\/termek\/becher-simon\/","title":{"rendered":"BECHER Simon"},"content":{"rendered":"<p>? \u2020 ? : nagykeresked\u0151. \u2013 A le\u00e1nya Knoll M\u00f3rn\u00e9. \u2013 Ny\u00e1r\u00e1dszered\u00e1ban deszkagy\u00e1rral \u00e9s lerakattal rendelkezett. A n\u00e9metek az eg\u00e9sz csal\u00e1dj\u00e1t Auschwitzba deport\u00e1lt\u00e1k (1944. m\u00e1j. 29.), ahonnan csak a le\u00e1nya t\u00e9rt vissza, de nemsok\u00e1ra elborult az elm\u00e9je. <br \/><strong>Irod.:<\/strong> Ny\u00e1r\u00e1dszereda<\/br><\/p>\n","protected":false},"excerpt":{"rendered":"<p>? \u2020 ? : nagykeresked\u0151. \u2013 A le\u00e1nya Knoll M\u00f3rn\u00e9. \u2013 Ny\u00e1r\u00e1dszered\u00e1ban deszkagy\u00e1rral \u00e9s lerakattal rendelkezett. A n\u00e9metek az eg\u00e9sz csal\u00e1dj\u00e1t Auschwitzba deport\u00e1lt\u00e1k (1944. m\u00e1j. 29.), ahonnan csak a le\u00e1nya t\u00e9rt vissza, de nemsok\u00e1ra elborult az elm\u00e9je. Irod.: Ny\u00e1r\u00e1dszereda<\/p>\n","protected":false},"featured_media":0,"comment_status":"open","ping_status":"closed","template":"","meta":[],"product_brand":[],"product_cat":[137],"product_tag":[],"class_list":{"0":"post-4218","1":"product","2":"type-product","3":"status-publish","5":"product_cat-maros-megyei-eletrajzi-lexikon","7":"first","8":"instock","9":"shipping-taxable","10":"product-type-simple"},"_links":{"self":[{"href":"https:\/\/uj.adatbank.ro\/lexikon\/wp-json\/wp\/v2\/product\/4218","targetHints":{"allow":["GET"]}}],"collection":[{"href":"https:\/\/uj.adatbank.ro\/lexikon\/wp-json\/wp\/v2\/product"}],"about":[{"href":"https:\/\/uj.adatbank.ro\/lexikon\/wp-json\/wp\/v2\/types\/product"}],"replies":[{"embeddable":true,"href":"https:\/\/uj.adatbank.ro\/lexikon\/wp-json\/wp\/v2\/comments?post=4218"}],"wp:attachment":[{"href":"https:\/\/uj.adatbank.ro\/lexikon\/wp-json\/wp\/v2\/media?parent=4218"}],"wp:term":[{"taxonomy":"product_brand","embeddable":true,"href":"https:\/\/uj.adatbank.ro\/lexikon\/wp-json\/wp\/v2\/product_brand?post=4218"},{"taxonomy":"product_cat","embeddable":true,"href":"https:\/\/uj.adatbank.ro\/lexikon\/wp-json\/wp\/v2\/product_cat?post=4218"},{"taxonomy":"product_tag","embeddable":true,"href":"https:\/\/uj.adatbank.ro\/lexikon\/wp-json\/wp\/v2\/product_tag?post=4218"}],"curies":[{"name":"wp","href":"https:\/\/api.w.org\/{rel}","templated":true}]}}