{"id":4220,"date":"2025-06-28T16:32:46","date_gmt":"2025-06-28T14:32:46","guid":{"rendered":"https:\/\/uj.adatbank.ro\/lexikon\/termek\/becsey-antal\/"},"modified":"2025-06-28T16:32:46","modified_gmt":"2025-06-28T14:32:46","slug":"becsey-antal","status":"publish","type":"product","link":"https:\/\/uj.adatbank.ro\/lexikon\/termek\/becsey-antal\/","title":{"rendered":"BECSEY Antal"},"content":{"rendered":"<p>1913, \u2020 Mv., 1980. febr. 8.: fest\u0151m\u0171v\u00e9sz. \u2013 A K\u00e9pz\u0151m\u0171v\u00e9szeti Sz\u00f6vets\u00e9g mv.-i fi\u00f3kj\u00e1nak tagja (1951). <br \/><strong>Irod.:<\/strong> Moln\u00e1r; [Nekrol\u00f3g] (V. Z., 1980. febr. 9.)<\/br><\/p>\n","protected":false},"excerpt":{"rendered":"<p>1913, \u2020 Mv., 1980. febr. 8.: fest\u0151m\u0171v\u00e9sz. \u2013 A K\u00e9pz\u0151m\u0171v\u00e9szeti Sz\u00f6vets\u00e9g mv.-i fi\u00f3kj\u00e1nak tagja (1951). Irod.: Moln\u00e1r; [Nekrol\u00f3g] (V. Z., 1980. febr. 9.)<\/p>\n","protected":false},"featured_media":0,"comment_status":"open","ping_status":"closed","template":"","meta":[],"product_brand":[],"product_cat":[137],"product_tag":[],"class_list":{"0":"post-4220","1":"product","2":"type-product","3":"status-publish","5":"product_cat-maros-megyei-eletrajzi-lexikon","7":"first","8":"instock","9":"shipping-taxable","10":"product-type-simple"},"_links":{"self":[{"href":"https:\/\/uj.adatbank.ro\/lexikon\/wp-json\/wp\/v2\/product\/4220","targetHints":{"allow":["GET"]}}],"collection":[{"href":"https:\/\/uj.adatbank.ro\/lexikon\/wp-json\/wp\/v2\/product"}],"about":[{"href":"https:\/\/uj.adatbank.ro\/lexikon\/wp-json\/wp\/v2\/types\/product"}],"replies":[{"embeddable":true,"href":"https:\/\/uj.adatbank.ro\/lexikon\/wp-json\/wp\/v2\/comments?post=4220"}],"wp:attachment":[{"href":"https:\/\/uj.adatbank.ro\/lexikon\/wp-json\/wp\/v2\/media?parent=4220"}],"wp:term":[{"taxonomy":"product_brand","embeddable":true,"href":"https:\/\/uj.adatbank.ro\/lexikon\/wp-json\/wp\/v2\/product_brand?post=4220"},{"taxonomy":"product_cat","embeddable":true,"href":"https:\/\/uj.adatbank.ro\/lexikon\/wp-json\/wp\/v2\/product_cat?post=4220"},{"taxonomy":"product_tag","embeddable":true,"href":"https:\/\/uj.adatbank.ro\/lexikon\/wp-json\/wp\/v2\/product_tag?post=4220"}],"curies":[{"name":"wp","href":"https:\/\/api.w.org\/{rel}","templated":true}]}}