{"id":4221,"date":"2025-06-28T16:32:50","date_gmt":"2025-06-28T14:32:50","guid":{"rendered":"https:\/\/uj.adatbank.ro\/lexikon\/termek\/becsey-nandor-ferdinand-%c2%a7-becsey-ferdinand-becsei-nandor\/"},"modified":"2025-06-28T16:32:50","modified_gmt":"2025-06-28T14:32:50","slug":"becsey-nandor-ferdinand-%c2%a7-becsey-ferdinand-becsei-nandor","status":"publish","type":"product","link":"https:\/\/uj.adatbank.ro\/lexikon\/termek\/becsey-nandor-ferdinand-%c2%a7-becsey-ferdinand-becsei-nandor\/","title":{"rendered":"BECSEY N\u00e1ndor Ferdin\u00e1nd \u00a7 Becsey Ferdin\u00e1nd, Becsei N\u00e1ndor"},"content":{"rendered":"<p>L\u00e9va, 1881. nov. 17., \u2020 Mv., 1957.: g\u00e9p\u00e9szm\u00e9rn\u00f6k, v\u00e1rosi f\u0151m\u00e9rn\u00f6k. \u2013 B\u00e1tyja: Antal. \u2013 Bp.-en szerzett g\u00e9p\u00e9szm\u00e9rn\u00f6ki oklevelet (1904). Munk\u00e1ss\u00e1g\u00e1t Bp.-en testv\u00e9rb\u00e1tyja \u00e9s T\u00f3th Jen\u0151 g\u00e9p\u00e9szm\u00e9rn\u0151k irod\u00e1j\u00e1ban kezdte, majd Eperjesen, Miskolcon, Kass\u00e1n dolgozott. Mv.-en mint \u00e9p\u00edt\u00e9svezet\u0151 m\u00e9rn\u00f6k. Bern\u00e1dy Gy\u00f6rgy polg\u00e1rmester h\u00edv\u00e1s\u00e1ra a v\u00e1ros szolg\u00e1lat\u00e1ba l\u00e9pett (1910\u201338), v\u00e1rosi f\u0151m\u00e9rn\u00f6k, m\u0171szaki tan\u00e1csos, az \u00f6sszes v\u00e1rosi \u00fczem technikai igazgat\u00f3j\u00e1v\u00e1 nevezt\u00e9k ki. Eperjes \u00e9s Miskolc v\u00edzm\u0171veinek, hasonl\u00f3k\u00e9ppen a mv.-i v\u00edz- csatorna, villamosm\u0171 \u00e9s a f\u00f6ldg\u00e1z bevezet\u00e9si \u00e9s kiterjeszt\u00e9si munk\u00e1latain\u00e1l jelent\u0151s szerepet j\u00e1tszott (1920\u2013), az \u00e1rv\u00edzv\u00e9delem jav\u00edt\u00e1si terv\u00e9t adta el\u0151 (1927\u2013). \u00d6n\u00e1ll\u00f3 tervez\u0151irod\u00e1t nyitott (1938). Rangj\u00e1t (II. o. f\u0151m\u00e9rn\u00f6k) a Corpul Technic is elismerte. Cikkei szaklapokban jelentek meg. \u00c9rdemei elismer\u00e9s\u00e9\u00fcl a rom\u00e1n Koronarend lovagi keresztj\u00e9vel t\u00fcntett\u00e9k ki (1929). Eln\u00f6ke volt a Rom\u00e1n \u00e9s M. Kaszin\u00f3knak \u00e9s a Sport Egyes\u00fcletnek. <br \/><strong>Irod.:<\/strong> Bern\u00e1dy; Id\u0151t\u00e1r 3; Keresztes 2000; Ki kicsoda ?; Lexiconul vie\u0163ii publice<\/br><\/p>\n","protected":false},"excerpt":{"rendered":"<p>L\u00e9va, 1881. nov. 17., \u2020 Mv., 1957.: g\u00e9p\u00e9szm\u00e9rn\u00f6k, v\u00e1rosi f\u0151m\u00e9rn\u00f6k. \u2013 B\u00e1tyja: Antal. \u2013 Bp.-en szerzett g\u00e9p\u00e9szm\u00e9rn\u00f6ki oklevelet (1904). Munk\u00e1ss\u00e1g\u00e1t Bp.-en testv\u00e9rb\u00e1tyja \u00e9s T\u00f3th Jen\u0151 g\u00e9p\u00e9szm\u00e9rn\u0151k irod\u00e1j\u00e1ban kezdte, majd Eperjesen, Miskolcon, Kass\u00e1n dolgozott. Mv.-en mint \u00e9p\u00edt\u00e9svezet\u0151 m\u00e9rn\u00f6k. Bern\u00e1dy Gy\u00f6rgy polg\u00e1rmester h\u00edv\u00e1s\u00e1ra a v\u00e1ros szolg\u00e1lat\u00e1ba l\u00e9pett (1910\u201338), v\u00e1rosi f\u0151m\u00e9rn\u00f6k, m\u0171szaki tan\u00e1csos, az \u00f6sszes v\u00e1rosi \u00fczem technikai [&hellip;]<\/p>\n","protected":false},"featured_media":0,"comment_status":"open","ping_status":"closed","template":"","meta":[],"product_brand":[],"product_cat":[137],"product_tag":[],"class_list":{"0":"post-4221","1":"product","2":"type-product","3":"status-publish","5":"product_cat-maros-megyei-eletrajzi-lexikon","7":"first","8":"instock","9":"shipping-taxable","10":"product-type-simple"},"_links":{"self":[{"href":"https:\/\/uj.adatbank.ro\/lexikon\/wp-json\/wp\/v2\/product\/4221","targetHints":{"allow":["GET"]}}],"collection":[{"href":"https:\/\/uj.adatbank.ro\/lexikon\/wp-json\/wp\/v2\/product"}],"about":[{"href":"https:\/\/uj.adatbank.ro\/lexikon\/wp-json\/wp\/v2\/types\/product"}],"replies":[{"embeddable":true,"href":"https:\/\/uj.adatbank.ro\/lexikon\/wp-json\/wp\/v2\/comments?post=4221"}],"wp:attachment":[{"href":"https:\/\/uj.adatbank.ro\/lexikon\/wp-json\/wp\/v2\/media?parent=4221"}],"wp:term":[{"taxonomy":"product_brand","embeddable":true,"href":"https:\/\/uj.adatbank.ro\/lexikon\/wp-json\/wp\/v2\/product_brand?post=4221"},{"taxonomy":"product_cat","embeddable":true,"href":"https:\/\/uj.adatbank.ro\/lexikon\/wp-json\/wp\/v2\/product_cat?post=4221"},{"taxonomy":"product_tag","embeddable":true,"href":"https:\/\/uj.adatbank.ro\/lexikon\/wp-json\/wp\/v2\/product_tag?post=4221"}],"curies":[{"name":"wp","href":"https:\/\/api.w.org\/{rel}","templated":true}]}}