{"id":4230,"date":"2025-06-28T16:33:19","date_gmt":"2025-06-28T14:33:19","guid":{"rendered":"https:\/\/uj.adatbank.ro\/lexikon\/termek\/bedo-albert-kalnoki-es-hodgyai\/"},"modified":"2025-06-28T16:33:19","modified_gmt":"2025-06-28T14:33:19","slug":"bedo-albert-kalnoki-es-hodgyai","status":"publish","type":"product","link":"https:\/\/uj.adatbank.ro\/lexikon\/termek\/bedo-albert-kalnoki-es-hodgyai\/","title":{"rendered":"BED\u0150 Albert, k\u00e1lnoki \u00e9s hodgyai"},"content":{"rendered":"<p>Mv., 1900. aug. 14. \u2020 New York, 1981. \u00e1pr. 17.: \u00e1llamtitk\u00e1r. \u2013 B. S\u00e1ndor \u00e9s debreceni Nagy Gizella fia. \u2013 A jog- \u00e9s \u00e1llamtudom\u00e1nyok doktora, m. kir. miniszereln\u00f6ks\u00e9gi min.-i oszt\u00e1lytan\u00e1csos. Ingatlanforgalmi mag\u00e1nalkalmazott az AE\u00c1-ban. A Johannita Rend tiszteleti lovagnak felterjesztve (1944), meger\u0151s\u00edtve (1958), jogi lovag (1971\u201381). <br \/><strong>Irod.:<\/strong> M. Johannita csal\u00e1dt\u00f6rt.; PIM<\/br><\/p>\n","protected":false},"excerpt":{"rendered":"<p>Mv., 1900. aug. 14. \u2020 New York, 1981. \u00e1pr. 17.: \u00e1llamtitk\u00e1r. \u2013 B. S\u00e1ndor \u00e9s debreceni Nagy Gizella fia. \u2013 A jog- \u00e9s \u00e1llamtudom\u00e1nyok doktora, m. kir. miniszereln\u00f6ks\u00e9gi min.-i oszt\u00e1lytan\u00e1csos. Ingatlanforgalmi mag\u00e1nalkalmazott az AE\u00c1-ban. A Johannita Rend tiszteleti lovagnak felterjesztve (1944), meger\u0151s\u00edtve (1958), jogi lovag (1971\u201381). Irod.: M. Johannita csal\u00e1dt\u00f6rt.; PIM<\/p>\n","protected":false},"featured_media":0,"comment_status":"open","ping_status":"closed","template":"","meta":[],"product_brand":[],"product_cat":[137],"product_tag":[],"class_list":{"0":"post-4230","1":"product","2":"type-product","3":"status-publish","5":"product_cat-maros-megyei-eletrajzi-lexikon","7":"first","8":"instock","9":"shipping-taxable","10":"product-type-simple"},"_links":{"self":[{"href":"https:\/\/uj.adatbank.ro\/lexikon\/wp-json\/wp\/v2\/product\/4230","targetHints":{"allow":["GET"]}}],"collection":[{"href":"https:\/\/uj.adatbank.ro\/lexikon\/wp-json\/wp\/v2\/product"}],"about":[{"href":"https:\/\/uj.adatbank.ro\/lexikon\/wp-json\/wp\/v2\/types\/product"}],"replies":[{"embeddable":true,"href":"https:\/\/uj.adatbank.ro\/lexikon\/wp-json\/wp\/v2\/comments?post=4230"}],"wp:attachment":[{"href":"https:\/\/uj.adatbank.ro\/lexikon\/wp-json\/wp\/v2\/media?parent=4230"}],"wp:term":[{"taxonomy":"product_brand","embeddable":true,"href":"https:\/\/uj.adatbank.ro\/lexikon\/wp-json\/wp\/v2\/product_brand?post=4230"},{"taxonomy":"product_cat","embeddable":true,"href":"https:\/\/uj.adatbank.ro\/lexikon\/wp-json\/wp\/v2\/product_cat?post=4230"},{"taxonomy":"product_tag","embeddable":true,"href":"https:\/\/uj.adatbank.ro\/lexikon\/wp-json\/wp\/v2\/product_tag?post=4230"}],"curies":[{"name":"wp","href":"https:\/\/api.w.org\/{rel}","templated":true}]}}