{"id":4231,"date":"2025-06-28T16:33:23","date_gmt":"2025-06-28T14:33:23","guid":{"rendered":"https:\/\/uj.adatbank.ro\/lexikon\/termek\/bedo-bela\/"},"modified":"2025-06-28T16:33:23","modified_gmt":"2025-06-28T14:33:23","slug":"bedo-bela","status":"publish","type":"product","link":"https:\/\/uj.adatbank.ro\/lexikon\/termek\/bedo-bela\/","title":{"rendered":"BED\u0150 B\u00e9la"},"content":{"rendered":"<p>1924., \u2020 Mv., 2004. m\u00e1rc. 20.: orvos, szem\u00e9sz szakorvos, f\u0151orvos. \u2013 A k\u00f6z\u00e9piskol\u00e1t Sz\u00e9kelyudvarhelyen v\u00e9gezte, orvosi diplom\u00e1j\u00e1t Mv.-en szerezte (1951). Szakosod\u00e1s ut\u00e1n a szem\u00e9szeti klinik\u00e1n dolgozott, majd \u00e9vtizedeken \u00e1t rendel\u0151int\u00e9zetben gy\u00f3gy\u00edtotta a betegeket. F\u0151orvos (1972). J\u00f3 gyakorlati \u00e9rz\u00e9kkel rendelkezett, \u00e1lland\u00f3 r\u00e9sztvev\u0151je a szem\u00e9szeti rendezv\u00e9nyeknek. <br \/><strong>Irod.:<\/strong> Fodor Ferenc 2000; Komj\u00e1tszegi<\/br><\/p>\n","protected":false},"excerpt":{"rendered":"<p>1924., \u2020 Mv., 2004. m\u00e1rc. 20.: orvos, szem\u00e9sz szakorvos, f\u0151orvos. \u2013 A k\u00f6z\u00e9piskol\u00e1t Sz\u00e9kelyudvarhelyen v\u00e9gezte, orvosi diplom\u00e1j\u00e1t Mv.-en szerezte (1951). Szakosod\u00e1s ut\u00e1n a szem\u00e9szeti klinik\u00e1n dolgozott, majd \u00e9vtizedeken \u00e1t rendel\u0151int\u00e9zetben gy\u00f3gy\u00edtotta a betegeket. F\u0151orvos (1972). J\u00f3 gyakorlati \u00e9rz\u00e9kkel rendelkezett, \u00e1lland\u00f3 r\u00e9sztvev\u0151je a szem\u00e9szeti rendezv\u00e9nyeknek. Irod.: Fodor Ferenc 2000; Komj\u00e1tszegi<\/p>\n","protected":false},"featured_media":0,"comment_status":"open","ping_status":"closed","template":"","meta":[],"product_brand":[],"product_cat":[137],"product_tag":[],"class_list":{"0":"post-4231","1":"product","2":"type-product","3":"status-publish","5":"product_cat-maros-megyei-eletrajzi-lexikon","7":"first","8":"instock","9":"shipping-taxable","10":"product-type-simple"},"_links":{"self":[{"href":"https:\/\/uj.adatbank.ro\/lexikon\/wp-json\/wp\/v2\/product\/4231","targetHints":{"allow":["GET"]}}],"collection":[{"href":"https:\/\/uj.adatbank.ro\/lexikon\/wp-json\/wp\/v2\/product"}],"about":[{"href":"https:\/\/uj.adatbank.ro\/lexikon\/wp-json\/wp\/v2\/types\/product"}],"replies":[{"embeddable":true,"href":"https:\/\/uj.adatbank.ro\/lexikon\/wp-json\/wp\/v2\/comments?post=4231"}],"wp:attachment":[{"href":"https:\/\/uj.adatbank.ro\/lexikon\/wp-json\/wp\/v2\/media?parent=4231"}],"wp:term":[{"taxonomy":"product_brand","embeddable":true,"href":"https:\/\/uj.adatbank.ro\/lexikon\/wp-json\/wp\/v2\/product_brand?post=4231"},{"taxonomy":"product_cat","embeddable":true,"href":"https:\/\/uj.adatbank.ro\/lexikon\/wp-json\/wp\/v2\/product_cat?post=4231"},{"taxonomy":"product_tag","embeddable":true,"href":"https:\/\/uj.adatbank.ro\/lexikon\/wp-json\/wp\/v2\/product_tag?post=4231"}],"curies":[{"name":"wp","href":"https:\/\/api.w.org\/{rel}","templated":true}]}}