{"id":4233,"date":"2025-06-28T16:33:29","date_gmt":"2025-06-28T14:33:29","guid":{"rendered":"https:\/\/uj.adatbank.ro\/lexikon\/termek\/bedo-denes-kalnoki-kalnoki-bedo-denes\/"},"modified":"2025-06-28T16:33:29","modified_gmt":"2025-06-28T14:33:29","slug":"bedo-denes-kalnoki-kalnoki-bedo-denes","status":"publish","type":"product","link":"https:\/\/uj.adatbank.ro\/lexikon\/termek\/bedo-denes-kalnoki-kalnoki-bedo-denes\/","title":{"rendered":"BED\u0150 D\u00e9nes, k\u00e1lnoki, K\u00e1lnoki Bed\u0151 D\u00e9nes"},"content":{"rendered":"<p>1843, \u2020 Iszl\u00f3, 1908.: tan\u00e1r. \u2013 Feles\u00e9ge: Kom\u00e1romi Emma (Iszl\u00f3, 1858\u20131895). \u2013 Tan\u00edt\u00f3k\u00e9pezdei tan\u00e1r. <br \/><strong>Irod.:<\/strong> Nemes Gyula: Szakr\u00e1lis eml\u00e9kek\u2026= P\u00e1l-Antal\u2013Simon<\/br><\/p>\n","protected":false},"excerpt":{"rendered":"<p>1843, \u2020 Iszl\u00f3, 1908.: tan\u00e1r. \u2013 Feles\u00e9ge: Kom\u00e1romi Emma (Iszl\u00f3, 1858\u20131895). \u2013 Tan\u00edt\u00f3k\u00e9pezdei tan\u00e1r. Irod.: Nemes Gyula: Szakr\u00e1lis eml\u00e9kek\u2026= P\u00e1l-Antal\u2013Simon<\/p>\n","protected":false},"featured_media":0,"comment_status":"open","ping_status":"closed","template":"","meta":[],"product_brand":[],"product_cat":[137],"product_tag":[],"class_list":{"0":"post-4233","1":"product","2":"type-product","3":"status-publish","5":"product_cat-maros-megyei-eletrajzi-lexikon","7":"first","8":"instock","9":"shipping-taxable","10":"product-type-simple"},"_links":{"self":[{"href":"https:\/\/uj.adatbank.ro\/lexikon\/wp-json\/wp\/v2\/product\/4233","targetHints":{"allow":["GET"]}}],"collection":[{"href":"https:\/\/uj.adatbank.ro\/lexikon\/wp-json\/wp\/v2\/product"}],"about":[{"href":"https:\/\/uj.adatbank.ro\/lexikon\/wp-json\/wp\/v2\/types\/product"}],"replies":[{"embeddable":true,"href":"https:\/\/uj.adatbank.ro\/lexikon\/wp-json\/wp\/v2\/comments?post=4233"}],"wp:attachment":[{"href":"https:\/\/uj.adatbank.ro\/lexikon\/wp-json\/wp\/v2\/media?parent=4233"}],"wp:term":[{"taxonomy":"product_brand","embeddable":true,"href":"https:\/\/uj.adatbank.ro\/lexikon\/wp-json\/wp\/v2\/product_brand?post=4233"},{"taxonomy":"product_cat","embeddable":true,"href":"https:\/\/uj.adatbank.ro\/lexikon\/wp-json\/wp\/v2\/product_cat?post=4233"},{"taxonomy":"product_tag","embeddable":true,"href":"https:\/\/uj.adatbank.ro\/lexikon\/wp-json\/wp\/v2\/product_tag?post=4233"}],"curies":[{"name":"wp","href":"https:\/\/api.w.org\/{rel}","templated":true}]}}