{"id":4236,"date":"2025-06-28T16:33:38","date_gmt":"2025-06-28T14:33:38","guid":{"rendered":"https:\/\/uj.adatbank.ro\/lexikon\/termek\/bedo-jozsef-2\/"},"modified":"2025-06-28T16:33:38","modified_gmt":"2025-06-28T14:33:38","slug":"bedo-jozsef-2","status":"publish","type":"product","link":"https:\/\/uj.adatbank.ro\/lexikon\/termek\/bedo-jozsef-2\/","title":{"rendered":"BED\u0150 J\u00f3zsef"},"content":{"rendered":"<p>? \u2020\u00a0? : unit. lelk\u00e9sz. \u2013 Ny\u00e1r\u00e1dszentm\u00e1rtonban szolg\u00e1lt (1771\u20131805). Sokat jav\u00edtattott a templom bels\u0151n \u00e9s k\u00fclsej\u00e9n, harangot \u00f6ntetett (1797), kib\u0151v\u00edtette a karzzatot. A templom patr\u00f3nus\u00e1nak \u00e9s feles\u00e9g\u00e9nek Orbok Katalinnak eml\u00e9kt\u00e1bl\u00e1t helyeztek el. <br \/><strong>Irod.:<\/strong> Cs\u00edkfal<\/br><\/p>\n","protected":false},"excerpt":{"rendered":"<p>? \u2020\u00a0? : unit. lelk\u00e9sz. \u2013 Ny\u00e1r\u00e1dszentm\u00e1rtonban szolg\u00e1lt (1771\u20131805). Sokat jav\u00edtattott a templom bels\u0151n \u00e9s k\u00fclsej\u00e9n, harangot \u00f6ntetett (1797), kib\u0151v\u00edtette a karzzatot. A templom patr\u00f3nus\u00e1nak \u00e9s feles\u00e9g\u00e9nek Orbok Katalinnak eml\u00e9kt\u00e1bl\u00e1t helyeztek el. Irod.: Cs\u00edkfal<\/p>\n","protected":false},"featured_media":0,"comment_status":"open","ping_status":"closed","template":"","meta":[],"product_brand":[],"product_cat":[137],"product_tag":[],"class_list":{"0":"post-4236","1":"product","2":"type-product","3":"status-publish","5":"product_cat-maros-megyei-eletrajzi-lexikon","7":"first","8":"instock","9":"shipping-taxable","10":"product-type-simple"},"_links":{"self":[{"href":"https:\/\/uj.adatbank.ro\/lexikon\/wp-json\/wp\/v2\/product\/4236","targetHints":{"allow":["GET"]}}],"collection":[{"href":"https:\/\/uj.adatbank.ro\/lexikon\/wp-json\/wp\/v2\/product"}],"about":[{"href":"https:\/\/uj.adatbank.ro\/lexikon\/wp-json\/wp\/v2\/types\/product"}],"replies":[{"embeddable":true,"href":"https:\/\/uj.adatbank.ro\/lexikon\/wp-json\/wp\/v2\/comments?post=4236"}],"wp:attachment":[{"href":"https:\/\/uj.adatbank.ro\/lexikon\/wp-json\/wp\/v2\/media?parent=4236"}],"wp:term":[{"taxonomy":"product_brand","embeddable":true,"href":"https:\/\/uj.adatbank.ro\/lexikon\/wp-json\/wp\/v2\/product_brand?post=4236"},{"taxonomy":"product_cat","embeddable":true,"href":"https:\/\/uj.adatbank.ro\/lexikon\/wp-json\/wp\/v2\/product_cat?post=4236"},{"taxonomy":"product_tag","embeddable":true,"href":"https:\/\/uj.adatbank.ro\/lexikon\/wp-json\/wp\/v2\/product_tag?post=4236"}],"curies":[{"name":"wp","href":"https:\/\/api.w.org\/{rel}","templated":true}]}}