{"id":4237,"date":"2025-06-28T16:33:41","date_gmt":"2025-06-28T14:33:41","guid":{"rendered":"https:\/\/uj.adatbank.ro\/lexikon\/termek\/bedo-karolyne-straubert-maria-magdolna\/"},"modified":"2025-06-28T16:33:41","modified_gmt":"2025-06-28T14:33:41","slug":"bedo-karolyne-straubert-maria-magdolna","status":"publish","type":"product","link":"https:\/\/uj.adatbank.ro\/lexikon\/termek\/bedo-karolyne-straubert-maria-magdolna\/","title":{"rendered":"BED\u0150 K\u00e1rolyn\u00e9, Straubert M\u00e1ria Magdolna"},"content":{"rendered":"<p>Brass\u00f3, 1926., \u2020\u00a0Mv., 2007.: orvos dr. \u2013 Mv.-en v\u00e9gezte az orvosi egyetemet \u00e9rdemdiplom\u00e1val (1953). A mv.-i sz\u00fcl\u00e9szeti klinik\u00e1n dolgozott, majd a November 7. negyed k\u00f6rzeti gyermekgy\u00f3gy\u00e1sz f\u0151orvosa (1960-nyugd\u00edjaz\u00e1s\u00e1ig). <br \/><strong>Irod.:<\/strong> Kiss-P.- P<\/br><\/p>\n","protected":false},"excerpt":{"rendered":"<p>Brass\u00f3, 1926., \u2020\u00a0Mv., 2007.: orvos dr. \u2013 Mv.-en v\u00e9gezte az orvosi egyetemet \u00e9rdemdiplom\u00e1val (1953). A mv.-i sz\u00fcl\u00e9szeti klinik\u00e1n dolgozott, majd a November 7. negyed k\u00f6rzeti gyermekgy\u00f3gy\u00e1sz f\u0151orvosa (1960-nyugd\u00edjaz\u00e1s\u00e1ig). Irod.: Kiss-P.- P<\/p>\n","protected":false},"featured_media":0,"comment_status":"open","ping_status":"closed","template":"","meta":[],"product_brand":[],"product_cat":[137],"product_tag":[],"class_list":{"0":"post-4237","1":"product","2":"type-product","3":"status-publish","5":"product_cat-maros-megyei-eletrajzi-lexikon","7":"first","8":"instock","9":"shipping-taxable","10":"product-type-simple"},"_links":{"self":[{"href":"https:\/\/uj.adatbank.ro\/lexikon\/wp-json\/wp\/v2\/product\/4237","targetHints":{"allow":["GET"]}}],"collection":[{"href":"https:\/\/uj.adatbank.ro\/lexikon\/wp-json\/wp\/v2\/product"}],"about":[{"href":"https:\/\/uj.adatbank.ro\/lexikon\/wp-json\/wp\/v2\/types\/product"}],"replies":[{"embeddable":true,"href":"https:\/\/uj.adatbank.ro\/lexikon\/wp-json\/wp\/v2\/comments?post=4237"}],"wp:attachment":[{"href":"https:\/\/uj.adatbank.ro\/lexikon\/wp-json\/wp\/v2\/media?parent=4237"}],"wp:term":[{"taxonomy":"product_brand","embeddable":true,"href":"https:\/\/uj.adatbank.ro\/lexikon\/wp-json\/wp\/v2\/product_brand?post=4237"},{"taxonomy":"product_cat","embeddable":true,"href":"https:\/\/uj.adatbank.ro\/lexikon\/wp-json\/wp\/v2\/product_cat?post=4237"},{"taxonomy":"product_tag","embeddable":true,"href":"https:\/\/uj.adatbank.ro\/lexikon\/wp-json\/wp\/v2\/product_tag?post=4237"}],"curies":[{"name":"wp","href":"https:\/\/api.w.org\/{rel}","templated":true}]}}