{"id":4238,"date":"2025-06-28T16:33:47","date_gmt":"2025-06-28T14:33:47","guid":{"rendered":"https:\/\/uj.adatbank.ro\/lexikon\/termek\/bedo-mate\/"},"modified":"2025-06-28T16:33:47","modified_gmt":"2025-06-28T14:33:47","slug":"bedo-mate","status":"publish","type":"product","link":"https:\/\/uj.adatbank.ro\/lexikon\/termek\/bedo-mate\/","title":{"rendered":"BED\u0150 M\u00e1t\u00e9"},"content":{"rendered":"<p>? \u2020\u00a0? : tan\u00edt\u00f3. \u2013 Subscrib\u00e1lt Sz\u00e9kelyudvarhelyen (1732) \u00e9s Nagyenyeden (1738). Tan\u00edtott K\u00fck\u00fcll\u0151v\u00e1ron (1742\u201347), K\u00fck\u00fcll\u0151alm\u00e1son (1752\u201359), K\u00fck\u00fcll\u0151p\u00f3csfalv\u00e1n (1760\u201362) \u00e9s Magyarherep\u00e9n (1762\u201379). <br \/><strong>Irod.:<\/strong> K\u00fck\u00fcll\u0151i Ref. Egyh\u00e1zm. 1., 2., 3.<\/br><\/p>\n","protected":false},"excerpt":{"rendered":"<p>? \u2020\u00a0? : tan\u00edt\u00f3. \u2013 Subscrib\u00e1lt Sz\u00e9kelyudvarhelyen (1732) \u00e9s Nagyenyeden (1738). Tan\u00edtott K\u00fck\u00fcll\u0151v\u00e1ron (1742\u201347), K\u00fck\u00fcll\u0151alm\u00e1son (1752\u201359), K\u00fck\u00fcll\u0151p\u00f3csfalv\u00e1n (1760\u201362) \u00e9s Magyarherep\u00e9n (1762\u201379). Irod.: K\u00fck\u00fcll\u0151i Ref. Egyh\u00e1zm. 1., 2., 3.<\/p>\n","protected":false},"featured_media":0,"comment_status":"open","ping_status":"closed","template":"","meta":[],"product_brand":[],"product_cat":[137],"product_tag":[],"class_list":{"0":"post-4238","1":"product","2":"type-product","3":"status-publish","5":"product_cat-maros-megyei-eletrajzi-lexikon","7":"first","8":"instock","9":"shipping-taxable","10":"product-type-simple"},"_links":{"self":[{"href":"https:\/\/uj.adatbank.ro\/lexikon\/wp-json\/wp\/v2\/product\/4238","targetHints":{"allow":["GET"]}}],"collection":[{"href":"https:\/\/uj.adatbank.ro\/lexikon\/wp-json\/wp\/v2\/product"}],"about":[{"href":"https:\/\/uj.adatbank.ro\/lexikon\/wp-json\/wp\/v2\/types\/product"}],"replies":[{"embeddable":true,"href":"https:\/\/uj.adatbank.ro\/lexikon\/wp-json\/wp\/v2\/comments?post=4238"}],"wp:attachment":[{"href":"https:\/\/uj.adatbank.ro\/lexikon\/wp-json\/wp\/v2\/media?parent=4238"}],"wp:term":[{"taxonomy":"product_brand","embeddable":true,"href":"https:\/\/uj.adatbank.ro\/lexikon\/wp-json\/wp\/v2\/product_brand?post=4238"},{"taxonomy":"product_cat","embeddable":true,"href":"https:\/\/uj.adatbank.ro\/lexikon\/wp-json\/wp\/v2\/product_cat?post=4238"},{"taxonomy":"product_tag","embeddable":true,"href":"https:\/\/uj.adatbank.ro\/lexikon\/wp-json\/wp\/v2\/product_tag?post=4238"}],"curies":[{"name":"wp","href":"https:\/\/api.w.org\/{rel}","templated":true}]}}