{"id":4247,"date":"2025-06-28T16:34:15","date_gmt":"2025-06-28T14:34:15","guid":{"rendered":"https:\/\/uj.adatbank.ro\/lexikon\/termek\/beer-fiverek\/"},"modified":"2025-06-28T16:34:15","modified_gmt":"2025-06-28T14:34:15","slug":"beer-fiverek","status":"publish","type":"product","link":"https:\/\/uj.adatbank.ro\/lexikon\/termek\/beer-fiverek\/","title":{"rendered":"BEER fiv\u00e9rek"},"content":{"rendered":"<p>? \u2020\u00a0? : gy\u00e1rosok. \u2013 Mv.-en ecetgy\u00e1ruk volt, amely le\u00e9gett (1887. febr. 25). A BEER-h\u00e1z, Segesv\u00e1ron \u00e9p\u00fclt a 18. sz. \u2013 19. sz.-ban, az \u201eA\u201d kateg\u00f3ri\u00e1ba tartoz\u00f3 m\u0171eml\u00e9k (Morii u. 27.) <br \/><strong>Irod.:<\/strong> Id\u0151t\u00e1r 2; Valori mure\u015fene de patrimoniu<\/br><\/p>\n","protected":false},"excerpt":{"rendered":"<p>? \u2020\u00a0? : gy\u00e1rosok. \u2013 Mv.-en ecetgy\u00e1ruk volt, amely le\u00e9gett (1887. febr. 25). A BEER-h\u00e1z, Segesv\u00e1ron \u00e9p\u00fclt a 18. sz. \u2013 19. sz.-ban, az \u201eA\u201d kateg\u00f3ri\u00e1ba tartoz\u00f3 m\u0171eml\u00e9k (Morii u. 27.) Irod.: Id\u0151t\u00e1r 2; Valori mure\u015fene de patrimoniu<\/p>\n","protected":false},"featured_media":0,"comment_status":"open","ping_status":"closed","template":"","meta":[],"product_brand":[],"product_cat":[137],"product_tag":[],"class_list":{"0":"post-4247","1":"product","2":"type-product","3":"status-publish","5":"product_cat-maros-megyei-eletrajzi-lexikon","7":"first","8":"instock","9":"shipping-taxable","10":"product-type-simple"},"_links":{"self":[{"href":"https:\/\/uj.adatbank.ro\/lexikon\/wp-json\/wp\/v2\/product\/4247","targetHints":{"allow":["GET"]}}],"collection":[{"href":"https:\/\/uj.adatbank.ro\/lexikon\/wp-json\/wp\/v2\/product"}],"about":[{"href":"https:\/\/uj.adatbank.ro\/lexikon\/wp-json\/wp\/v2\/types\/product"}],"replies":[{"embeddable":true,"href":"https:\/\/uj.adatbank.ro\/lexikon\/wp-json\/wp\/v2\/comments?post=4247"}],"wp:attachment":[{"href":"https:\/\/uj.adatbank.ro\/lexikon\/wp-json\/wp\/v2\/media?parent=4247"}],"wp:term":[{"taxonomy":"product_brand","embeddable":true,"href":"https:\/\/uj.adatbank.ro\/lexikon\/wp-json\/wp\/v2\/product_brand?post=4247"},{"taxonomy":"product_cat","embeddable":true,"href":"https:\/\/uj.adatbank.ro\/lexikon\/wp-json\/wp\/v2\/product_cat?post=4247"},{"taxonomy":"product_tag","embeddable":true,"href":"https:\/\/uj.adatbank.ro\/lexikon\/wp-json\/wp\/v2\/product_tag?post=4247"}],"curies":[{"name":"wp","href":"https:\/\/api.w.org\/{rel}","templated":true}]}}