{"id":4248,"date":"2025-06-28T16:34:18","date_gmt":"2025-06-28T14:34:18","guid":{"rendered":"https:\/\/uj.adatbank.ro\/lexikon\/termek\/beer-gyorgy\/"},"modified":"2025-06-28T16:34:18","modified_gmt":"2025-06-28T14:34:18","slug":"beer-gyorgy","status":"publish","type":"product","link":"https:\/\/uj.adatbank.ro\/lexikon\/termek\/beer-gyorgy\/","title":{"rendered":"BEER Gy\u00f6rgy"},"content":{"rendered":"<p>? \u2020\u00a0? : segesv\u00e1ri ki\u00e1ll\u00edt\u00f3, kit\u00fcntetett. <br \/><strong>Irod.:<\/strong> Az 1885 \u00e9vi bp.-i Orsz\u00e1gos \u00c1ltal\u00e1nos Ki\u00e1ll\u00edt\u00e1s (Bp., 1885)<\/br><\/p>\n","protected":false},"excerpt":{"rendered":"<p>? \u2020\u00a0? : segesv\u00e1ri ki\u00e1ll\u00edt\u00f3, kit\u00fcntetett. Irod.: Az 1885 \u00e9vi bp.-i Orsz\u00e1gos \u00c1ltal\u00e1nos Ki\u00e1ll\u00edt\u00e1s (Bp., 1885)<\/p>\n","protected":false},"featured_media":0,"comment_status":"open","ping_status":"closed","template":"","meta":[],"product_brand":[],"product_cat":[137],"product_tag":[],"class_list":{"0":"post-4248","1":"product","2":"type-product","3":"status-publish","5":"product_cat-maros-megyei-eletrajzi-lexikon","7":"first","8":"instock","9":"shipping-taxable","10":"product-type-simple"},"_links":{"self":[{"href":"https:\/\/uj.adatbank.ro\/lexikon\/wp-json\/wp\/v2\/product\/4248","targetHints":{"allow":["GET"]}}],"collection":[{"href":"https:\/\/uj.adatbank.ro\/lexikon\/wp-json\/wp\/v2\/product"}],"about":[{"href":"https:\/\/uj.adatbank.ro\/lexikon\/wp-json\/wp\/v2\/types\/product"}],"replies":[{"embeddable":true,"href":"https:\/\/uj.adatbank.ro\/lexikon\/wp-json\/wp\/v2\/comments?post=4248"}],"wp:attachment":[{"href":"https:\/\/uj.adatbank.ro\/lexikon\/wp-json\/wp\/v2\/media?parent=4248"}],"wp:term":[{"taxonomy":"product_brand","embeddable":true,"href":"https:\/\/uj.adatbank.ro\/lexikon\/wp-json\/wp\/v2\/product_brand?post=4248"},{"taxonomy":"product_cat","embeddable":true,"href":"https:\/\/uj.adatbank.ro\/lexikon\/wp-json\/wp\/v2\/product_cat?post=4248"},{"taxonomy":"product_tag","embeddable":true,"href":"https:\/\/uj.adatbank.ro\/lexikon\/wp-json\/wp\/v2\/product_tag?post=4248"}],"curies":[{"name":"wp","href":"https:\/\/api.w.org\/{rel}","templated":true}]}}