{"id":4257,"date":"2025-06-28T16:34:46","date_gmt":"2025-06-28T14:34:46","guid":{"rendered":"https:\/\/uj.adatbank.ro\/lexikon\/termek\/beke-gyorgy-szentgyorgyi\/"},"modified":"2025-06-28T16:34:46","modified_gmt":"2025-06-28T14:34:46","slug":"beke-gyorgy-szentgyorgyi","status":"publish","type":"product","link":"https:\/\/uj.adatbank.ro\/lexikon\/termek\/beke-gyorgy-szentgyorgyi\/","title":{"rendered":"BEKE Gy\u00f6rgy, szentgy\u00f6rgyi"},"content":{"rendered":"<p>Sepsiszentgy\u00f6rgy, ? \u2020\u00a0? : tan\u00edt\u00f3, ref. lelk\u00e9sz. \u2013 Kv.-on Ap\u00e1czai mellett tan\u00edtott. Nagyenyeden subscrib\u00e1lt (1663). Fogarason volt rektor (1664\u201366). Leidenben tanult (1666\u201369). A mv.-i koll. rektora (1670-\u201372), Bethlenszentmikl\u00f3son (1672\u2013), H\u00e9derf\u00e1j\u00e1n (1677\u201378) \u00e9s Mv.-en volt lelk\u00e9sz (1678\u201389). <br \/><strong>Irod.:<\/strong> K\u00fck\u00fcll\u0151i Ref. Egyh\u00e1zm. 2., P\u00e1l-Antal 2009<\/br><\/p>\n","protected":false},"excerpt":{"rendered":"<p>Sepsiszentgy\u00f6rgy, ? \u2020\u00a0? : tan\u00edt\u00f3, ref. lelk\u00e9sz. \u2013 Kv.-on Ap\u00e1czai mellett tan\u00edtott. Nagyenyeden subscrib\u00e1lt (1663). Fogarason volt rektor (1664\u201366). Leidenben tanult (1666\u201369). A mv.-i koll. rektora (1670-\u201372), Bethlenszentmikl\u00f3son (1672\u2013), H\u00e9derf\u00e1j\u00e1n (1677\u201378) \u00e9s Mv.-en volt lelk\u00e9sz (1678\u201389). Irod.: K\u00fck\u00fcll\u0151i Ref. Egyh\u00e1zm. 2., P\u00e1l-Antal 2009<\/p>\n","protected":false},"featured_media":0,"comment_status":"open","ping_status":"closed","template":"","meta":[],"product_brand":[],"product_cat":[137],"product_tag":[],"class_list":{"0":"post-4257","1":"product","2":"type-product","3":"status-publish","5":"product_cat-maros-megyei-eletrajzi-lexikon","7":"first","8":"instock","9":"shipping-taxable","10":"product-type-simple"},"_links":{"self":[{"href":"https:\/\/uj.adatbank.ro\/lexikon\/wp-json\/wp\/v2\/product\/4257","targetHints":{"allow":["GET"]}}],"collection":[{"href":"https:\/\/uj.adatbank.ro\/lexikon\/wp-json\/wp\/v2\/product"}],"about":[{"href":"https:\/\/uj.adatbank.ro\/lexikon\/wp-json\/wp\/v2\/types\/product"}],"replies":[{"embeddable":true,"href":"https:\/\/uj.adatbank.ro\/lexikon\/wp-json\/wp\/v2\/comments?post=4257"}],"wp:attachment":[{"href":"https:\/\/uj.adatbank.ro\/lexikon\/wp-json\/wp\/v2\/media?parent=4257"}],"wp:term":[{"taxonomy":"product_brand","embeddable":true,"href":"https:\/\/uj.adatbank.ro\/lexikon\/wp-json\/wp\/v2\/product_brand?post=4257"},{"taxonomy":"product_cat","embeddable":true,"href":"https:\/\/uj.adatbank.ro\/lexikon\/wp-json\/wp\/v2\/product_cat?post=4257"},{"taxonomy":"product_tag","embeddable":true,"href":"https:\/\/uj.adatbank.ro\/lexikon\/wp-json\/wp\/v2\/product_tag?post=4257"}],"curies":[{"name":"wp","href":"https:\/\/api.w.org\/{rel}","templated":true}]}}