{"id":4258,"date":"2025-06-28T16:34:48","date_gmt":"2025-06-28T14:34:48","guid":{"rendered":"https:\/\/uj.adatbank.ro\/lexikon\/termek\/beke-janos\/"},"modified":"2025-06-28T16:34:48","modified_gmt":"2025-06-28T14:34:48","slug":"beke-janos","status":"publish","type":"product","link":"https:\/\/uj.adatbank.ro\/lexikon\/termek\/beke-janos\/","title":{"rendered":"BEKE J\u00e1nos"},"content":{"rendered":"<p>1929 \u2020 Mv., 2010 : orvos. \u2013 Feles\u00e9ge: Kiss Judit (1935\u20132009), fi\u00fak: ifj. Beke J\u00e1nos (Marosludas, 1963 \u2013 Gyimesfels\u0151lok, 2004), orvos. \u2013 Marosugr\u00e1n sz\u00fcletett. Mv.-en a R. K. F\u0151gimn.-ban \u00e9retts\u00e9gizett (1947), a MOGYI orvoskar\u00e1n v\u00e9gzett (1955). Orvos Beszterce megy\u00e9ben, majd Marosludason k\u00f6rzeti orvos (1957\u2013), a fert\u0151z\u0151 betegek szakorvosa nyugd\u00edjaz\u00e1s\u00e1ig (1971\u20131992). A mv.-i katolikus gimn\u00e1zium visszaszerz\u00e9s\u00e9\u00e9rt t\u00f6bbedmag\u00e1val k\u00fczd\u00f6tt. <br \/><strong>Irod.:<\/strong> Kiss-P- P<\/br><\/p>\n","protected":false},"excerpt":{"rendered":"<p>1929 \u2020 Mv., 2010 : orvos. \u2013 Feles\u00e9ge: Kiss Judit (1935\u20132009), fi\u00fak: ifj. Beke J\u00e1nos (Marosludas, 1963 \u2013 Gyimesfels\u0151lok, 2004), orvos. \u2013 Marosugr\u00e1n sz\u00fcletett. Mv.-en a R. K. F\u0151gimn.-ban \u00e9retts\u00e9gizett (1947), a MOGYI orvoskar\u00e1n v\u00e9gzett (1955). Orvos Beszterce megy\u00e9ben, majd Marosludason k\u00f6rzeti orvos (1957\u2013), a fert\u0151z\u0151 betegek szakorvosa nyugd\u00edjaz\u00e1s\u00e1ig (1971\u20131992). A mv.-i katolikus gimn\u00e1zium visszaszerz\u00e9s\u00e9\u00e9rt [&hellip;]<\/p>\n","protected":false},"featured_media":0,"comment_status":"open","ping_status":"closed","template":"","meta":[],"product_brand":[],"product_cat":[137],"product_tag":[],"class_list":{"0":"post-4258","1":"product","2":"type-product","3":"status-publish","5":"product_cat-maros-megyei-eletrajzi-lexikon","7":"first","8":"instock","9":"shipping-taxable","10":"product-type-simple"},"_links":{"self":[{"href":"https:\/\/uj.adatbank.ro\/lexikon\/wp-json\/wp\/v2\/product\/4258","targetHints":{"allow":["GET"]}}],"collection":[{"href":"https:\/\/uj.adatbank.ro\/lexikon\/wp-json\/wp\/v2\/product"}],"about":[{"href":"https:\/\/uj.adatbank.ro\/lexikon\/wp-json\/wp\/v2\/types\/product"}],"replies":[{"embeddable":true,"href":"https:\/\/uj.adatbank.ro\/lexikon\/wp-json\/wp\/v2\/comments?post=4258"}],"wp:attachment":[{"href":"https:\/\/uj.adatbank.ro\/lexikon\/wp-json\/wp\/v2\/media?parent=4258"}],"wp:term":[{"taxonomy":"product_brand","embeddable":true,"href":"https:\/\/uj.adatbank.ro\/lexikon\/wp-json\/wp\/v2\/product_brand?post=4258"},{"taxonomy":"product_cat","embeddable":true,"href":"https:\/\/uj.adatbank.ro\/lexikon\/wp-json\/wp\/v2\/product_cat?post=4258"},{"taxonomy":"product_tag","embeddable":true,"href":"https:\/\/uj.adatbank.ro\/lexikon\/wp-json\/wp\/v2\/product_tag?post=4258"}],"curies":[{"name":"wp","href":"https:\/\/api.w.org\/{rel}","templated":true}]}}