{"id":4262,"date":"2025-06-28T16:35:03","date_gmt":"2025-06-28T14:35:03","guid":{"rendered":"https:\/\/uj.adatbank.ro\/lexikon\/termek\/bekes-gaspar-%c2%a7-kornyati-bekes-gaspar-bekesi-gaspar\/"},"modified":"2025-06-28T16:35:03","modified_gmt":"2025-06-28T14:35:03","slug":"bekes-gaspar-%c2%a7-kornyati-bekes-gaspar-bekesi-gaspar","status":"publish","type":"product","link":"https:\/\/uj.adatbank.ro\/lexikon\/termek\/bekes-gaspar-%c2%a7-kornyati-bekes-gaspar-bekesi-gaspar\/","title":{"rendered":"BEKES G\u00e1sp\u00e1r, \u00a7 korny\u00e1ti, B\u00e9kes G\u00e1sp\u00e1r, B\u00e9k\u00e9si G\u00e1sp\u00e1r"},"content":{"rendered":"<p>1520., \u2020\u00a0Grodn\u00f3 (Lengyelo.), 1579. nov. 7.: fejedelmi f\u0151kamar\u00e1s, tan\u00e1csos, kincst\u00e1ros, hadvez\u00e9r, f\u0151isp\u00e1n. \u2013 B. L\u00e1szl\u00f3 tan\u00e1csos \u00e9s D\u00e9si Anna fia. Megn\u0151s\u00fclt (1567. nov. 30.). Feles\u00e9ge: 1. Harinai Anna, H. Farkas le\u00e1nya (\u2020 1573), fi\u00fak: L\u00e1szl\u00f3; 2. S\u00e1rk\u00e1ndy Anna, fi\u00fak: G\u00e1bor. \u2013 Rom\u00e1n sz\u00e1rmaz\u00e1s\u00fa b\u00e1ns\u00e1gi nemes. J\u00e1nos Zsigmond bizalmi embere, komornyikja, tan\u00e1csosa, kincstart\u00f3 (1567\u201371). Tronk\u00f6vetel\u0151 volt B\u00e1thori Istv\u00e1n ellen\u00e9ben, de alulmaradt a kerel\u0151szentp\u00e1li csat\u00e1ban (1575. j\u00fal. 10.), k\u00e9s\u0151bb kib\u00e9k\u00fclt a lengyel kir\u00e1lynak v\u00e1lasztott B\u00e1thorival, \u00e9s a lengyelorsz\u00e1gi lovashadak f\u0151vez\u00e9re lett. Betegen \u00edrt v\u00e9grendelet\u00e9b\u0151l (1579. nov. 1.) tudhat\u00f3, hogy Fogaras v\u00e1ra \u00e9s uradalma (1567 \u2013), G\u00f6rg\u00e9ny v\u00e1ra (1557. j\u00fan. 21.) \u00e9s a hozz\u00e1 tartoz\u00f3 birtokok (G\u00f6rg\u00e9nyszentimre, K\u00e1sva, Hod\u00e1k, Lib\u00e1nfalva, Orsova, Kincses, Als\u00f3- \u00e9s Fels\u0151oroszi, Als\u00f3- \u00e9s Fels\u0151kih\u00e9r, Soroph\u00e1za, Szentmih\u00e1lytelke, Kakuts, Ol\u00e1- \u00e9s Magyarb\u00f6lk\u00e9ny, Ol\u00e1h- \u00e9s Magyartelek, H\u00e9tb\u00fckk, P\u00e9terlaka, K\u00f6rtv\u00e9lyf\u00e1ja, Petele, Radn\u00f3tf\u00e1ja, Nagy- \u00e9s Kisoroszfalu, Szentm\u00e1rton), voltak a tulajdon\u00e1ba. G\u00f6rg\u00e9ny v\u00e1r\u00e1t \u00e9s birtokait, valamint m\u00e9g h\u00e9t falut, ezek: Jobb\u00e1gytelke, Hodos, Ehed, Dem\u00e9nyh\u00e1za, Mikh\u00e1za, K\u00f6szv\u00e9nyes, Remete adom\u00e1nyk\u00e9nt kapta J\u00e1nos Zsigmondt\u00f3l, 25 ezer m. forint z\u00e1log fej\u00e9ben, a segesv\u00e1ri ogy.-en (1562. j\u00fal. 29). <br \/><strong>Irod.:<\/strong> Aranka Gy\u00f6rgy; Dem\u00e9ny Lajos: Marossz\u00e9k \u00e9s a fejedelmi sz\u00e9kely politika (1595\u20131629) = P\u00e1l-Antal \u2013 Szab\u00f3 1.; Erd\u00e9lyi testamentumok 2.; Horn Ildik\u00f3: Erd\u00e9lyi unit. 16. sz.; Jakab; Kraus: Erd\u00e9lyi kr\u00f3nika; Magyarok \u00e9letrajzai (Pest, 1857\u201359); Magyarf\u00fclp\u00f6s; Pesty 2014; Utaz\u00e1sok a r\u00e9gi Eur\u00f3p\u00e1ban (Buk., 1976)<\/br><\/p>\n","protected":false},"excerpt":{"rendered":"<p>1520., \u2020\u00a0Grodn\u00f3 (Lengyelo.), 1579. nov. 7.: fejedelmi f\u0151kamar\u00e1s, tan\u00e1csos, kincst\u00e1ros, hadvez\u00e9r, f\u0151isp\u00e1n. \u2013 B. L\u00e1szl\u00f3 tan\u00e1csos \u00e9s D\u00e9si Anna fia. Megn\u0151s\u00fclt (1567. nov. 30.). Feles\u00e9ge: 1. Harinai Anna, H. Farkas le\u00e1nya (\u2020 1573), fi\u00fak: L\u00e1szl\u00f3; 2. S\u00e1rk\u00e1ndy Anna, fi\u00fak: G\u00e1bor. \u2013 Rom\u00e1n sz\u00e1rmaz\u00e1s\u00fa b\u00e1ns\u00e1gi nemes. J\u00e1nos Zsigmond bizalmi embere, komornyikja, tan\u00e1csosa, kincstart\u00f3 (1567\u201371). Tronk\u00f6vetel\u0151 volt [&hellip;]<\/p>\n","protected":false},"featured_media":0,"comment_status":"open","ping_status":"closed","template":"","meta":[],"product_brand":[],"product_cat":[137],"product_tag":[],"class_list":{"0":"post-4262","1":"product","2":"type-product","3":"status-publish","5":"product_cat-maros-megyei-eletrajzi-lexikon","7":"first","8":"instock","9":"shipping-taxable","10":"product-type-simple"},"_links":{"self":[{"href":"https:\/\/uj.adatbank.ro\/lexikon\/wp-json\/wp\/v2\/product\/4262","targetHints":{"allow":["GET"]}}],"collection":[{"href":"https:\/\/uj.adatbank.ro\/lexikon\/wp-json\/wp\/v2\/product"}],"about":[{"href":"https:\/\/uj.adatbank.ro\/lexikon\/wp-json\/wp\/v2\/types\/product"}],"replies":[{"embeddable":true,"href":"https:\/\/uj.adatbank.ro\/lexikon\/wp-json\/wp\/v2\/comments?post=4262"}],"wp:attachment":[{"href":"https:\/\/uj.adatbank.ro\/lexikon\/wp-json\/wp\/v2\/media?parent=4262"}],"wp:term":[{"taxonomy":"product_brand","embeddable":true,"href":"https:\/\/uj.adatbank.ro\/lexikon\/wp-json\/wp\/v2\/product_brand?post=4262"},{"taxonomy":"product_cat","embeddable":true,"href":"https:\/\/uj.adatbank.ro\/lexikon\/wp-json\/wp\/v2\/product_cat?post=4262"},{"taxonomy":"product_tag","embeddable":true,"href":"https:\/\/uj.adatbank.ro\/lexikon\/wp-json\/wp\/v2\/product_tag?post=4262"}],"curies":[{"name":"wp","href":"https:\/\/api.w.org\/{rel}","templated":true}]}}