{"id":4263,"date":"2025-06-28T16:35:07","date_gmt":"2025-06-28T14:35:07","guid":{"rendered":"https:\/\/uj.adatbank.ro\/lexikon\/termek\/bekesi-janos-marosvasarhelyi\/"},"modified":"2025-06-28T16:35:07","modified_gmt":"2025-06-28T14:35:07","slug":"bekesi-janos-marosvasarhelyi","status":"publish","type":"product","link":"https:\/\/uj.adatbank.ro\/lexikon\/termek\/bekesi-janos-marosvasarhelyi\/","title":{"rendered":"B\u00c9K\u00c9SI J\u00e1nos, marosv\u00e1s\u00e1rhelyi"},"content":{"rendered":"<p>? \u2020\u00a0? : nemes. \u2013 Feles\u00e9ge: Borsos Judit. Fi\u00fak: B\u00e9k\u00e9si Istv\u00e1n. \u2013 B\u00e1thori G\u00e1bor h\u0171s\u00e9ges szolg\u00e1latai\u00e9rt \u00fajra megnemes\u00edtette ns. B. J. (de Marus Wasarhely) \u00e9s \u00e1ltala feles\u00e9g\u00e9t \u00e9s fi\u00e1t (Gyulafeh\u00e9rv\u00e1r, 1610. m\u00e1j. 20). Nagyobb b\u0151kez\u0171s\u00e9g ok\u00e1\u00e9rt h\u00e1zait Mv.-en a Szent-Gy\u00f6rgy utcz\u00e1ban, egyiket Czikor Gy\u00f6rgy \u00e9s K\u00e1d\u00e1r Tam\u00e1s \u00f6zvegye, a m\u00e1sikat Nagy Mikl\u00f3s \u00e9s Ny\u00edr\u0151 Andr\u00e1s h\u00e1za szomsz\u00e9ds\u00e1g\u00e1ban, minden k\u00f6ztehert\u0151l mentes\u00edtette. <br \/><strong>Irod.:<\/strong> Kempelen; MCK; S\u00e1ndor Imre; SzOkl, 6.<\/br><\/p>\n","protected":false},"excerpt":{"rendered":"<p>? \u2020\u00a0? : nemes. \u2013 Feles\u00e9ge: Borsos Judit. Fi\u00fak: B\u00e9k\u00e9si Istv\u00e1n. \u2013 B\u00e1thori G\u00e1bor h\u0171s\u00e9ges szolg\u00e1latai\u00e9rt \u00fajra megnemes\u00edtette ns. B. J. (de Marus Wasarhely) \u00e9s \u00e1ltala feles\u00e9g\u00e9t \u00e9s fi\u00e1t (Gyulafeh\u00e9rv\u00e1r, 1610. m\u00e1j. 20). Nagyobb b\u0151kez\u0171s\u00e9g ok\u00e1\u00e9rt h\u00e1zait Mv.-en a Szent-Gy\u00f6rgy utcz\u00e1ban, egyiket Czikor Gy\u00f6rgy \u00e9s K\u00e1d\u00e1r Tam\u00e1s \u00f6zvegye, a m\u00e1sikat Nagy Mikl\u00f3s \u00e9s Ny\u00edr\u0151 Andr\u00e1s [&hellip;]<\/p>\n","protected":false},"featured_media":0,"comment_status":"open","ping_status":"closed","template":"","meta":[],"product_brand":[],"product_cat":[137],"product_tag":[],"class_list":{"0":"post-4263","1":"product","2":"type-product","3":"status-publish","5":"product_cat-maros-megyei-eletrajzi-lexikon","7":"first","8":"instock","9":"shipping-taxable","10":"product-type-simple"},"_links":{"self":[{"href":"https:\/\/uj.adatbank.ro\/lexikon\/wp-json\/wp\/v2\/product\/4263","targetHints":{"allow":["GET"]}}],"collection":[{"href":"https:\/\/uj.adatbank.ro\/lexikon\/wp-json\/wp\/v2\/product"}],"about":[{"href":"https:\/\/uj.adatbank.ro\/lexikon\/wp-json\/wp\/v2\/types\/product"}],"replies":[{"embeddable":true,"href":"https:\/\/uj.adatbank.ro\/lexikon\/wp-json\/wp\/v2\/comments?post=4263"}],"wp:attachment":[{"href":"https:\/\/uj.adatbank.ro\/lexikon\/wp-json\/wp\/v2\/media?parent=4263"}],"wp:term":[{"taxonomy":"product_brand","embeddable":true,"href":"https:\/\/uj.adatbank.ro\/lexikon\/wp-json\/wp\/v2\/product_brand?post=4263"},{"taxonomy":"product_cat","embeddable":true,"href":"https:\/\/uj.adatbank.ro\/lexikon\/wp-json\/wp\/v2\/product_cat?post=4263"},{"taxonomy":"product_tag","embeddable":true,"href":"https:\/\/uj.adatbank.ro\/lexikon\/wp-json\/wp\/v2\/product_tag?post=4263"}],"curies":[{"name":"wp","href":"https:\/\/api.w.org\/{rel}","templated":true}]}}