{"id":4264,"date":"2025-06-28T16:35:10","date_gmt":"2025-06-28T14:35:10","guid":{"rendered":"https:\/\/uj.adatbank.ro\/lexikon\/termek\/bekesi-jozsef\/"},"modified":"2025-06-28T16:35:10","modified_gmt":"2025-06-28T14:35:10","slug":"bekesi-jozsef","status":"publish","type":"product","link":"https:\/\/uj.adatbank.ro\/lexikon\/termek\/bekesi-jozsef\/","title":{"rendered":"B\u00c9K\u00c9SI J\u00f3zsef"},"content":{"rendered":"<p>Bp., 1887. okt. 4., \u2020 ? : sz\u00edn\u00e9sz. \u2013 Mv.-en \u00e9s Brass\u00f3ban l\u00e9pett fel Szab\u00f3 P\u00e1l t\u00e1rsulat\u00e1val (1920). <br \/><strong>Irod.:<\/strong> K\u00f6t\u0151<\/br><\/p>\n","protected":false},"excerpt":{"rendered":"<p>Bp., 1887. okt. 4., \u2020 ? : sz\u00edn\u00e9sz. \u2013 Mv.-en \u00e9s Brass\u00f3ban l\u00e9pett fel Szab\u00f3 P\u00e1l t\u00e1rsulat\u00e1val (1920). Irod.: K\u00f6t\u0151<\/p>\n","protected":false},"featured_media":0,"comment_status":"open","ping_status":"closed","template":"","meta":[],"product_brand":[],"product_cat":[137],"product_tag":[],"class_list":{"0":"post-4264","1":"product","2":"type-product","3":"status-publish","5":"product_cat-maros-megyei-eletrajzi-lexikon","7":"first","8":"instock","9":"shipping-taxable","10":"product-type-simple"},"_links":{"self":[{"href":"https:\/\/uj.adatbank.ro\/lexikon\/wp-json\/wp\/v2\/product\/4264","targetHints":{"allow":["GET"]}}],"collection":[{"href":"https:\/\/uj.adatbank.ro\/lexikon\/wp-json\/wp\/v2\/product"}],"about":[{"href":"https:\/\/uj.adatbank.ro\/lexikon\/wp-json\/wp\/v2\/types\/product"}],"replies":[{"embeddable":true,"href":"https:\/\/uj.adatbank.ro\/lexikon\/wp-json\/wp\/v2\/comments?post=4264"}],"wp:attachment":[{"href":"https:\/\/uj.adatbank.ro\/lexikon\/wp-json\/wp\/v2\/media?parent=4264"}],"wp:term":[{"taxonomy":"product_brand","embeddable":true,"href":"https:\/\/uj.adatbank.ro\/lexikon\/wp-json\/wp\/v2\/product_brand?post=4264"},{"taxonomy":"product_cat","embeddable":true,"href":"https:\/\/uj.adatbank.ro\/lexikon\/wp-json\/wp\/v2\/product_cat?post=4264"},{"taxonomy":"product_tag","embeddable":true,"href":"https:\/\/uj.adatbank.ro\/lexikon\/wp-json\/wp\/v2\/product_tag?post=4264"}],"curies":[{"name":"wp","href":"https:\/\/api.w.org\/{rel}","templated":true}]}}