{"id":4266,"date":"2025-06-28T16:35:17","date_gmt":"2025-06-28T14:35:17","guid":{"rendered":"https:\/\/uj.adatbank.ro\/lexikon\/termek\/bela-istvan-b\/"},"modified":"2025-06-28T16:35:17","modified_gmt":"2025-06-28T14:35:17","slug":"bela-istvan-b","status":"publish","type":"product","link":"https:\/\/uj.adatbank.ro\/lexikon\/termek\/bela-istvan-b\/","title":{"rendered":"B\u00c9LA Istv\u00e1n, B."},"content":{"rendered":"<p>\u2020\u00a0? : v\u00e1rosi f\u0151jegyz\u0151, ogy.-i k\u00f6vet. \u2013. Mv. v\u00e1rosi tan\u00e1cs\u00e1ba v\u00e1lasztott\u00e1k katolikus r\u00e9szr\u0151l (1758, 1760), ezut\u00e1n a v\u00e1ros protocollumait nagy hozz\u00e1\u00e9rt\u00e9ssel \u00e9s odaad\u00e1ssal vezette. Mv. k\u00f6vete az erd\u00e9lyi ogy.-en (1759), v\u00e1rosgazda (1763). <br \/><strong>Irod.:<\/strong> Id\u0151t\u00e1r 1; Kr\u00f3n. F\u00fcz. (1939. 4\/9); MCK; P\u00e1l-Antal 2006; P\u00e1l-Antal 2009<\/br><\/p>\n","protected":false},"excerpt":{"rendered":"<p>\u2020\u00a0? : v\u00e1rosi f\u0151jegyz\u0151, ogy.-i k\u00f6vet. \u2013. Mv. v\u00e1rosi tan\u00e1cs\u00e1ba v\u00e1lasztott\u00e1k katolikus r\u00e9szr\u0151l (1758, 1760), ezut\u00e1n a v\u00e1ros protocollumait nagy hozz\u00e1\u00e9rt\u00e9ssel \u00e9s odaad\u00e1ssal vezette. Mv. k\u00f6vete az erd\u00e9lyi ogy.-en (1759), v\u00e1rosgazda (1763). Irod.: Id\u0151t\u00e1r 1; Kr\u00f3n. F\u00fcz. (1939. 4\/9); MCK; P\u00e1l-Antal 2006; P\u00e1l-Antal 2009<\/p>\n","protected":false},"featured_media":0,"comment_status":"open","ping_status":"closed","template":"","meta":[],"product_brand":[],"product_cat":[137],"product_tag":[],"class_list":{"0":"post-4266","1":"product","2":"type-product","3":"status-publish","5":"product_cat-maros-megyei-eletrajzi-lexikon","7":"first","8":"instock","9":"shipping-taxable","10":"product-type-simple"},"_links":{"self":[{"href":"https:\/\/uj.adatbank.ro\/lexikon\/wp-json\/wp\/v2\/product\/4266","targetHints":{"allow":["GET"]}}],"collection":[{"href":"https:\/\/uj.adatbank.ro\/lexikon\/wp-json\/wp\/v2\/product"}],"about":[{"href":"https:\/\/uj.adatbank.ro\/lexikon\/wp-json\/wp\/v2\/types\/product"}],"replies":[{"embeddable":true,"href":"https:\/\/uj.adatbank.ro\/lexikon\/wp-json\/wp\/v2\/comments?post=4266"}],"wp:attachment":[{"href":"https:\/\/uj.adatbank.ro\/lexikon\/wp-json\/wp\/v2\/media?parent=4266"}],"wp:term":[{"taxonomy":"product_brand","embeddable":true,"href":"https:\/\/uj.adatbank.ro\/lexikon\/wp-json\/wp\/v2\/product_brand?post=4266"},{"taxonomy":"product_cat","embeddable":true,"href":"https:\/\/uj.adatbank.ro\/lexikon\/wp-json\/wp\/v2\/product_cat?post=4266"},{"taxonomy":"product_tag","embeddable":true,"href":"https:\/\/uj.adatbank.ro\/lexikon\/wp-json\/wp\/v2\/product_tag?post=4266"}],"curies":[{"name":"wp","href":"https:\/\/api.w.org\/{rel}","templated":true}]}}