{"id":4267,"date":"2025-06-28T16:35:20","date_gmt":"2025-06-28T14:35:20","guid":{"rendered":"https:\/\/uj.adatbank.ro\/lexikon\/termek\/bela-jozsef\/"},"modified":"2025-06-28T16:35:20","modified_gmt":"2025-06-28T14:35:20","slug":"bela-jozsef","status":"publish","type":"product","link":"https:\/\/uj.adatbank.ro\/lexikon\/termek\/bela-jozsef\/","title":{"rendered":"B\u00c9LA J\u00f3zsef"},"content":{"rendered":"<p>B\u00e9la Josephus, *Mv., ? \u2020\u00a01801. j\u00fal. 26.:\u00a0r. k. pap. \u2013 Kv.-on (1750\u201355) \u00e9s Nagyszombatban tanult, itt III. \u00e9ves hittudom\u00e1nyi hallgat\u00f3k\u00e9nt avatt\u00e1k a b\u00f6lcs\u00e9szet doktor\u00e1v\u00e1 (1761. j\u00fan. 21.). Pl\u00e9b\u00e1nos Felvincen, Sz\u00e9kelyhodoson (1773 v. 1770?.). A \u00bbcollegium Gen. Cler. Regni Hung.\u00ab alumnusa, az Erd\u00e9lyi Egyh\u00e1zmegye papja, marosi esperes (1770\u201384), Gyulafeh\u00e9rv\u00e1ron teol\u00f3giai tan\u00e1r (1782), f\u0151esperes (1791\u2013), kanonok (1800-). \u2013 <strong>F. m.:<\/strong> Halotti besz\u00e9d losonczi br. B\u00e1nffy M\u00e1ria, magyargyer\u0151monostori br. Kem\u00e9ny Gergelyn\u00e9 felett, 1786.j\u00fan. 23. (Cs\u00edki klastrom, 1820). <br \/><strong>Irod.:<\/strong> Ferenczi S\u00e1ndor; Halotti besz\u00e9dek; P\u00e1l-Antal 2009; Szab\u00f3 Mikl\u00f3s 2005<\/br><\/p>\n","protected":false},"excerpt":{"rendered":"<p>B\u00e9la Josephus, *Mv., ? \u2020\u00a01801. j\u00fal. 26.:\u00a0r. k. pap. \u2013 Kv.-on (1750\u201355) \u00e9s Nagyszombatban tanult, itt III. \u00e9ves hittudom\u00e1nyi hallgat\u00f3k\u00e9nt avatt\u00e1k a b\u00f6lcs\u00e9szet doktor\u00e1v\u00e1 (1761. j\u00fan. 21.). Pl\u00e9b\u00e1nos Felvincen, Sz\u00e9kelyhodoson (1773 v. 1770?.). A \u00bbcollegium Gen. Cler. Regni Hung.\u00ab alumnusa, az Erd\u00e9lyi Egyh\u00e1zmegye papja, marosi esperes (1770\u201384), Gyulafeh\u00e9rv\u00e1ron teol\u00f3giai tan\u00e1r (1782), f\u0151esperes (1791\u2013), kanonok (1800-). [&hellip;]<\/p>\n","protected":false},"featured_media":0,"comment_status":"open","ping_status":"closed","template":"","meta":[],"product_brand":[],"product_cat":[137],"product_tag":[],"class_list":{"0":"post-4267","1":"product","2":"type-product","3":"status-publish","5":"product_cat-maros-megyei-eletrajzi-lexikon","7":"first","8":"instock","9":"shipping-taxable","10":"product-type-simple"},"_links":{"self":[{"href":"https:\/\/uj.adatbank.ro\/lexikon\/wp-json\/wp\/v2\/product\/4267","targetHints":{"allow":["GET"]}}],"collection":[{"href":"https:\/\/uj.adatbank.ro\/lexikon\/wp-json\/wp\/v2\/product"}],"about":[{"href":"https:\/\/uj.adatbank.ro\/lexikon\/wp-json\/wp\/v2\/types\/product"}],"replies":[{"embeddable":true,"href":"https:\/\/uj.adatbank.ro\/lexikon\/wp-json\/wp\/v2\/comments?post=4267"}],"wp:attachment":[{"href":"https:\/\/uj.adatbank.ro\/lexikon\/wp-json\/wp\/v2\/media?parent=4267"}],"wp:term":[{"taxonomy":"product_brand","embeddable":true,"href":"https:\/\/uj.adatbank.ro\/lexikon\/wp-json\/wp\/v2\/product_brand?post=4267"},{"taxonomy":"product_cat","embeddable":true,"href":"https:\/\/uj.adatbank.ro\/lexikon\/wp-json\/wp\/v2\/product_cat?post=4267"},{"taxonomy":"product_tag","embeddable":true,"href":"https:\/\/uj.adatbank.ro\/lexikon\/wp-json\/wp\/v2\/product_tag?post=4267"}],"curies":[{"name":"wp","href":"https:\/\/api.w.org\/{rel}","templated":true}]}}