{"id":4271,"date":"2025-06-28T16:35:32","date_gmt":"2025-06-28T14:35:32","guid":{"rendered":"https:\/\/uj.adatbank.ro\/lexikon\/termek\/beldi-erzsebet-liszka-uzoni-gr\/"},"modified":"2025-06-28T16:35:32","modified_gmt":"2025-06-28T14:35:32","slug":"beldi-erzsebet-liszka-uzoni-gr","status":"publish","type":"product","link":"https:\/\/uj.adatbank.ro\/lexikon\/termek\/beldi-erzsebet-liszka-uzoni-gr\/","title":{"rendered":"B\u00c9LDI Erzs\u00e9bet, Liszka, uzoni gr."},"content":{"rendered":"<p>B\u00e1ld, 1877. j\u00fan. 24. \u2020 B\u00e1ld, 1933. m\u00e1j. 13. Tem. B\u00e1ld, 1933. m\u00e1j. 15.: f\u00f6ldbirtokos. \u2013 B. K\u00e1lm\u00e1n gr \u00e9s k\u00f6vesdi br. Husz\u00e1r Erzs\u00e9bet le\u00e1nya. <br \/><strong>Irod.:<\/strong> Gudenus BETHLEN Bal\u00e1zs G\u00e9za, bethleni gr., ifj. *Szamosfalva, 1901. m\u00e1j. 18., \u2020 Mv., 1981. j\u00fan. 26.: f\u00f6ldbirtokos, husz\u00e1rz\u00e1szl\u00f3s. \u2013 B. Bal\u00e1zs, f\u0151isp\u00e1n \u00e9s br. J\u00f3sika Beatrix fia. Feles\u00e9ge gyer\u0151monostori br. Kem\u00e9ny Berenice (1900\u20131981). F\u00f6ldbirtokos \u00c1rokalj\u00e1n. A v\u00e9csi birtok int\u00e9z\u0151je volt feles\u00e9ge r\u00e9v\u00e9n, majd \u00e1tvette feles\u00e9ge Keresd \u00e9s Kerl\u00e9sb\u0151l \u00e1ll\u00f3 birtok\u00e1t (1918\u2013). A II. vh. idej\u00e9n tartal\u00e9kos z\u00e1szl\u00f3ss\u00e1 l\u00e9ptett\u00e9k el\u0151 (1943. jan. 1. \u2013). K\u00e9nyszerlakhelyre Mv.-re telep\u00edtett\u00e9k (1949. m\u00e1rc.). Asztalos \u00e1ll\u00e1st kapott a butorgy\u00e1rban, nyugd\u00edjask\u00e9nt nyelv\u00f3r\u00e1kat adott. <br \/><strong>Irod.:<\/strong> Bene-Szab\u00f3; Gudenus; Kornis, Korunk (2002. 12.)<\/br><\/p>\n","protected":false},"excerpt":{"rendered":"<p>B\u00e1ld, 1877. j\u00fan. 24. \u2020 B\u00e1ld, 1933. m\u00e1j. 13. Tem. B\u00e1ld, 1933. m\u00e1j. 15.: f\u00f6ldbirtokos. \u2013 B. K\u00e1lm\u00e1n gr \u00e9s k\u00f6vesdi br. Husz\u00e1r Erzs\u00e9bet le\u00e1nya. Irod.: Gudenus BETHLEN Bal\u00e1zs G\u00e9za, bethleni gr., ifj. *Szamosfalva, 1901. m\u00e1j. 18., \u2020 Mv., 1981. j\u00fan. 26.: f\u00f6ldbirtokos, husz\u00e1rz\u00e1szl\u00f3s. \u2013 B. Bal\u00e1zs, f\u0151isp\u00e1n \u00e9s br. J\u00f3sika Beatrix fia. Feles\u00e9ge gyer\u0151monostori [&hellip;]<\/p>\n","protected":false},"featured_media":0,"comment_status":"open","ping_status":"closed","template":"","meta":[],"product_brand":[],"product_cat":[137],"product_tag":[],"class_list":{"0":"post-4271","1":"product","2":"type-product","3":"status-publish","5":"product_cat-maros-megyei-eletrajzi-lexikon","7":"first","8":"instock","9":"shipping-taxable","10":"product-type-simple"},"_links":{"self":[{"href":"https:\/\/uj.adatbank.ro\/lexikon\/wp-json\/wp\/v2\/product\/4271","targetHints":{"allow":["GET"]}}],"collection":[{"href":"https:\/\/uj.adatbank.ro\/lexikon\/wp-json\/wp\/v2\/product"}],"about":[{"href":"https:\/\/uj.adatbank.ro\/lexikon\/wp-json\/wp\/v2\/types\/product"}],"replies":[{"embeddable":true,"href":"https:\/\/uj.adatbank.ro\/lexikon\/wp-json\/wp\/v2\/comments?post=4271"}],"wp:attachment":[{"href":"https:\/\/uj.adatbank.ro\/lexikon\/wp-json\/wp\/v2\/media?parent=4271"}],"wp:term":[{"taxonomy":"product_brand","embeddable":true,"href":"https:\/\/uj.adatbank.ro\/lexikon\/wp-json\/wp\/v2\/product_brand?post=4271"},{"taxonomy":"product_cat","embeddable":true,"href":"https:\/\/uj.adatbank.ro\/lexikon\/wp-json\/wp\/v2\/product_cat?post=4271"},{"taxonomy":"product_tag","embeddable":true,"href":"https:\/\/uj.adatbank.ro\/lexikon\/wp-json\/wp\/v2\/product_tag?post=4271"}],"curies":[{"name":"wp","href":"https:\/\/api.w.org\/{rel}","templated":true}]}}