{"id":4272,"date":"2025-06-28T16:35:35","date_gmt":"2025-06-28T14:35:35","guid":{"rendered":"https:\/\/uj.adatbank.ro\/lexikon\/termek\/beldi-ferenc-uzoni-gr\/"},"modified":"2025-06-28T16:35:35","modified_gmt":"2025-06-28T14:35:35","slug":"beldi-ferenc-uzoni-gr","status":"publish","type":"product","link":"https:\/\/uj.adatbank.ro\/lexikon\/termek\/beldi-ferenc-uzoni-gr\/","title":{"rendered":"B\u00c9LDI Ferenc, uzoni gr."},"content":{"rendered":"<p>1798, \u2020\u00a0Kv., 1880. dec. 31., A h\u00e1zsong\u00e1rdi temet\u0151 B\u00e9ldi kript\u00e1ban nyughelye: f\u00f6ldbirtokos, f\u0151korm\u00e1nysz\u00e9ki titk\u00e1r, f\u0151isp\u00e1n, cs. k. kamar\u00e1s. \u2013 B\u00e9ldi J\u00f3zsef (1714\u20131793) unok\u00e1ja. B. Vince (B\u00e1ld, 1753. okt. 19., &#8211; B\u00e1ld, 1829. dec. 31) \u00e9s br. Szentkereszty Erzs\u00e9bet fia. Feles\u00e9ge: vargyasi D\u00e1niel Zs\u00f3fia, Daniel Elek (1783\u20131848) \u00e9s nagyajtai Cserei Krisztina le\u00e1nya. Esk\u00fcv\u0151 (1842). Fiaik, a csal\u00e1d k\u00e9t \u00faj \u00e1g\u00e1nak megalap\u00edt\u00f3ja: \u00c1kos (1846\u20131932), gyekei birtokos, Kolozs vm. \u00e9s Kv. f\u0151isp\u00e1nja, a mez\u0151m\u00e9hesi \u00e1g megalap\u00edt\u00f3ja, \u00e9s K\u00e1lm\u00e1n (1851\u20131929) b\u00e1ldi birtokos, husz\u00e1rf\u0151hadnagy, a b\u00e1ldi \u00e1g sz\u00e1rmazik t\u0151le. \u2013 A F\u0151korm\u00e1nysz\u00e9kn\u00e9l titk\u00e1rk\u00e9nt m\u0171k\u00f6d\u00f6tt. Ny.-Eur\u00f3p\u00e1ban \u00e9s az AE\u00c1-ban tett utaz\u00e1st (1830\u201332), melynek t\u00e1rsa \u00e9s t\u00e1mogatottja B\u00f6l\u00f6ni Farkas S\u00e1ndor volt. Az 1846. \u00e9vi kv.-i \u00e9s az 1848. \u00e9vi pesti nemzetgy\u0171l\u00e9seken mint Erd\u00e9ly regalist\u00e1ja jelent meg \u00e9s kinevezt\u00e9k Doboka megye f\u0151isp\u00e1nj\u00e1v\u00e1, Kolozs vm. f\u0151isp\u00e1nja (1861\u2013), Kisk\u00fck\u00fcll\u0151 vm. f\u0151isp\u00e1nja (1865\u20131870). Kv.-on a H\u00e1zsong\u00e1rdi temet\u0151ben impoz\u00e1ns kript\u00e1t \u00e9p\u00edtetett (1870 k.). Akt\u00edv t\u00e1mogat\u00f3ja volt a kv.-i Kaszin\u00f3nak. Kast\u00e9lyai Maros megy\u00e9ben: B\u00e1ld, Mez\u0151m\u00e9hes, Dics\u0151szentm\u00e1rton, ahol a B\u00e9ldi-h\u00e1z, \u00e9p\u00fclt (1860), \u201eB\u201d kateg\u00f3ri\u00e1j\u00fa m\u0171eml\u00e9k (Stadionului u. 2.). <br \/><strong>Irod.:<\/strong> Bicsok\u2013Orb\u00e1n; Egyed \u00c1.: Erd\u00e9ly 1848. ogy.; Gudenus; H\u00e1zsong\u00e1rd; Keresztes; Keresztes Gyula: \u00d6r\u00f6ks\u00e9g\u00fcnk 48.: A b\u00e1ldi \u00e9s a mez\u0151m\u00e9hesi kast\u00e9ly (N\u00fa., 1994. jan. 14); Mo. f\u0151isp\u00e1njai; MNZsk; P\u00e1lmay; Pesty 2014; Valori mure\u015fene de patrimoniu<\/br><\/p>\n","protected":false},"excerpt":{"rendered":"<p>1798, \u2020\u00a0Kv., 1880. dec. 31., A h\u00e1zsong\u00e1rdi temet\u0151 B\u00e9ldi kript\u00e1ban nyughelye: f\u00f6ldbirtokos, f\u0151korm\u00e1nysz\u00e9ki titk\u00e1r, f\u0151isp\u00e1n, cs. k. kamar\u00e1s. \u2013 B\u00e9ldi J\u00f3zsef (1714\u20131793) unok\u00e1ja. B. Vince (B\u00e1ld, 1753. okt. 19., &#8211; B\u00e1ld, 1829. dec. 31) \u00e9s br. Szentkereszty Erzs\u00e9bet fia. Feles\u00e9ge: vargyasi D\u00e1niel Zs\u00f3fia, Daniel Elek (1783\u20131848) \u00e9s nagyajtai Cserei Krisztina le\u00e1nya. Esk\u00fcv\u0151 (1842). Fiaik, a [&hellip;]<\/p>\n","protected":false},"featured_media":0,"comment_status":"open","ping_status":"closed","template":"","meta":[],"product_brand":[],"product_cat":[137],"product_tag":[],"class_list":{"0":"post-4272","1":"product","2":"type-product","3":"status-publish","5":"product_cat-maros-megyei-eletrajzi-lexikon","7":"first","8":"instock","9":"shipping-taxable","10":"product-type-simple"},"_links":{"self":[{"href":"https:\/\/uj.adatbank.ro\/lexikon\/wp-json\/wp\/v2\/product\/4272","targetHints":{"allow":["GET"]}}],"collection":[{"href":"https:\/\/uj.adatbank.ro\/lexikon\/wp-json\/wp\/v2\/product"}],"about":[{"href":"https:\/\/uj.adatbank.ro\/lexikon\/wp-json\/wp\/v2\/types\/product"}],"replies":[{"embeddable":true,"href":"https:\/\/uj.adatbank.ro\/lexikon\/wp-json\/wp\/v2\/comments?post=4272"}],"wp:attachment":[{"href":"https:\/\/uj.adatbank.ro\/lexikon\/wp-json\/wp\/v2\/media?parent=4272"}],"wp:term":[{"taxonomy":"product_brand","embeddable":true,"href":"https:\/\/uj.adatbank.ro\/lexikon\/wp-json\/wp\/v2\/product_brand?post=4272"},{"taxonomy":"product_cat","embeddable":true,"href":"https:\/\/uj.adatbank.ro\/lexikon\/wp-json\/wp\/v2\/product_cat?post=4272"},{"taxonomy":"product_tag","embeddable":true,"href":"https:\/\/uj.adatbank.ro\/lexikon\/wp-json\/wp\/v2\/product_tag?post=4272"}],"curies":[{"name":"wp","href":"https:\/\/api.w.org\/{rel}","templated":true}]}}