{"id":4274,"date":"2025-06-28T16:35:41","date_gmt":"2025-06-28T14:35:41","guid":{"rendered":"https:\/\/uj.adatbank.ro\/lexikon\/termek\/beldi-ferencne-uzoni-gr-daniel-zsofia\/"},"modified":"2025-06-28T16:35:41","modified_gmt":"2025-06-28T14:35:41","slug":"beldi-ferencne-uzoni-gr-daniel-zsofia","status":"publish","type":"product","link":"https:\/\/uj.adatbank.ro\/lexikon\/termek\/beldi-ferencne-uzoni-gr-daniel-zsofia\/","title":{"rendered":"B\u00c9LDI Ferencn\u00e9, uzoni gr.; D\u00e1niel Zs\u00f3fia"},"content":{"rendered":"<p>1820., \u2020 Kv., 1897. jan. 12., : B. \u00c1kos EMKE eln\u00f6k \u00e9desanyja. \u2013 Tev\u00e9keny gy\u0171jt\u0151 volt az egyes\u00fclet megalakul\u00e1sakor s k\u00fcl\u00f6n\u00f6sen f\u00e1radoz\u00e1s\u00e1nak k\u00f6sz\u00f6nhet\u0151 a dics\u0151szentm\u00e1rtoni \u00f3voda l\u00e9trehoz\u00e1sa. Az Izabella Egyes\u00fclet eln\u00f6ke. <br \/><strong>Irod.:<\/strong> H\u00e1zsong\u00e1rd; MNZS, S\u00e1ndor<\/br><\/p>\n","protected":false},"excerpt":{"rendered":"<p>1820., \u2020 Kv., 1897. jan. 12., : B. \u00c1kos EMKE eln\u00f6k \u00e9desanyja. \u2013 Tev\u00e9keny gy\u0171jt\u0151 volt az egyes\u00fclet megalakul\u00e1sakor s k\u00fcl\u00f6n\u00f6sen f\u00e1radoz\u00e1s\u00e1nak k\u00f6sz\u00f6nhet\u0151 a dics\u0151szentm\u00e1rtoni \u00f3voda l\u00e9trehoz\u00e1sa. Az Izabella Egyes\u00fclet eln\u00f6ke. Irod.: H\u00e1zsong\u00e1rd; MNZS, S\u00e1ndor<\/p>\n","protected":false},"featured_media":0,"comment_status":"open","ping_status":"closed","template":"","meta":[],"product_brand":[],"product_cat":[137],"product_tag":[],"class_list":{"0":"post-4274","1":"product","2":"type-product","3":"status-publish","5":"product_cat-maros-megyei-eletrajzi-lexikon","7":"first","8":"instock","9":"shipping-taxable","10":"product-type-simple"},"_links":{"self":[{"href":"https:\/\/uj.adatbank.ro\/lexikon\/wp-json\/wp\/v2\/product\/4274","targetHints":{"allow":["GET"]}}],"collection":[{"href":"https:\/\/uj.adatbank.ro\/lexikon\/wp-json\/wp\/v2\/product"}],"about":[{"href":"https:\/\/uj.adatbank.ro\/lexikon\/wp-json\/wp\/v2\/types\/product"}],"replies":[{"embeddable":true,"href":"https:\/\/uj.adatbank.ro\/lexikon\/wp-json\/wp\/v2\/comments?post=4274"}],"wp:attachment":[{"href":"https:\/\/uj.adatbank.ro\/lexikon\/wp-json\/wp\/v2\/media?parent=4274"}],"wp:term":[{"taxonomy":"product_brand","embeddable":true,"href":"https:\/\/uj.adatbank.ro\/lexikon\/wp-json\/wp\/v2\/product_brand?post=4274"},{"taxonomy":"product_cat","embeddable":true,"href":"https:\/\/uj.adatbank.ro\/lexikon\/wp-json\/wp\/v2\/product_cat?post=4274"},{"taxonomy":"product_tag","embeddable":true,"href":"https:\/\/uj.adatbank.ro\/lexikon\/wp-json\/wp\/v2\/product_tag?post=4274"}],"curies":[{"name":"wp","href":"https:\/\/api.w.org\/{rel}","templated":true}]}}