{"id":4281,"date":"2025-06-28T16:36:02","date_gmt":"2025-06-28T14:36:02","guid":{"rendered":"https:\/\/uj.adatbank.ro\/lexikon\/termek\/beldi-klara-uzoni-gr-ronay-elemerne\/"},"modified":"2025-06-28T16:36:02","modified_gmt":"2025-06-28T14:36:02","slug":"beldi-klara-uzoni-gr-ronay-elemerne","status":"publish","type":"product","link":"https:\/\/uj.adatbank.ro\/lexikon\/termek\/beldi-klara-uzoni-gr-ronay-elemerne\/","title":{"rendered":"B\u00c9LDI Kl\u00e1ra, uzoni gr., R\u00f3nay Elem\u00e9rn\u00e9"},"content":{"rendered":"<p>Mez\u0151m\u00e9hes, 1878. m\u00e1j. 17., \u2020 Kis\u00fajsz\u00e1ll\u00e1s, 1931. \u00e1pr. 4.: f\u00f6ldbirtokos \u2013 B. \u00c1kos (1846\u20131932) v. b. t. t. \u00e9s Bethlen Emma (1848\u20131896) le\u00e1nya. Testv\u00e9rei: B\u00e9ldi Ferenc; Mikes Kelemenn\u00e9 B\u00e9ldi Emma; Teleki G\u00e9z\u00e1n\u00e9 B\u00e9ldi Margit. F\u00e9rje zombori R\u00f3nay Elem\u00e9r (1874\u20131965) cs. kir. kamar\u00e1s (esk. 1898). Gyermekeik: R\u00f3nay Elem\u00e9r, Judit- Koller Antaln\u00e9, Istv\u00e1n, Ern\u0151. <br \/><strong>Irod.:<\/strong> Gudenus; Lev\u00e9lt\u00e1ri gy\u00e1szj.<\/br><\/p>\n","protected":false},"excerpt":{"rendered":"<p>Mez\u0151m\u00e9hes, 1878. m\u00e1j. 17., \u2020 Kis\u00fajsz\u00e1ll\u00e1s, 1931. \u00e1pr. 4.: f\u00f6ldbirtokos \u2013 B. \u00c1kos (1846\u20131932) v. b. t. t. \u00e9s Bethlen Emma (1848\u20131896) le\u00e1nya. Testv\u00e9rei: B\u00e9ldi Ferenc; Mikes Kelemenn\u00e9 B\u00e9ldi Emma; Teleki G\u00e9z\u00e1n\u00e9 B\u00e9ldi Margit. F\u00e9rje zombori R\u00f3nay Elem\u00e9r (1874\u20131965) cs. kir. kamar\u00e1s (esk. 1898). Gyermekeik: R\u00f3nay Elem\u00e9r, Judit- Koller Antaln\u00e9, Istv\u00e1n, Ern\u0151. Irod.: Gudenus; Lev\u00e9lt\u00e1ri [&hellip;]<\/p>\n","protected":false},"featured_media":0,"comment_status":"open","ping_status":"closed","template":"","meta":[],"product_brand":[],"product_cat":[137],"product_tag":[],"class_list":{"0":"post-4281","1":"product","2":"type-product","3":"status-publish","5":"product_cat-maros-megyei-eletrajzi-lexikon","7":"first","8":"instock","9":"shipping-taxable","10":"product-type-simple"},"_links":{"self":[{"href":"https:\/\/uj.adatbank.ro\/lexikon\/wp-json\/wp\/v2\/product\/4281","targetHints":{"allow":["GET"]}}],"collection":[{"href":"https:\/\/uj.adatbank.ro\/lexikon\/wp-json\/wp\/v2\/product"}],"about":[{"href":"https:\/\/uj.adatbank.ro\/lexikon\/wp-json\/wp\/v2\/types\/product"}],"replies":[{"embeddable":true,"href":"https:\/\/uj.adatbank.ro\/lexikon\/wp-json\/wp\/v2\/comments?post=4281"}],"wp:attachment":[{"href":"https:\/\/uj.adatbank.ro\/lexikon\/wp-json\/wp\/v2\/media?parent=4281"}],"wp:term":[{"taxonomy":"product_brand","embeddable":true,"href":"https:\/\/uj.adatbank.ro\/lexikon\/wp-json\/wp\/v2\/product_brand?post=4281"},{"taxonomy":"product_cat","embeddable":true,"href":"https:\/\/uj.adatbank.ro\/lexikon\/wp-json\/wp\/v2\/product_cat?post=4281"},{"taxonomy":"product_tag","embeddable":true,"href":"https:\/\/uj.adatbank.ro\/lexikon\/wp-json\/wp\/v2\/product_tag?post=4281"}],"curies":[{"name":"wp","href":"https:\/\/api.w.org\/{rel}","templated":true}]}}