{"id":4282,"date":"2025-06-28T16:36:04","date_gmt":"2025-06-28T14:36:04","guid":{"rendered":"https:\/\/uj.adatbank.ro\/lexikon\/termek\/beldi-laszlo-uzoni-gr\/"},"modified":"2025-06-28T16:36:04","modified_gmt":"2025-06-28T14:36:04","slug":"beldi-laszlo-uzoni-gr","status":"publish","type":"product","link":"https:\/\/uj.adatbank.ro\/lexikon\/termek\/beldi-laszlo-uzoni-gr\/","title":{"rendered":"B\u00c9LDI L\u00e1szl\u00f3, uzoni gr."},"content":{"rendered":"<p>Kv., 1870. febr. 22. \u2020 ? : f\u0151isp\u00e1n. \u2013 B. Tivadar (1848\u20131928) \u00e9s als\u00f3szentmih\u00e1lyi Sigmond Eliz fia. \u2013 Nagyk\u00fck\u00fcll\u0151 vm. f\u0151isp\u00e1nja, volt ogy.-i k\u00e9pvisel\u0151. A bodolai-kast\u00e9ly utols\u00f3 nemesi tulajdonosa. A II. vh. v\u00e9g\u00e9n a a B\u00e9ldiek eladt\u00e1k a kast\u00e9lyt Barbu Pantazinak. <br \/><strong>Irod.:<\/strong> Bicsok\u2013Orb\u00e1n; MNZS<\/br><\/p>\n","protected":false},"excerpt":{"rendered":"<p>Kv., 1870. febr. 22. \u2020 ? : f\u0151isp\u00e1n. \u2013 B. Tivadar (1848\u20131928) \u00e9s als\u00f3szentmih\u00e1lyi Sigmond Eliz fia. \u2013 Nagyk\u00fck\u00fcll\u0151 vm. f\u0151isp\u00e1nja, volt ogy.-i k\u00e9pvisel\u0151. A bodolai-kast\u00e9ly utols\u00f3 nemesi tulajdonosa. A II. vh. v\u00e9g\u00e9n a a B\u00e9ldiek eladt\u00e1k a kast\u00e9lyt Barbu Pantazinak. Irod.: Bicsok\u2013Orb\u00e1n; MNZS<\/p>\n","protected":false},"featured_media":0,"comment_status":"open","ping_status":"closed","template":"","meta":[],"product_brand":[],"product_cat":[137],"product_tag":[],"class_list":{"0":"post-4282","1":"product","2":"type-product","3":"status-publish","5":"product_cat-maros-megyei-eletrajzi-lexikon","7":"first","8":"instock","9":"shipping-taxable","10":"product-type-simple"},"_links":{"self":[{"href":"https:\/\/uj.adatbank.ro\/lexikon\/wp-json\/wp\/v2\/product\/4282","targetHints":{"allow":["GET"]}}],"collection":[{"href":"https:\/\/uj.adatbank.ro\/lexikon\/wp-json\/wp\/v2\/product"}],"about":[{"href":"https:\/\/uj.adatbank.ro\/lexikon\/wp-json\/wp\/v2\/types\/product"}],"replies":[{"embeddable":true,"href":"https:\/\/uj.adatbank.ro\/lexikon\/wp-json\/wp\/v2\/comments?post=4282"}],"wp:attachment":[{"href":"https:\/\/uj.adatbank.ro\/lexikon\/wp-json\/wp\/v2\/media?parent=4282"}],"wp:term":[{"taxonomy":"product_brand","embeddable":true,"href":"https:\/\/uj.adatbank.ro\/lexikon\/wp-json\/wp\/v2\/product_brand?post=4282"},{"taxonomy":"product_cat","embeddable":true,"href":"https:\/\/uj.adatbank.ro\/lexikon\/wp-json\/wp\/v2\/product_cat?post=4282"},{"taxonomy":"product_tag","embeddable":true,"href":"https:\/\/uj.adatbank.ro\/lexikon\/wp-json\/wp\/v2\/product_tag?post=4282"}],"curies":[{"name":"wp","href":"https:\/\/api.w.org\/{rel}","templated":true}]}}