{"id":4285,"date":"2025-06-28T16:36:13","date_gmt":"2025-06-28T14:36:13","guid":{"rendered":"https:\/\/uj.adatbank.ro\/lexikon\/termek\/beldi-pal-uzoni-gr\/"},"modified":"2025-06-28T16:36:13","modified_gmt":"2025-06-28T14:36:13","slug":"beldi-pal-uzoni-gr","status":"publish","type":"product","link":"https:\/\/uj.adatbank.ro\/lexikon\/termek\/beldi-pal-uzoni-gr\/","title":{"rendered":"B\u00c9LDI P\u00e1l, uzoni gr."},"content":{"rendered":"<p>1876., \u2020 Sepsiszentgy\u00f6rgy, 1931. aug. 16.) cs. k. kamar\u00e1s, H\u00e1romsz\u00e9k vm. f\u0151jegyz\u0151je, a m. II. oszt\u00e1ly\u00fa polg\u00e1ri hadi\u00e9rem tulajdonosa, az \u00e1llamtudom\u00e1nyok tudora, az erd\u00e9lyi r. k. st\u00e1tus tagja (Nagyernye, 1909. szept. 11). <br \/><strong>Irod.:<\/strong> Gudenus; Lev\u00e9lt\u00e1ri gy\u00e1szj.<\/br><\/p>\n","protected":false},"excerpt":{"rendered":"<p>1876., \u2020 Sepsiszentgy\u00f6rgy, 1931. aug. 16.) cs. k. kamar\u00e1s, H\u00e1romsz\u00e9k vm. f\u0151jegyz\u0151je, a m. II. oszt\u00e1ly\u00fa polg\u00e1ri hadi\u00e9rem tulajdonosa, az \u00e1llamtudom\u00e1nyok tudora, az erd\u00e9lyi r. k. st\u00e1tus tagja (Nagyernye, 1909. szept. 11). Irod.: Gudenus; Lev\u00e9lt\u00e1ri gy\u00e1szj.<\/p>\n","protected":false},"featured_media":0,"comment_status":"open","ping_status":"closed","template":"","meta":[],"product_brand":[],"product_cat":[137],"product_tag":[],"class_list":{"0":"post-4285","1":"product","2":"type-product","3":"status-publish","5":"product_cat-maros-megyei-eletrajzi-lexikon","7":"first","8":"instock","9":"shipping-taxable","10":"product-type-simple"},"_links":{"self":[{"href":"https:\/\/uj.adatbank.ro\/lexikon\/wp-json\/wp\/v2\/product\/4285","targetHints":{"allow":["GET"]}}],"collection":[{"href":"https:\/\/uj.adatbank.ro\/lexikon\/wp-json\/wp\/v2\/product"}],"about":[{"href":"https:\/\/uj.adatbank.ro\/lexikon\/wp-json\/wp\/v2\/types\/product"}],"replies":[{"embeddable":true,"href":"https:\/\/uj.adatbank.ro\/lexikon\/wp-json\/wp\/v2\/comments?post=4285"}],"wp:attachment":[{"href":"https:\/\/uj.adatbank.ro\/lexikon\/wp-json\/wp\/v2\/media?parent=4285"}],"wp:term":[{"taxonomy":"product_brand","embeddable":true,"href":"https:\/\/uj.adatbank.ro\/lexikon\/wp-json\/wp\/v2\/product_brand?post=4285"},{"taxonomy":"product_cat","embeddable":true,"href":"https:\/\/uj.adatbank.ro\/lexikon\/wp-json\/wp\/v2\/product_cat?post=4285"},{"taxonomy":"product_tag","embeddable":true,"href":"https:\/\/uj.adatbank.ro\/lexikon\/wp-json\/wp\/v2\/product_tag?post=4285"}],"curies":[{"name":"wp","href":"https:\/\/api.w.org\/{rel}","templated":true}]}}