{"id":4286,"date":"2025-06-28T16:36:16","date_gmt":"2025-06-28T14:36:16","guid":{"rendered":"https:\/\/uj.adatbank.ro\/lexikon\/termek\/beldi-roza-uzoni-gr-haller-jenone\/"},"modified":"2025-06-28T16:36:16","modified_gmt":"2025-06-28T14:36:16","slug":"beldi-roza-uzoni-gr-haller-jenone","status":"publish","type":"product","link":"https:\/\/uj.adatbank.ro\/lexikon\/termek\/beldi-roza-uzoni-gr-haller-jenone\/","title":{"rendered":"B\u00c9LDI R\u00f3za, uzoni gr., Haller Jen\u0151n\u00e9"},"content":{"rendered":"<p>B\u00e1ld, 1880. m\u00e1j. 25. \u2020 Mv., 1952. dec. 23.: f\u00f6ldbirtokos. \u2013 B. K\u00e1lm\u00e1n \u00e9s k\u00f6vesdi br. Husz\u00e1r Erzs\u00e9bet le\u00e1nya. F\u00e9rjhez ment: Kv., 1902. j\u00fan. 18. Hallerke\u00f6i gr. Haller Jen\u0151 (Olth\u00e9v\u00edz., 1878. j\u00fan. 9. \u2020 Medgyes, 1927. m\u00e1rc. 19.) cs. \u00e9s kir. lovaskapit\u00e1ny, a m. f\u0151rendih\u00e1z \u00f6r\u00f6k\u00f6s tagja. Gyermekei: \u00c9va (1903\u2013), Johanna (1906\u2013), Eugenia (1911\u2013), Jen\u0151 (1917\u20131999). <br \/><strong>Irod.:<\/strong> Gudenus<\/br><\/p>\n","protected":false},"excerpt":{"rendered":"<p>B\u00e1ld, 1880. m\u00e1j. 25. \u2020 Mv., 1952. dec. 23.: f\u00f6ldbirtokos. \u2013 B. K\u00e1lm\u00e1n \u00e9s k\u00f6vesdi br. Husz\u00e1r Erzs\u00e9bet le\u00e1nya. F\u00e9rjhez ment: Kv., 1902. j\u00fan. 18. Hallerke\u00f6i gr. Haller Jen\u0151 (Olth\u00e9v\u00edz., 1878. j\u00fan. 9. \u2020 Medgyes, 1927. m\u00e1rc. 19.) cs. \u00e9s kir. lovaskapit\u00e1ny, a m. f\u0151rendih\u00e1z \u00f6r\u00f6k\u00f6s tagja. Gyermekei: \u00c9va (1903\u2013), Johanna (1906\u2013), Eugenia (1911\u2013), Jen\u0151 [&hellip;]<\/p>\n","protected":false},"featured_media":0,"comment_status":"open","ping_status":"closed","template":"","meta":[],"product_brand":[],"product_cat":[137],"product_tag":[],"class_list":{"0":"post-4286","1":"product","2":"type-product","3":"status-publish","5":"product_cat-maros-megyei-eletrajzi-lexikon","7":"first","8":"instock","9":"shipping-taxable","10":"product-type-simple"},"_links":{"self":[{"href":"https:\/\/uj.adatbank.ro\/lexikon\/wp-json\/wp\/v2\/product\/4286","targetHints":{"allow":["GET"]}}],"collection":[{"href":"https:\/\/uj.adatbank.ro\/lexikon\/wp-json\/wp\/v2\/product"}],"about":[{"href":"https:\/\/uj.adatbank.ro\/lexikon\/wp-json\/wp\/v2\/types\/product"}],"replies":[{"embeddable":true,"href":"https:\/\/uj.adatbank.ro\/lexikon\/wp-json\/wp\/v2\/comments?post=4286"}],"wp:attachment":[{"href":"https:\/\/uj.adatbank.ro\/lexikon\/wp-json\/wp\/v2\/media?parent=4286"}],"wp:term":[{"taxonomy":"product_brand","embeddable":true,"href":"https:\/\/uj.adatbank.ro\/lexikon\/wp-json\/wp\/v2\/product_brand?post=4286"},{"taxonomy":"product_cat","embeddable":true,"href":"https:\/\/uj.adatbank.ro\/lexikon\/wp-json\/wp\/v2\/product_cat?post=4286"},{"taxonomy":"product_tag","embeddable":true,"href":"https:\/\/uj.adatbank.ro\/lexikon\/wp-json\/wp\/v2\/product_tag?post=4286"}],"curies":[{"name":"wp","href":"https:\/\/api.w.org\/{rel}","templated":true}]}}