{"id":4287,"date":"2025-06-28T16:36:19","date_gmt":"2025-06-28T14:36:19","guid":{"rendered":"https:\/\/uj.adatbank.ro\/lexikon\/termek\/beldi-vince-uzoni-gr-beldi-wentzel\/"},"modified":"2025-06-28T16:36:19","modified_gmt":"2025-06-28T14:36:19","slug":"beldi-vince-uzoni-gr-beldi-wentzel","status":"publish","type":"product","link":"https:\/\/uj.adatbank.ro\/lexikon\/termek\/beldi-vince-uzoni-gr-beldi-wentzel\/","title":{"rendered":"B\u00c9LDI Vince, uzoni gr., B\u00e9ldi Wentzel"},"content":{"rendered":"<p>B\u00e1ld, 1753. okt. 19., \u2020 Kv., 1829. dec. 31\/ 1830. jan. 1. B\u00e1ldon temett\u00e9k: f\u00f6ldbirtokos, f\u0151kapit\u00e1ny. \u2013 B. J\u00f3zsef \u00e9s gog\u00e1nv\u00e1raljai Sz\u00e1va Judit fia. Feles\u00e9ge: 1. Zabolai gr. Mikes Zsuzsanna, 2. z\u00e1goni Szentkereszty R\u00f3z\u00e1lia. Gyermekei: R\u00f3z\u00e1lia gr. Bethlen J\u00e1nosn\u00e9; Ferenc, f\u0151 k\u00f6rm\u00e1nysz\u00e9ki titoknok; Gy\u00f6rgy, kir. kincstart\u00f3, titoknok. \u2013 Fogarasvid\u00e9ki f\u0151kapit\u00e1ny. F\u00f6ldbirtokosk\u00e9nt szerepel az 1785-\u00f6s n\u00e9psz\u00e1ml\u00e1l\u00e1si \u00f6ssze\u00edr\u00e1sban B\u00e1ldban. B\u00e1ldi otthonukban ferences szerzetes v\u00e9gezte az istentiszteletet (1795\u201398). <br \/><strong>Irod.:<\/strong> Gudenus; Gy\u00f6rgy: A ferencrendiek; Lev\u00e9lt\u00e1ri gy\u00e1szj; S\u0103rma\u015fu<\/br><\/p>\n","protected":false},"excerpt":{"rendered":"<p>B\u00e1ld, 1753. okt. 19., \u2020 Kv., 1829. dec. 31\/ 1830. jan. 1. B\u00e1ldon temett\u00e9k: f\u00f6ldbirtokos, f\u0151kapit\u00e1ny. \u2013 B. J\u00f3zsef \u00e9s gog\u00e1nv\u00e1raljai Sz\u00e1va Judit fia. Feles\u00e9ge: 1. Zabolai gr. Mikes Zsuzsanna, 2. z\u00e1goni Szentkereszty R\u00f3z\u00e1lia. Gyermekei: R\u00f3z\u00e1lia gr. Bethlen J\u00e1nosn\u00e9; Ferenc, f\u0151 k\u00f6rm\u00e1nysz\u00e9ki titoknok; Gy\u00f6rgy, kir. kincstart\u00f3, titoknok. \u2013 Fogarasvid\u00e9ki f\u0151kapit\u00e1ny. F\u00f6ldbirtokosk\u00e9nt szerepel az 1785-\u00f6s n\u00e9psz\u00e1ml\u00e1l\u00e1si [&hellip;]<\/p>\n","protected":false},"featured_media":0,"comment_status":"open","ping_status":"closed","template":"","meta":[],"product_brand":[],"product_cat":[137],"product_tag":[],"class_list":{"0":"post-4287","1":"product","2":"type-product","3":"status-publish","5":"product_cat-maros-megyei-eletrajzi-lexikon","7":"first","8":"instock","9":"shipping-taxable","10":"product-type-simple"},"_links":{"self":[{"href":"https:\/\/uj.adatbank.ro\/lexikon\/wp-json\/wp\/v2\/product\/4287","targetHints":{"allow":["GET"]}}],"collection":[{"href":"https:\/\/uj.adatbank.ro\/lexikon\/wp-json\/wp\/v2\/product"}],"about":[{"href":"https:\/\/uj.adatbank.ro\/lexikon\/wp-json\/wp\/v2\/types\/product"}],"replies":[{"embeddable":true,"href":"https:\/\/uj.adatbank.ro\/lexikon\/wp-json\/wp\/v2\/comments?post=4287"}],"wp:attachment":[{"href":"https:\/\/uj.adatbank.ro\/lexikon\/wp-json\/wp\/v2\/media?parent=4287"}],"wp:term":[{"taxonomy":"product_brand","embeddable":true,"href":"https:\/\/uj.adatbank.ro\/lexikon\/wp-json\/wp\/v2\/product_brand?post=4287"},{"taxonomy":"product_cat","embeddable":true,"href":"https:\/\/uj.adatbank.ro\/lexikon\/wp-json\/wp\/v2\/product_cat?post=4287"},{"taxonomy":"product_tag","embeddable":true,"href":"https:\/\/uj.adatbank.ro\/lexikon\/wp-json\/wp\/v2\/product_tag?post=4287"}],"curies":[{"name":"wp","href":"https:\/\/api.w.org\/{rel}","templated":true}]}}