{"id":4289,"date":"2025-06-28T16:36:26","date_gmt":"2025-06-28T14:36:26","guid":{"rendered":"https:\/\/uj.adatbank.ro\/lexikon\/termek\/belea-augustin\/"},"modified":"2025-06-28T16:36:26","modified_gmt":"2025-06-28T14:36:26","slug":"belea-augustin","status":"publish","type":"product","link":"https:\/\/uj.adatbank.ro\/lexikon\/termek\/belea-augustin\/","title":{"rendered":"BELEA Augustin"},"content":{"rendered":"<p>G\u00f6rg\u00e9nyszentimre, 1903. szept. 29., \u2020\u00a0? : g. kat. pap. \u2013 G\u00f6rg\u00e9nyoroszfaluban volt lelk\u00e9sz (1938\u201349). A g\u00f6r. kat. egyh\u00e1z betilt\u00e1sa ut\u00e1n G\u00f6rg\u00e9nyszentimr\u00e9n gazd\u00e1lkodott. Ott tartoztatt\u00e1k le \u201et\u00e1rsadalmi rend elleni tev\u00e9kenys\u00e9g\u00e9rt\u201d (1959. szept. 28.). 5 \u00e9vre \u00edt\u00e9lt\u00e9k. <br \/><strong>Irod.:<\/strong> \u00c1ldozatok; Bartos 2012; Reghin, Protopopiat<\/br><\/p>\n","protected":false},"excerpt":{"rendered":"<p>G\u00f6rg\u00e9nyszentimre, 1903. szept. 29., \u2020\u00a0? : g. kat. pap. \u2013 G\u00f6rg\u00e9nyoroszfaluban volt lelk\u00e9sz (1938\u201349). A g\u00f6r. kat. egyh\u00e1z betilt\u00e1sa ut\u00e1n G\u00f6rg\u00e9nyszentimr\u00e9n gazd\u00e1lkodott. Ott tartoztatt\u00e1k le \u201et\u00e1rsadalmi rend elleni tev\u00e9kenys\u00e9g\u00e9rt\u201d (1959. szept. 28.). 5 \u00e9vre \u00edt\u00e9lt\u00e9k. Irod.: \u00c1ldozatok; Bartos 2012; Reghin, Protopopiat<\/p>\n","protected":false},"featured_media":0,"comment_status":"open","ping_status":"closed","template":"","meta":[],"product_brand":[],"product_cat":[137],"product_tag":[],"class_list":{"0":"post-4289","1":"product","2":"type-product","3":"status-publish","5":"product_cat-maros-megyei-eletrajzi-lexikon","7":"first","8":"instock","9":"shipping-taxable","10":"product-type-simple"},"_links":{"self":[{"href":"https:\/\/uj.adatbank.ro\/lexikon\/wp-json\/wp\/v2\/product\/4289","targetHints":{"allow":["GET"]}}],"collection":[{"href":"https:\/\/uj.adatbank.ro\/lexikon\/wp-json\/wp\/v2\/product"}],"about":[{"href":"https:\/\/uj.adatbank.ro\/lexikon\/wp-json\/wp\/v2\/types\/product"}],"replies":[{"embeddable":true,"href":"https:\/\/uj.adatbank.ro\/lexikon\/wp-json\/wp\/v2\/comments?post=4289"}],"wp:attachment":[{"href":"https:\/\/uj.adatbank.ro\/lexikon\/wp-json\/wp\/v2\/media?parent=4289"}],"wp:term":[{"taxonomy":"product_brand","embeddable":true,"href":"https:\/\/uj.adatbank.ro\/lexikon\/wp-json\/wp\/v2\/product_brand?post=4289"},{"taxonomy":"product_cat","embeddable":true,"href":"https:\/\/uj.adatbank.ro\/lexikon\/wp-json\/wp\/v2\/product_cat?post=4289"},{"taxonomy":"product_tag","embeddable":true,"href":"https:\/\/uj.adatbank.ro\/lexikon\/wp-json\/wp\/v2\/product_tag?post=4289"}],"curies":[{"name":"wp","href":"https:\/\/api.w.org\/{rel}","templated":true}]}}