{"id":4290,"date":"2025-06-28T16:36:29","date_gmt":"2025-06-28T14:36:29","guid":{"rendered":"https:\/\/uj.adatbank.ro\/lexikon\/termek\/belea-nicodim\/"},"modified":"2025-06-28T16:36:29","modified_gmt":"2025-06-28T14:36:29","slug":"belea-nicodim","status":"publish","type":"product","link":"https:\/\/uj.adatbank.ro\/lexikon\/termek\/belea-nicodim\/","title":{"rendered":"BELEA Nicodim"},"content":{"rendered":"<p>S\u00f6v\u00e9nyfalva, 1907. febr. 25., \u2020 Fischerhude Bremen, 1986. szept. 27.: ort. pap. \u2013 A k\u00f6z\u00e9piskol\u00e1it a meggyesi \u00e9s az erzs\u00e9betv\u00e1rosi n\u00e9met l\u00edc.-ban v\u00e9gezte (1917\u201331), a teol\u00f3gi\u00e1t Szebenben, Kisinyovban hallgatta, doktor\u00e1lt Buk.-ben (1953). Tev\u00e9kenykedett Szebenben, B\u00f6l\u00f6nben, Apanagyfalun, Kv.-on, Gyulafeh\u00e9rv\u00e1rt, Sepsiszentgy\u00f6rgy\u00f6n, Brass\u00f3ban. <br \/><strong>Irod.:<\/strong> Mitropolia Ardealului (1986. nr. 6); MMK; P\u0103curariu; Todea 2013<\/br><\/p>\n","protected":false},"excerpt":{"rendered":"<p>S\u00f6v\u00e9nyfalva, 1907. febr. 25., \u2020 Fischerhude Bremen, 1986. szept. 27.: ort. pap. \u2013 A k\u00f6z\u00e9piskol\u00e1it a meggyesi \u00e9s az erzs\u00e9betv\u00e1rosi n\u00e9met l\u00edc.-ban v\u00e9gezte (1917\u201331), a teol\u00f3gi\u00e1t Szebenben, Kisinyovban hallgatta, doktor\u00e1lt Buk.-ben (1953). Tev\u00e9kenykedett Szebenben, B\u00f6l\u00f6nben, Apanagyfalun, Kv.-on, Gyulafeh\u00e9rv\u00e1rt, Sepsiszentgy\u00f6rgy\u00f6n, Brass\u00f3ban. Irod.: Mitropolia Ardealului (1986. nr. 6); MMK; P\u0103curariu; Todea 2013<\/p>\n","protected":false},"featured_media":0,"comment_status":"open","ping_status":"closed","template":"","meta":[],"product_brand":[],"product_cat":[137],"product_tag":[],"class_list":{"0":"post-4290","1":"product","2":"type-product","3":"status-publish","5":"product_cat-maros-megyei-eletrajzi-lexikon","7":"first","8":"instock","9":"shipping-taxable","10":"product-type-simple"},"_links":{"self":[{"href":"https:\/\/uj.adatbank.ro\/lexikon\/wp-json\/wp\/v2\/product\/4290","targetHints":{"allow":["GET"]}}],"collection":[{"href":"https:\/\/uj.adatbank.ro\/lexikon\/wp-json\/wp\/v2\/product"}],"about":[{"href":"https:\/\/uj.adatbank.ro\/lexikon\/wp-json\/wp\/v2\/types\/product"}],"replies":[{"embeddable":true,"href":"https:\/\/uj.adatbank.ro\/lexikon\/wp-json\/wp\/v2\/comments?post=4290"}],"wp:attachment":[{"href":"https:\/\/uj.adatbank.ro\/lexikon\/wp-json\/wp\/v2\/media?parent=4290"}],"wp:term":[{"taxonomy":"product_brand","embeddable":true,"href":"https:\/\/uj.adatbank.ro\/lexikon\/wp-json\/wp\/v2\/product_brand?post=4290"},{"taxonomy":"product_cat","embeddable":true,"href":"https:\/\/uj.adatbank.ro\/lexikon\/wp-json\/wp\/v2\/product_cat?post=4290"},{"taxonomy":"product_tag","embeddable":true,"href":"https:\/\/uj.adatbank.ro\/lexikon\/wp-json\/wp\/v2\/product_tag?post=4290"}],"curies":[{"name":"wp","href":"https:\/\/api.w.org\/{rel}","templated":true}]}}