{"id":4291,"date":"2025-06-28T16:36:32","date_gmt":"2025-06-28T14:36:32","guid":{"rendered":"https:\/\/uj.adatbank.ro\/lexikon\/termek\/belenyesi-janos\/"},"modified":"2025-06-28T16:36:32","modified_gmt":"2025-06-28T14:36:32","slug":"belenyesi-janos","status":"publish","type":"product","link":"https:\/\/uj.adatbank.ro\/lexikon\/termek\/belenyesi-janos\/","title":{"rendered":"BEL\u00c9NYESI J\u00e1nos"},"content":{"rendered":"<p>? \u2020 ? : lelk\u00e9sz. \u2013 Kv.-on subscrib\u00e1lt (1670 k.). A g\u00f6rgy\u00e9nyi ref, egyh\u00e1zmegy\u00e9ben m\u0171k\u00f6d\u00f6tt (1677\u20131722). <br \/><strong>Irod.:<\/strong> \u0150sz<\/br><\/p>\n","protected":false},"excerpt":{"rendered":"<p>? \u2020 ? : lelk\u00e9sz. \u2013 Kv.-on subscrib\u00e1lt (1670 k.). A g\u00f6rgy\u00e9nyi ref, egyh\u00e1zmegy\u00e9ben m\u0171k\u00f6d\u00f6tt (1677\u20131722). Irod.: \u0150sz<\/p>\n","protected":false},"featured_media":0,"comment_status":"open","ping_status":"closed","template":"","meta":[],"product_brand":[],"product_cat":[137],"product_tag":[],"class_list":{"0":"post-4291","1":"product","2":"type-product","3":"status-publish","5":"product_cat-maros-megyei-eletrajzi-lexikon","7":"first","8":"instock","9":"shipping-taxable","10":"product-type-simple"},"_links":{"self":[{"href":"https:\/\/uj.adatbank.ro\/lexikon\/wp-json\/wp\/v2\/product\/4291","targetHints":{"allow":["GET"]}}],"collection":[{"href":"https:\/\/uj.adatbank.ro\/lexikon\/wp-json\/wp\/v2\/product"}],"about":[{"href":"https:\/\/uj.adatbank.ro\/lexikon\/wp-json\/wp\/v2\/types\/product"}],"replies":[{"embeddable":true,"href":"https:\/\/uj.adatbank.ro\/lexikon\/wp-json\/wp\/v2\/comments?post=4291"}],"wp:attachment":[{"href":"https:\/\/uj.adatbank.ro\/lexikon\/wp-json\/wp\/v2\/media?parent=4291"}],"wp:term":[{"taxonomy":"product_brand","embeddable":true,"href":"https:\/\/uj.adatbank.ro\/lexikon\/wp-json\/wp\/v2\/product_brand?post=4291"},{"taxonomy":"product_cat","embeddable":true,"href":"https:\/\/uj.adatbank.ro\/lexikon\/wp-json\/wp\/v2\/product_cat?post=4291"},{"taxonomy":"product_tag","embeddable":true,"href":"https:\/\/uj.adatbank.ro\/lexikon\/wp-json\/wp\/v2\/product_tag?post=4291"}],"curies":[{"name":"wp","href":"https:\/\/api.w.org\/{rel}","templated":true}]}}