{"id":4293,"date":"2025-06-28T16:36:38","date_gmt":"2025-06-28T14:36:38","guid":{"rendered":"https:\/\/uj.adatbank.ro\/lexikon\/termek\/bell-gyorgy\/"},"modified":"2025-06-28T16:36:38","modified_gmt":"2025-06-28T14:36:38","slug":"bell-gyorgy","status":"publish","type":"product","link":"https:\/\/uj.adatbank.ro\/lexikon\/termek\/bell-gyorgy\/","title":{"rendered":"BELL Gy\u00f6rgy"},"content":{"rendered":"<p>? \u2020\u00a0? : bor\u00e1sz. \u2013 Z\u00e1gori bor\u00e1sz. <br \/><strong>Irod.:<\/strong> Bor\u00e1szati t\u00f6rzsk\u00f6nyv (Bp., 1881, 1883), A Magyro.-i k\u00f6z\u00e9piskol\u00e1kban 1850\u201355 \u2013ig megjelent \u00f6sszes programm\u00e9rtekez\u00e9sek repert\u00f3riuma (Bp., 1887)<\/br><\/p>\n","protected":false},"excerpt":{"rendered":"<p>? \u2020\u00a0? : bor\u00e1sz. \u2013 Z\u00e1gori bor\u00e1sz. Irod.: Bor\u00e1szati t\u00f6rzsk\u00f6nyv (Bp., 1881, 1883), A Magyro.-i k\u00f6z\u00e9piskol\u00e1kban 1850\u201355 \u2013ig megjelent \u00f6sszes programm\u00e9rtekez\u00e9sek repert\u00f3riuma (Bp., 1887)<\/p>\n","protected":false},"featured_media":0,"comment_status":"open","ping_status":"closed","template":"","meta":[],"product_brand":[],"product_cat":[137],"product_tag":[],"class_list":{"0":"post-4293","1":"product","2":"type-product","3":"status-publish","5":"product_cat-maros-megyei-eletrajzi-lexikon","7":"first","8":"instock","9":"shipping-taxable","10":"product-type-simple"},"_links":{"self":[{"href":"https:\/\/uj.adatbank.ro\/lexikon\/wp-json\/wp\/v2\/product\/4293","targetHints":{"allow":["GET"]}}],"collection":[{"href":"https:\/\/uj.adatbank.ro\/lexikon\/wp-json\/wp\/v2\/product"}],"about":[{"href":"https:\/\/uj.adatbank.ro\/lexikon\/wp-json\/wp\/v2\/types\/product"}],"replies":[{"embeddable":true,"href":"https:\/\/uj.adatbank.ro\/lexikon\/wp-json\/wp\/v2\/comments?post=4293"}],"wp:attachment":[{"href":"https:\/\/uj.adatbank.ro\/lexikon\/wp-json\/wp\/v2\/media?parent=4293"}],"wp:term":[{"taxonomy":"product_brand","embeddable":true,"href":"https:\/\/uj.adatbank.ro\/lexikon\/wp-json\/wp\/v2\/product_brand?post=4293"},{"taxonomy":"product_cat","embeddable":true,"href":"https:\/\/uj.adatbank.ro\/lexikon\/wp-json\/wp\/v2\/product_cat?post=4293"},{"taxonomy":"product_tag","embeddable":true,"href":"https:\/\/uj.adatbank.ro\/lexikon\/wp-json\/wp\/v2\/product_tag?post=4293"}],"curies":[{"name":"wp","href":"https:\/\/api.w.org\/{rel}","templated":true}]}}