{"id":4297,"date":"2025-06-28T16:36:52","date_gmt":"2025-06-28T14:36:52","guid":{"rendered":"https:\/\/uj.adatbank.ro\/lexikon\/termek\/bella-maria\/"},"modified":"2025-06-28T16:36:52","modified_gmt":"2025-06-28T14:36:52","slug":"bella-maria","status":"publish","type":"product","link":"https:\/\/uj.adatbank.ro\/lexikon\/termek\/bella-maria\/","title":{"rendered":"BELLA M\u00e1ria"},"content":{"rendered":"<p>? \u2020 ? : orvosn\u0151. \u2013 Az I. vh. idej\u00e9n a mv.-i cs. \u00e9s kir. csapatk\u00f3rh\u00e1zn\u00e1l orvosk\u00e9nt m\u0171k\u00f6d\u00f6tt. \u00c9rdemei\u00e9rt a V\u00f6r\u00f6skereszt II. oszt. tiszteletjelv\u00e9ny\u00e9t a hadi\u00e9k\u00edtm\u00e9nnyel kapta. <br \/><strong>Irod.:<\/strong> Koszta; Mv. \u00e9s a h\u00e1bor\u00fa 1\u20132.<\/br><\/p>\n","protected":false},"excerpt":{"rendered":"<p>? \u2020 ? : orvosn\u0151. \u2013 Az I. vh. idej\u00e9n a mv.-i cs. \u00e9s kir. csapatk\u00f3rh\u00e1zn\u00e1l orvosk\u00e9nt m\u0171k\u00f6d\u00f6tt. \u00c9rdemei\u00e9rt a V\u00f6r\u00f6skereszt II. oszt. tiszteletjelv\u00e9ny\u00e9t a hadi\u00e9k\u00edtm\u00e9nnyel kapta. Irod.: Koszta; Mv. \u00e9s a h\u00e1bor\u00fa 1\u20132.<\/p>\n","protected":false},"featured_media":0,"comment_status":"open","ping_status":"closed","template":"","meta":[],"product_brand":[],"product_cat":[137],"product_tag":[],"class_list":{"0":"post-4297","1":"product","2":"type-product","3":"status-publish","5":"product_cat-maros-megyei-eletrajzi-lexikon","7":"first","8":"instock","9":"shipping-taxable","10":"product-type-simple"},"_links":{"self":[{"href":"https:\/\/uj.adatbank.ro\/lexikon\/wp-json\/wp\/v2\/product\/4297","targetHints":{"allow":["GET"]}}],"collection":[{"href":"https:\/\/uj.adatbank.ro\/lexikon\/wp-json\/wp\/v2\/product"}],"about":[{"href":"https:\/\/uj.adatbank.ro\/lexikon\/wp-json\/wp\/v2\/types\/product"}],"replies":[{"embeddable":true,"href":"https:\/\/uj.adatbank.ro\/lexikon\/wp-json\/wp\/v2\/comments?post=4297"}],"wp:attachment":[{"href":"https:\/\/uj.adatbank.ro\/lexikon\/wp-json\/wp\/v2\/media?parent=4297"}],"wp:term":[{"taxonomy":"product_brand","embeddable":true,"href":"https:\/\/uj.adatbank.ro\/lexikon\/wp-json\/wp\/v2\/product_brand?post=4297"},{"taxonomy":"product_cat","embeddable":true,"href":"https:\/\/uj.adatbank.ro\/lexikon\/wp-json\/wp\/v2\/product_cat?post=4297"},{"taxonomy":"product_tag","embeddable":true,"href":"https:\/\/uj.adatbank.ro\/lexikon\/wp-json\/wp\/v2\/product_tag?post=4297"}],"curies":[{"name":"wp","href":"https:\/\/api.w.org\/{rel}","templated":true}]}}