{"id":4298,"date":"2025-06-28T16:36:54","date_gmt":"2025-06-28T14:36:54","guid":{"rendered":"https:\/\/uj.adatbank.ro\/lexikon\/termek\/belle-bela-dr\/"},"modified":"2025-06-28T16:36:54","modified_gmt":"2025-06-28T14:36:54","slug":"belle-bela-dr","status":"publish","type":"product","link":"https:\/\/uj.adatbank.ro\/lexikon\/termek\/belle-bela-dr\/","title":{"rendered":"BELLE B\u00e9la, dr."},"content":{"rendered":"<p>1932., \u2020 Mv., 1990. \u00e1pr. 14.: fogorvos, sz\u00e1jseb\u00e9sz-f\u0151orvos. \u2013 Kv.-on v\u00e9gezett az orvosi egyetemen (1958). Mv.-en kezdett a fog\u00e1szaton dolgozni. Megalakult a sz\u00e9jseb\u00e9szet (1960). Sz\u00e1jseb\u00e9szezti Klinika k\u00f3rh\u00e1zi sz\u00e1jseb\u00e9sz szakorvosa, dr. R\u00e9der Istv\u00e1n vezet\u00e9se alatt dolgozott hal\u00e1l\u00e1ig. <br \/><strong>Irod.:<\/strong> Kiss Cs. M 4.; MMK; [Nekrol\u00f3g] (N\u00fa., 1990. \u00e1pr. 18.); P\u00e9ter Mih\u00e1ly 2006<\/br><\/p>\n","protected":false},"excerpt":{"rendered":"<p>1932., \u2020 Mv., 1990. \u00e1pr. 14.: fogorvos, sz\u00e1jseb\u00e9sz-f\u0151orvos. \u2013 Kv.-on v\u00e9gezett az orvosi egyetemen (1958). Mv.-en kezdett a fog\u00e1szaton dolgozni. Megalakult a sz\u00e9jseb\u00e9szet (1960). Sz\u00e1jseb\u00e9szezti Klinika k\u00f3rh\u00e1zi sz\u00e1jseb\u00e9sz szakorvosa, dr. R\u00e9der Istv\u00e1n vezet\u00e9se alatt dolgozott hal\u00e1l\u00e1ig. Irod.: Kiss Cs. M 4.; MMK; [Nekrol\u00f3g] (N\u00fa., 1990. \u00e1pr. 18.); P\u00e9ter Mih\u00e1ly 2006<\/p>\n","protected":false},"featured_media":0,"comment_status":"open","ping_status":"closed","template":"","meta":[],"product_brand":[],"product_cat":[137],"product_tag":[],"class_list":{"0":"post-4298","1":"product","2":"type-product","3":"status-publish","5":"product_cat-maros-megyei-eletrajzi-lexikon","7":"first","8":"instock","9":"shipping-taxable","10":"product-type-simple"},"_links":{"self":[{"href":"https:\/\/uj.adatbank.ro\/lexikon\/wp-json\/wp\/v2\/product\/4298","targetHints":{"allow":["GET"]}}],"collection":[{"href":"https:\/\/uj.adatbank.ro\/lexikon\/wp-json\/wp\/v2\/product"}],"about":[{"href":"https:\/\/uj.adatbank.ro\/lexikon\/wp-json\/wp\/v2\/types\/product"}],"replies":[{"embeddable":true,"href":"https:\/\/uj.adatbank.ro\/lexikon\/wp-json\/wp\/v2\/comments?post=4298"}],"wp:attachment":[{"href":"https:\/\/uj.adatbank.ro\/lexikon\/wp-json\/wp\/v2\/media?parent=4298"}],"wp:term":[{"taxonomy":"product_brand","embeddable":true,"href":"https:\/\/uj.adatbank.ro\/lexikon\/wp-json\/wp\/v2\/product_brand?post=4298"},{"taxonomy":"product_cat","embeddable":true,"href":"https:\/\/uj.adatbank.ro\/lexikon\/wp-json\/wp\/v2\/product_cat?post=4298"},{"taxonomy":"product_tag","embeddable":true,"href":"https:\/\/uj.adatbank.ro\/lexikon\/wp-json\/wp\/v2\/product_tag?post=4298"}],"curies":[{"name":"wp","href":"https:\/\/api.w.org\/{rel}","templated":true}]}}