{"id":4302,"date":"2025-06-28T16:37:07","date_gmt":"2025-06-28T14:37:07","guid":{"rendered":"https:\/\/uj.adatbank.ro\/lexikon\/termek\/belteki-dragfi-bertalan\/"},"modified":"2025-06-28T16:37:07","modified_gmt":"2025-06-28T14:37:07","slug":"belteki-dragfi-bertalan","status":"publish","type":"product","link":"https:\/\/uj.adatbank.ro\/lexikon\/termek\/belteki-dragfi-bertalan\/","title":{"rendered":"B\u00c9LTEKI Dr\u00e1gfi Bertalan"},"content":{"rendered":"<p>1493 \u2013 1498. j\u00fal. 15.: <br \/><strong>Irod.:<\/strong> Sz\u00e9kelyf\u0151ld t\u00f6rt. 1.<\/br><\/p>\n","protected":false},"excerpt":{"rendered":"<p>1493 \u2013 1498. j\u00fal. 15.: Irod.: Sz\u00e9kelyf\u0151ld t\u00f6rt. 1.<\/p>\n","protected":false},"featured_media":0,"comment_status":"open","ping_status":"closed","template":"","meta":[],"product_brand":[],"product_cat":[137],"product_tag":[],"class_list":{"0":"post-4302","1":"product","2":"type-product","3":"status-publish","5":"product_cat-maros-megyei-eletrajzi-lexikon","7":"first","8":"instock","9":"shipping-taxable","10":"product-type-simple"},"_links":{"self":[{"href":"https:\/\/uj.adatbank.ro\/lexikon\/wp-json\/wp\/v2\/product\/4302","targetHints":{"allow":["GET"]}}],"collection":[{"href":"https:\/\/uj.adatbank.ro\/lexikon\/wp-json\/wp\/v2\/product"}],"about":[{"href":"https:\/\/uj.adatbank.ro\/lexikon\/wp-json\/wp\/v2\/types\/product"}],"replies":[{"embeddable":true,"href":"https:\/\/uj.adatbank.ro\/lexikon\/wp-json\/wp\/v2\/comments?post=4302"}],"wp:attachment":[{"href":"https:\/\/uj.adatbank.ro\/lexikon\/wp-json\/wp\/v2\/media?parent=4302"}],"wp:term":[{"taxonomy":"product_brand","embeddable":true,"href":"https:\/\/uj.adatbank.ro\/lexikon\/wp-json\/wp\/v2\/product_brand?post=4302"},{"taxonomy":"product_cat","embeddable":true,"href":"https:\/\/uj.adatbank.ro\/lexikon\/wp-json\/wp\/v2\/product_cat?post=4302"},{"taxonomy":"product_tag","embeddable":true,"href":"https:\/\/uj.adatbank.ro\/lexikon\/wp-json\/wp\/v2\/product_tag?post=4302"}],"curies":[{"name":"wp","href":"https:\/\/api.w.org\/{rel}","templated":true}]}}