{"id":4307,"date":"2025-06-28T16:37:20","date_gmt":"2025-06-28T14:37:20","guid":{"rendered":"https:\/\/uj.adatbank.ro\/lexikon\/termek\/belteki-nagy-zsigmond-belteki-zsigmond-nagy-zsigmond\/"},"modified":"2026-02-17T16:44:45","modified_gmt":"2026-02-17T15:44:45","slug":"belteki-nagy-zsigmond-belteki-zsigmond-nagy-zsigmond","status":"publish","type":"product","link":"https:\/\/uj.adatbank.ro\/lexikon\/termek\/belteki-nagy-zsigmond-belteki-zsigmond-nagy-zsigmond\/","title":{"rendered":"B\u00c9LTEKI NAGY Zsigmond, B\u00e9lteki Zsigmond, Nagy Zsigmond"},"content":{"rendered":"<p>Mv, 1786. okt. 12., \u2020 Mv., 1859. \u00e1pr. 29.: orvos, marossz\u00e9ki f\u0151orvos. \u2013 Apja szab\u00f3 mester, anyja d\u00e1lnoki Kov\u00e1ts Anna. Feles\u00e9ge: B\u00e1nyai Krisztina (1820. jan. 1.- Mv., 1871. jan. 10.), h\u00e9t gyermek\u00fck volt, n\u00e9gy fi\u00fak: Ferenc, J\u00e1nos (1822 \u2020 1862. m\u00e1j. 28.) orvosok, P\u00e1l \u00e9s K\u00e1roly. \u2013 A kv.-i ref. koll.-ban tanult (1810-ig), \u00e1tiratkozott a Kir\u00e1lyi L\u00edc.-ba, ahol mineralogi\u00e1t, k\u00e9mi\u00e1t \u00e9s seb\u00e9szetet hallgatott, orvosi tanulm\u00e1nyokat B\u00e9csben folytatott (1811\u201318. febr.). Torda vm. megh\u00edvta f\u0151orvosnak, elfoglalta az \u00e1llom\u00e1shely\u00e9t (1818. j\u00fal. 1. \u2013 1821. szept). M\u00e1tyus Gy\u00f6rgy f\u0151orvos hal\u00e1la ut\u00e1n meg\u00fcresedett \u00e1ll\u00e1sba megv\u00e1lasztott\u00e1k Mv-re f\u0151orvosnak (1821. szept. 24. \u2013). Kidolgozta a patikavizit\u00e1ci\u00f3k m\u00f3dszertan\u00e1t (latin nyelven), \u00e9s t\u00f6bb k\u00f6rny\u00e9kbeli patik\u00e1nak adott seg\u00edts\u00e9get azok megszervez\u00e9s\u00e9ben. Tanulm\u00e1nyozta \u00e9s elemezte az erd\u00e9lyi \u00e1sv\u00e1nyvizek \u00f6sszet\u00e9tel\u00e9t, gy\u00f3gyhat\u00e1s\u00e1t. Els\u0151k\u00e9nt kezelte a mal\u00e1ri\u00e1t kininnel (1826), ugyancsak \u0151 ismerte fel a himl\u0151 elleni olt\u00e1s h\u00e9t \u00e9venk\u00e9nti megism\u00e9tl\u00e9s\u00e9nek fontoss\u00e1g\u00e1t (1829). Sikeresen k\u00fczd\u00f6tt a mv.-i koleraj\u00e1rv\u00e1ny ellen (1831; 1836), felfedezte ennek ellenszer\u00e9t, de igazs\u00e1gtalanul m\u00e1snak adt\u00e1k az \u00e9rte j\u00e1r\u00f3 jutalmat. A s\u00falyos j\u00e1rv\u00e1nyok k\u00e9sztett\u00e9k a kolera elleni harc zsebk\u00f6nyv\u00e9nek meg\u00edr\u00e1s\u00e1ra, az\u00e9rt, h. orvost\u00e1rsainak is seg\u00edts\u00e9get ny\u00fajtson (Zseb K\u00f6nyv, 1831). Sokat f\u00e1radozott a cs\u00e1sz\u00e1ri hadsereg soraiban (1849), majd a Marossz\u00e9kben kit\u00f6rt (1851) h\u00f3lyagos himl\u0151j\u00e1rv\u00e1ny megsz\u00fcntet\u00e9s\u00e9\u00e9rt. A Mv.-i Kir\u00e1lyi T\u00e1bla tagj\u00e1v\u00e1 v\u00e1lasztott\u00e1k (1828), Marossz\u00e9k tisztiorvosa (1831\u2013). Emberbar\u00e1t, a t\u00e1rsadalmi \u00e9letben tev\u00e9kenyen vett r\u00e9szt. A Ref. Koll. algondnoka hal\u00e1l\u00e1ig (1834. aug. 24. \u2013 1859. \u00e1pr. 29). Soroz\u00f3orvos (1850). Cikkeket \u00edrt a Vas\u00e1rnapi \u00dajs\u00e1g-ban (1857\u201358). A Kir. M. Ter\u00e9szet Tudom\u00e1nyi T\u00e1rsulat rendes tagj\u00e1v\u00e1 v\u00e1lasztott\u00e1k Pesten (1846. m\u00e1rc. 11.). Napl\u00f3t vezetett, \u00f6n\u00e9let\u00edr\u00e1st: Famili\u00e1m Jegyz\u0151 K\u00f6nyve, 1826\u20131857 c.-mel, amelynek eredetije mag\u00e1ntulajdonban van, sajt\u00f3 al\u00e1 rendezte Sebesty\u00e9n Mih\u00e1ly. Folytat\u00e1s\u00e1t J\u00e1nos fi\u00e1ra hagyta, aki r\u00f6viddel apja hal\u00e1la ut\u00e1n szint\u00e9n meghalt. \u2013 <strong>F. m.:<\/strong> Dissertatio inaug. medica sistens conspectum systematico-practicum aquarum mineralium Magni Principatus Transylvaniae indigenarum (Vindobonae, 1818.); Familia jegyz\u0151k\u00f6nyve = Marossz\u00e9ki kr\u00f3nik\u00e1k, 2.; Erd\u00e9ly Hist\u00f3ri\u00e1j\u00e1nak r\u00f6vid \u00e1tn\u00e9zete (Mv., 1837); Vet\u00e9st puszt\u00edt\u00f3 rovarok (Pest, 1857.).<br \/>\n<strong>Irod.:<\/strong> Benk\u0151 K.: Mv.; Id\u0151t\u00e1r 2; Guly\u00e1s; Gy\u00e1szjelent\u0151; Id\u0151t\u00e1r 1; Koncz; Kr\u00f3n. F\u00fcz. (1939. 4\/4); Marossz\u00e9ki kr\u00f3nik\u00e1k 1\u20132.; Ol\u00e1h-G\u00e1l R\u00f3bert: Az els\u0151 mv.-i doktorok (N\u00fa., Sz\u00ednes Vil\u00e1g, 2012. j\u00fan. 16.); P\u00e1l-Antal; P\u00e1lmay J\u00f3zsef; Spielmann-Sebesty\u00e9n Mih\u00e1ly: B. N. Zs. orvosdoktor csal\u00e1di feljegyz\u00e9sei, 1826\u20131857 = Mv. t\u00f6rt. 2.; K\u00f6nyvek \u00e1ltal\u2026; Szab\u00f3\u2013Sz\u00f6gi; Szinnyei; Todea\u2013F\u00fcl\u00f6p\u2013Avram; Zepeczaner Jen\u0151. Maros-Torda megye f\u00fcrd\u0151\u00e9lete a dualizmus kor\u00e1ban. = P\u00e1l-Antal\u2013Simon<\/p>\n","protected":false},"excerpt":{"rendered":"<p>Mv, 1786. okt. 12., \u2020 Mv., 1859. \u00e1pr. 29.: orvos, marossz\u00e9ki f\u0151orvos. \u2013 Apja szab\u00f3 mester, anyja d\u00e1lnoki Kov\u00e1ts Anna. Feles\u00e9ge: B\u00e1nyai Krisztina (1820. jan. 1.- Mv., 1871. jan. 10.), h\u00e9t gyermek\u00fck volt, n\u00e9gy fi\u00fak: Ferenc, J\u00e1nos (1822 \u2020 1862. m\u00e1j. 28.) orvosok, P\u00e1l \u00e9s K\u00e1roly. \u2013 A kv.-i ref. koll.-ban tanult (1810-ig), \u00e1tiratkozott a [&hellip;]<\/p>\n","protected":false},"featured_media":0,"comment_status":"open","ping_status":"closed","template":"","meta":[],"product_brand":[],"product_cat":[137],"product_tag":[],"class_list":{"0":"post-4307","1":"product","2":"type-product","3":"status-publish","5":"product_cat-maros-megyei-eletrajzi-lexikon","7":"first","8":"instock","9":"shipping-taxable","10":"product-type-simple"},"_links":{"self":[{"href":"https:\/\/uj.adatbank.ro\/lexikon\/wp-json\/wp\/v2\/product\/4307","targetHints":{"allow":["GET"]}}],"collection":[{"href":"https:\/\/uj.adatbank.ro\/lexikon\/wp-json\/wp\/v2\/product"}],"about":[{"href":"https:\/\/uj.adatbank.ro\/lexikon\/wp-json\/wp\/v2\/types\/product"}],"replies":[{"embeddable":true,"href":"https:\/\/uj.adatbank.ro\/lexikon\/wp-json\/wp\/v2\/comments?post=4307"}],"wp:attachment":[{"href":"https:\/\/uj.adatbank.ro\/lexikon\/wp-json\/wp\/v2\/media?parent=4307"}],"wp:term":[{"taxonomy":"product_brand","embeddable":true,"href":"https:\/\/uj.adatbank.ro\/lexikon\/wp-json\/wp\/v2\/product_brand?post=4307"},{"taxonomy":"product_cat","embeddable":true,"href":"https:\/\/uj.adatbank.ro\/lexikon\/wp-json\/wp\/v2\/product_cat?post=4307"},{"taxonomy":"product_tag","embeddable":true,"href":"https:\/\/uj.adatbank.ro\/lexikon\/wp-json\/wp\/v2\/product_tag?post=4307"}],"curies":[{"name":"wp","href":"https:\/\/api.w.org\/{rel}","templated":true}]}}