{"id":4309,"date":"2025-06-28T16:37:23","date_gmt":"2025-06-28T14:37:23","guid":{"rendered":"https:\/\/uj.adatbank.ro\/lexikon\/termek\/belteky-varga-gergely-makfalvi-beltheky-varga-gergely\/"},"modified":"2025-06-28T16:37:23","modified_gmt":"2025-06-28T14:37:23","slug":"belteky-varga-gergely-makfalvi-beltheky-varga-gergely","status":"publish","type":"product","link":"https:\/\/uj.adatbank.ro\/lexikon\/termek\/belteky-varga-gergely-makfalvi-beltheky-varga-gergely\/","title":{"rendered":"B\u00c9LTEKY VARGA Gergely, makfalvi, B\u00e9ltheky Varga Gergely"},"content":{"rendered":"<p>? \u2020 ? : nemes. \u2013 Bethlen G\u00e1bort\u00f3l nyert nemeslevelet, c. n. l. (1619. aug. 10.). <br \/><strong>Irod.:<\/strong> P\u00e1lmay<\/br><\/p>\n","protected":false},"excerpt":{"rendered":"<p>? \u2020 ? : nemes. \u2013 Bethlen G\u00e1bort\u00f3l nyert nemeslevelet, c. n. l. (1619. aug. 10.). Irod.: P\u00e1lmay<\/p>\n","protected":false},"featured_media":0,"comment_status":"open","ping_status":"closed","template":"","meta":[],"product_brand":[],"product_cat":[137],"product_tag":[],"class_list":{"0":"post-4309","1":"product","2":"type-product","3":"status-publish","5":"product_cat-maros-megyei-eletrajzi-lexikon","7":"first","8":"instock","9":"shipping-taxable","10":"product-type-simple"},"_links":{"self":[{"href":"https:\/\/uj.adatbank.ro\/lexikon\/wp-json\/wp\/v2\/product\/4309","targetHints":{"allow":["GET"]}}],"collection":[{"href":"https:\/\/uj.adatbank.ro\/lexikon\/wp-json\/wp\/v2\/product"}],"about":[{"href":"https:\/\/uj.adatbank.ro\/lexikon\/wp-json\/wp\/v2\/types\/product"}],"replies":[{"embeddable":true,"href":"https:\/\/uj.adatbank.ro\/lexikon\/wp-json\/wp\/v2\/comments?post=4309"}],"wp:attachment":[{"href":"https:\/\/uj.adatbank.ro\/lexikon\/wp-json\/wp\/v2\/media?parent=4309"}],"wp:term":[{"taxonomy":"product_brand","embeddable":true,"href":"https:\/\/uj.adatbank.ro\/lexikon\/wp-json\/wp\/v2\/product_brand?post=4309"},{"taxonomy":"product_cat","embeddable":true,"href":"https:\/\/uj.adatbank.ro\/lexikon\/wp-json\/wp\/v2\/product_cat?post=4309"},{"taxonomy":"product_tag","embeddable":true,"href":"https:\/\/uj.adatbank.ro\/lexikon\/wp-json\/wp\/v2\/product_tag?post=4309"}],"curies":[{"name":"wp","href":"https:\/\/api.w.org\/{rel}","templated":true}]}}