{"id":4311,"date":"2025-06-28T16:37:29","date_gmt":"2025-06-28T14:37:29","guid":{"rendered":"https:\/\/uj.adatbank.ro\/lexikon\/termek\/bencze-gyula\/"},"modified":"2025-06-28T16:37:29","modified_gmt":"2025-06-28T14:37:29","slug":"bencze-gyula","status":"publish","type":"product","link":"https:\/\/uj.adatbank.ro\/lexikon\/termek\/bencze-gyula\/","title":{"rendered":"BENCZE Gyula"},"content":{"rendered":"<p>1884.? \u2020\u00a0? : tan\u00edt\u00f3-igazgat\u00f3. \u2013 A makfalvi Wessel\u00e9nyi iskola igazgat\u00f3ja (1925\u201326). <br \/><strong>Irod.:<\/strong> Guly\u00e1s; Makfalvi okt. t\u00f6rt.<\/br><\/p>\n","protected":false},"excerpt":{"rendered":"<p>1884.? \u2020\u00a0? : tan\u00edt\u00f3-igazgat\u00f3. \u2013 A makfalvi Wessel\u00e9nyi iskola igazgat\u00f3ja (1925\u201326). Irod.: Guly\u00e1s; Makfalvi okt. t\u00f6rt.<\/p>\n","protected":false},"featured_media":0,"comment_status":"open","ping_status":"closed","template":"","meta":[],"product_brand":[],"product_cat":[137],"product_tag":[],"class_list":{"0":"post-4311","1":"product","2":"type-product","3":"status-publish","5":"product_cat-maros-megyei-eletrajzi-lexikon","7":"first","8":"instock","9":"shipping-taxable","10":"product-type-simple"},"_links":{"self":[{"href":"https:\/\/uj.adatbank.ro\/lexikon\/wp-json\/wp\/v2\/product\/4311","targetHints":{"allow":["GET"]}}],"collection":[{"href":"https:\/\/uj.adatbank.ro\/lexikon\/wp-json\/wp\/v2\/product"}],"about":[{"href":"https:\/\/uj.adatbank.ro\/lexikon\/wp-json\/wp\/v2\/types\/product"}],"replies":[{"embeddable":true,"href":"https:\/\/uj.adatbank.ro\/lexikon\/wp-json\/wp\/v2\/comments?post=4311"}],"wp:attachment":[{"href":"https:\/\/uj.adatbank.ro\/lexikon\/wp-json\/wp\/v2\/media?parent=4311"}],"wp:term":[{"taxonomy":"product_brand","embeddable":true,"href":"https:\/\/uj.adatbank.ro\/lexikon\/wp-json\/wp\/v2\/product_brand?post=4311"},{"taxonomy":"product_cat","embeddable":true,"href":"https:\/\/uj.adatbank.ro\/lexikon\/wp-json\/wp\/v2\/product_cat?post=4311"},{"taxonomy":"product_tag","embeddable":true,"href":"https:\/\/uj.adatbank.ro\/lexikon\/wp-json\/wp\/v2\/product_tag?post=4311"}],"curies":[{"name":"wp","href":"https:\/\/api.w.org\/{rel}","templated":true}]}}