{"id":4314,"date":"2025-06-28T16:37:33","date_gmt":"2025-06-28T14:37:33","guid":{"rendered":"https:\/\/uj.adatbank.ro\/lexikon\/termek\/bencze-sandor\/"},"modified":"2025-06-28T16:37:33","modified_gmt":"2025-06-28T14:37:33","slug":"bencze-sandor","status":"publish","type":"product","link":"https:\/\/uj.adatbank.ro\/lexikon\/termek\/bencze-sandor\/","title":{"rendered":"BENCZE S\u00e1ndor"},"content":{"rendered":"<p>Dem\u00e9nyh\u00e1za, 1898. m\u00e1j. 4., \u2020 ? : okl. mez\u0151gazda. \u2013 A bp.-i Tud. Egyetem k\u00f6zgazdas\u00e1gtudom\u00e1nyi kar\u00e1n v\u00e9gzett (1933\u201338), doktor\u00e1lt a J\u00f3zsef m\u0171szaki egyetemen. \u2013 <strong>F. m.:<\/strong> Nemzetis\u00e9gi birtokpolitik\u00e1nk a h\u00e1bor\u00fa el\u0151tt \u00e9s ut\u00e1n (Bp., 1938). <br \/><strong>Irod.:<\/strong> Guly\u00e1s<\/br><\/p>\n","protected":false},"excerpt":{"rendered":"<p>Dem\u00e9nyh\u00e1za, 1898. m\u00e1j. 4., \u2020 ? : okl. mez\u0151gazda. \u2013 A bp.-i Tud. Egyetem k\u00f6zgazdas\u00e1gtudom\u00e1nyi kar\u00e1n v\u00e9gzett (1933\u201338), doktor\u00e1lt a J\u00f3zsef m\u0171szaki egyetemen. \u2013 F. m.: Nemzetis\u00e9gi birtokpolitik\u00e1nk a h\u00e1bor\u00fa el\u0151tt \u00e9s ut\u00e1n (Bp., 1938). Irod.: Guly\u00e1s<\/p>\n","protected":false},"featured_media":0,"comment_status":"open","ping_status":"closed","template":"","meta":[],"product_brand":[],"product_cat":[137],"product_tag":[],"class_list":{"0":"post-4314","1":"product","2":"type-product","3":"status-publish","5":"product_cat-maros-megyei-eletrajzi-lexikon","7":"first","8":"instock","9":"shipping-taxable","10":"product-type-simple"},"_links":{"self":[{"href":"https:\/\/uj.adatbank.ro\/lexikon\/wp-json\/wp\/v2\/product\/4314","targetHints":{"allow":["GET"]}}],"collection":[{"href":"https:\/\/uj.adatbank.ro\/lexikon\/wp-json\/wp\/v2\/product"}],"about":[{"href":"https:\/\/uj.adatbank.ro\/lexikon\/wp-json\/wp\/v2\/types\/product"}],"replies":[{"embeddable":true,"href":"https:\/\/uj.adatbank.ro\/lexikon\/wp-json\/wp\/v2\/comments?post=4314"}],"wp:attachment":[{"href":"https:\/\/uj.adatbank.ro\/lexikon\/wp-json\/wp\/v2\/media?parent=4314"}],"wp:term":[{"taxonomy":"product_brand","embeddable":true,"href":"https:\/\/uj.adatbank.ro\/lexikon\/wp-json\/wp\/v2\/product_brand?post=4314"},{"taxonomy":"product_cat","embeddable":true,"href":"https:\/\/uj.adatbank.ro\/lexikon\/wp-json\/wp\/v2\/product_cat?post=4314"},{"taxonomy":"product_tag","embeddable":true,"href":"https:\/\/uj.adatbank.ro\/lexikon\/wp-json\/wp\/v2\/product_tag?post=4314"}],"curies":[{"name":"wp","href":"https:\/\/api.w.org\/{rel}","templated":true}]}}