{"id":4316,"date":"2025-06-28T16:37:36","date_gmt":"2025-06-28T14:37:36","guid":{"rendered":"https:\/\/uj.adatbank.ro\/lexikon\/termek\/benczedi-ferenc-2\/"},"modified":"2025-06-28T16:37:36","modified_gmt":"2025-06-28T14:37:36","slug":"benczedi-ferenc-2","status":"publish","type":"product","link":"https:\/\/uj.adatbank.ro\/lexikon\/termek\/benczedi-ferenc-2\/","title":{"rendered":"BENCZ\u00c9DI Ferenc"},"content":{"rendered":"<p>Ny\u00e1r\u00e1dszentl\u00e1szl\u00f3, 1926. dec. 21., \u2020 ? : unit. lelk\u00e9sz. \u2013 \u00c9retts\u00e9gizett a sz\u00e9kelykereszt\u00fari Orb\u00e1n Bal\u00e1zs Unit. F\u0151gimn.-ban (1945), lelk\u00e9szi oklevel\u00e9t Kv.-on az Unit. Teol\u00f3giai Akad.-n szerezte (1949). Unit. lelk\u00e9sz Tord\u00e1tfalv\u00e1n (1949\u201356), Recseny\u00e9den (1956\u201359), K\u00f6k\u00f6ll\u0151domb\u00f3n (1959\u2013). <br \/><strong>Irod.:<\/strong> Kelemen Imre; KKACS<\/br><\/p>\n","protected":false},"excerpt":{"rendered":"<p>Ny\u00e1r\u00e1dszentl\u00e1szl\u00f3, 1926. dec. 21., \u2020 ? : unit. lelk\u00e9sz. \u2013 \u00c9retts\u00e9gizett a sz\u00e9kelykereszt\u00fari Orb\u00e1n Bal\u00e1zs Unit. F\u0151gimn.-ban (1945), lelk\u00e9szi oklevel\u00e9t Kv.-on az Unit. Teol\u00f3giai Akad.-n szerezte (1949). Unit. lelk\u00e9sz Tord\u00e1tfalv\u00e1n (1949\u201356), Recseny\u00e9den (1956\u201359), K\u00f6k\u00f6ll\u0151domb\u00f3n (1959\u2013). Irod.: Kelemen Imre; KKACS<\/p>\n","protected":false},"featured_media":0,"comment_status":"open","ping_status":"closed","template":"","meta":[],"product_brand":[],"product_cat":[137],"product_tag":[],"class_list":{"0":"post-4316","1":"product","2":"type-product","3":"status-publish","5":"product_cat-maros-megyei-eletrajzi-lexikon","7":"first","8":"instock","9":"shipping-taxable","10":"product-type-simple"},"_links":{"self":[{"href":"https:\/\/uj.adatbank.ro\/lexikon\/wp-json\/wp\/v2\/product\/4316","targetHints":{"allow":["GET"]}}],"collection":[{"href":"https:\/\/uj.adatbank.ro\/lexikon\/wp-json\/wp\/v2\/product"}],"about":[{"href":"https:\/\/uj.adatbank.ro\/lexikon\/wp-json\/wp\/v2\/types\/product"}],"replies":[{"embeddable":true,"href":"https:\/\/uj.adatbank.ro\/lexikon\/wp-json\/wp\/v2\/comments?post=4316"}],"wp:attachment":[{"href":"https:\/\/uj.adatbank.ro\/lexikon\/wp-json\/wp\/v2\/media?parent=4316"}],"wp:term":[{"taxonomy":"product_brand","embeddable":true,"href":"https:\/\/uj.adatbank.ro\/lexikon\/wp-json\/wp\/v2\/product_brand?post=4316"},{"taxonomy":"product_cat","embeddable":true,"href":"https:\/\/uj.adatbank.ro\/lexikon\/wp-json\/wp\/v2\/product_cat?post=4316"},{"taxonomy":"product_tag","embeddable":true,"href":"https:\/\/uj.adatbank.ro\/lexikon\/wp-json\/wp\/v2\/product_tag?post=4316"}],"curies":[{"name":"wp","href":"https:\/\/api.w.org\/{rel}","templated":true}]}}