{"id":4321,"date":"2025-06-28T16:37:44","date_gmt":"2025-06-28T14:37:44","guid":{"rendered":"https:\/\/uj.adatbank.ro\/lexikon\/termek\/bende-janos\/"},"modified":"2025-06-28T16:37:44","modified_gmt":"2025-06-28T14:37:44","slug":"bende-janos","status":"publish","type":"product","link":"https:\/\/uj.adatbank.ro\/lexikon\/termek\/bende-janos\/","title":{"rendered":"BENDE J\u00e1nos"},"content":{"rendered":"<p>? \u2020 Radn\u00f3tf\u00e1ja, 1808. m\u00e1rc. 24.: ref. tan\u00edt\u00f3. \u2013 Feles\u00e9ge Ajtai Salom\u00e9. \u2013 Marosfelfaluban (1775\u201392) \u00e9s Radn\u00f3tf\u00e1j\u00e1n hal\u00e1l\u00e1ig volt mester (1794\u20131808. m\u00e1rc. 24.). <br \/><strong>Irod.:<\/strong> \u0150sz<\/br><\/p>\n","protected":false},"excerpt":{"rendered":"<p>? \u2020 Radn\u00f3tf\u00e1ja, 1808. m\u00e1rc. 24.: ref. tan\u00edt\u00f3. \u2013 Feles\u00e9ge Ajtai Salom\u00e9. \u2013 Marosfelfaluban (1775\u201392) \u00e9s Radn\u00f3tf\u00e1j\u00e1n hal\u00e1l\u00e1ig volt mester (1794\u20131808. m\u00e1rc. 24.). Irod.: \u0150sz<\/p>\n","protected":false},"featured_media":0,"comment_status":"open","ping_status":"closed","template":"","meta":[],"product_brand":[],"product_cat":[137],"product_tag":[],"class_list":{"0":"post-4321","1":"product","2":"type-product","3":"status-publish","5":"product_cat-maros-megyei-eletrajzi-lexikon","7":"first","8":"instock","9":"shipping-taxable","10":"product-type-simple"},"_links":{"self":[{"href":"https:\/\/uj.adatbank.ro\/lexikon\/wp-json\/wp\/v2\/product\/4321","targetHints":{"allow":["GET"]}}],"collection":[{"href":"https:\/\/uj.adatbank.ro\/lexikon\/wp-json\/wp\/v2\/product"}],"about":[{"href":"https:\/\/uj.adatbank.ro\/lexikon\/wp-json\/wp\/v2\/types\/product"}],"replies":[{"embeddable":true,"href":"https:\/\/uj.adatbank.ro\/lexikon\/wp-json\/wp\/v2\/comments?post=4321"}],"wp:attachment":[{"href":"https:\/\/uj.adatbank.ro\/lexikon\/wp-json\/wp\/v2\/media?parent=4321"}],"wp:term":[{"taxonomy":"product_brand","embeddable":true,"href":"https:\/\/uj.adatbank.ro\/lexikon\/wp-json\/wp\/v2\/product_brand?post=4321"},{"taxonomy":"product_cat","embeddable":true,"href":"https:\/\/uj.adatbank.ro\/lexikon\/wp-json\/wp\/v2\/product_cat?post=4321"},{"taxonomy":"product_tag","embeddable":true,"href":"https:\/\/uj.adatbank.ro\/lexikon\/wp-json\/wp\/v2\/product_tag?post=4321"}],"curies":[{"name":"wp","href":"https:\/\/api.w.org\/{rel}","templated":true}]}}