{"id":4322,"date":"2025-06-28T16:37:47","date_gmt":"2025-06-28T14:37:47","guid":{"rendered":"https:\/\/uj.adatbank.ro\/lexikon\/termek\/bende-katalin\/"},"modified":"2025-06-28T16:37:47","modified_gmt":"2025-06-28T14:37:47","slug":"bende-katalin","status":"publish","type":"product","link":"https:\/\/uj.adatbank.ro\/lexikon\/termek\/bende-katalin\/","title":{"rendered":"BENDE Katalin"},"content":{"rendered":"<p>1925., \u2020 Mv., 2004. febr. 5.: tan\u00e1r. \u2013 A mv.-i M\u0171v\u00e9szeti L\u00edc. Tan\u00e1ra, a mv.-i N\u00e9pi Egyetem tanulm\u00e1nyi tan\u00e1cs\u00e1nak tagja (1973). <br \/><strong>Irod.:<\/strong> Bartis J\u00f3zsef: N\u00e9pi egyetemi oktat\u00e1s Mv.-en (Korunk, 2. sz., 1973. febr.)<\/br><\/p>\n","protected":false},"excerpt":{"rendered":"<p>1925., \u2020 Mv., 2004. febr. 5.: tan\u00e1r. \u2013 A mv.-i M\u0171v\u00e9szeti L\u00edc. Tan\u00e1ra, a mv.-i N\u00e9pi Egyetem tanulm\u00e1nyi tan\u00e1cs\u00e1nak tagja (1973). Irod.: Bartis J\u00f3zsef: N\u00e9pi egyetemi oktat\u00e1s Mv.-en (Korunk, 2. sz., 1973. febr.)<\/p>\n","protected":false},"featured_media":0,"comment_status":"open","ping_status":"closed","template":"","meta":[],"product_brand":[],"product_cat":[137],"product_tag":[],"class_list":{"0":"post-4322","1":"product","2":"type-product","3":"status-publish","5":"product_cat-maros-megyei-eletrajzi-lexikon","7":"first","8":"instock","9":"shipping-taxable","10":"product-type-simple"},"_links":{"self":[{"href":"https:\/\/uj.adatbank.ro\/lexikon\/wp-json\/wp\/v2\/product\/4322","targetHints":{"allow":["GET"]}}],"collection":[{"href":"https:\/\/uj.adatbank.ro\/lexikon\/wp-json\/wp\/v2\/product"}],"about":[{"href":"https:\/\/uj.adatbank.ro\/lexikon\/wp-json\/wp\/v2\/types\/product"}],"replies":[{"embeddable":true,"href":"https:\/\/uj.adatbank.ro\/lexikon\/wp-json\/wp\/v2\/comments?post=4322"}],"wp:attachment":[{"href":"https:\/\/uj.adatbank.ro\/lexikon\/wp-json\/wp\/v2\/media?parent=4322"}],"wp:term":[{"taxonomy":"product_brand","embeddable":true,"href":"https:\/\/uj.adatbank.ro\/lexikon\/wp-json\/wp\/v2\/product_brand?post=4322"},{"taxonomy":"product_cat","embeddable":true,"href":"https:\/\/uj.adatbank.ro\/lexikon\/wp-json\/wp\/v2\/product_cat?post=4322"},{"taxonomy":"product_tag","embeddable":true,"href":"https:\/\/uj.adatbank.ro\/lexikon\/wp-json\/wp\/v2\/product_tag?post=4322"}],"curies":[{"name":"wp","href":"https:\/\/api.w.org\/{rel}","templated":true}]}}