{"id":4335,"date":"2025-06-28T16:38:12","date_gmt":"2025-06-28T14:38:12","guid":{"rendered":"https:\/\/uj.adatbank.ro\/lexikon\/termek\/benedek-andor\/"},"modified":"2025-06-28T16:38:12","modified_gmt":"2025-06-28T14:38:12","slug":"benedek-andor","status":"publish","type":"product","link":"https:\/\/uj.adatbank.ro\/lexikon\/termek\/benedek-andor\/","title":{"rendered":"BENEDEK Andor"},"content":{"rendered":"<p>Dics\u0151szentm\u00e1rton, 1909. j\u00fal. 18., \u2020 ? : orvos, egyetemi tan\u00e1rseg\u00e9d. \u2013 Orvosi oklevel\u00e9t Bp.-en szerezte (1928), ahol tan\u00e1rseg\u00e9d a b\u00e1bak\u00e9pz\u0151 int\u00e9zetben (1938). Cikkeit k\u00f6z\u00f6lte a Budapesti Orvosi \u00dajs\u00e1g, Gy\u00f3gy\u00e1szat, Orvosk\u00e9pz., M. N\u0151orv. Lapja. <br \/><strong>Irod.:<\/strong> Guly\u00e1s<\/br><\/p>\n","protected":false},"excerpt":{"rendered":"<p>Dics\u0151szentm\u00e1rton, 1909. j\u00fal. 18., \u2020 ? : orvos, egyetemi tan\u00e1rseg\u00e9d. \u2013 Orvosi oklevel\u00e9t Bp.-en szerezte (1928), ahol tan\u00e1rseg\u00e9d a b\u00e1bak\u00e9pz\u0151 int\u00e9zetben (1938). Cikkeit k\u00f6z\u00f6lte a Budapesti Orvosi \u00dajs\u00e1g, Gy\u00f3gy\u00e1szat, Orvosk\u00e9pz., M. N\u0151orv. Lapja. Irod.: Guly\u00e1s<\/p>\n","protected":false},"featured_media":0,"comment_status":"open","ping_status":"closed","template":"","meta":[],"product_brand":[],"product_cat":[137],"product_tag":[],"class_list":{"0":"post-4335","1":"product","2":"type-product","3":"status-publish","5":"product_cat-maros-megyei-eletrajzi-lexikon","7":"first","8":"instock","9":"shipping-taxable","10":"product-type-simple"},"_links":{"self":[{"href":"https:\/\/uj.adatbank.ro\/lexikon\/wp-json\/wp\/v2\/product\/4335","targetHints":{"allow":["GET"]}}],"collection":[{"href":"https:\/\/uj.adatbank.ro\/lexikon\/wp-json\/wp\/v2\/product"}],"about":[{"href":"https:\/\/uj.adatbank.ro\/lexikon\/wp-json\/wp\/v2\/types\/product"}],"replies":[{"embeddable":true,"href":"https:\/\/uj.adatbank.ro\/lexikon\/wp-json\/wp\/v2\/comments?post=4335"}],"wp:attachment":[{"href":"https:\/\/uj.adatbank.ro\/lexikon\/wp-json\/wp\/v2\/media?parent=4335"}],"wp:term":[{"taxonomy":"product_brand","embeddable":true,"href":"https:\/\/uj.adatbank.ro\/lexikon\/wp-json\/wp\/v2\/product_brand?post=4335"},{"taxonomy":"product_cat","embeddable":true,"href":"https:\/\/uj.adatbank.ro\/lexikon\/wp-json\/wp\/v2\/product_cat?post=4335"},{"taxonomy":"product_tag","embeddable":true,"href":"https:\/\/uj.adatbank.ro\/lexikon\/wp-json\/wp\/v2\/product_tag?post=4335"}],"curies":[{"name":"wp","href":"https:\/\/api.w.org\/{rel}","templated":true}]}}