{"id":4337,"date":"2025-06-28T16:38:15","date_gmt":"2025-06-28T14:38:15","guid":{"rendered":"https:\/\/uj.adatbank.ro\/lexikon\/termek\/benedek-arpad\/"},"modified":"2025-06-28T16:38:15","modified_gmt":"2025-06-28T14:38:15","slug":"benedek-arpad","status":"publish","type":"product","link":"https:\/\/uj.adatbank.ro\/lexikon\/termek\/benedek-arpad\/","title":{"rendered":"BENEDEK \u00c1rp\u00e1d"},"content":{"rendered":"<p>Vajdaszentiv\u00e1ny, 1863., \u2020 ? : ref. lelk\u00e9sz Vajdaszentiv\u00e1nyon (1893\u20131907). Egyh\u00e1zi besz\u00e9dei a Prot. Lap-ban. \u2013 <strong>F. m.:<\/strong> Id. Horv\u00e1th Mih\u00e1ly g\u00f6rg\u00e9nyi ref. egyhm. f\u0151gondnok eml\u00e9kezete (Csekme Ferenccel; Sz\u00e1szr\u00e9gen, 1899). <br \/><strong>Irod.:<\/strong> Guly\u00e1s; Illy\u00e9s Endre: Egyh\u00e1zfegyelem a magyar ref. egyh\u00e1zban (Debrecen, 1941); Vajdaszentiv\u00e1ny<\/br><\/p>\n","protected":false},"excerpt":{"rendered":"<p>Vajdaszentiv\u00e1ny, 1863., \u2020 ? : ref. lelk\u00e9sz Vajdaszentiv\u00e1nyon (1893\u20131907). Egyh\u00e1zi besz\u00e9dei a Prot. Lap-ban. \u2013 F. m.: Id. Horv\u00e1th Mih\u00e1ly g\u00f6rg\u00e9nyi ref. egyhm. f\u0151gondnok eml\u00e9kezete (Csekme Ferenccel; Sz\u00e1szr\u00e9gen, 1899). Irod.: Guly\u00e1s; Illy\u00e9s Endre: Egyh\u00e1zfegyelem a magyar ref. egyh\u00e1zban (Debrecen, 1941); Vajdaszentiv\u00e1ny<\/p>\n","protected":false},"featured_media":0,"comment_status":"open","ping_status":"closed","template":"","meta":[],"product_brand":[],"product_cat":[137],"product_tag":[],"class_list":{"0":"post-4337","1":"product","2":"type-product","3":"status-publish","5":"product_cat-maros-megyei-eletrajzi-lexikon","7":"first","8":"instock","9":"shipping-taxable","10":"product-type-simple"},"_links":{"self":[{"href":"https:\/\/uj.adatbank.ro\/lexikon\/wp-json\/wp\/v2\/product\/4337","targetHints":{"allow":["GET"]}}],"collection":[{"href":"https:\/\/uj.adatbank.ro\/lexikon\/wp-json\/wp\/v2\/product"}],"about":[{"href":"https:\/\/uj.adatbank.ro\/lexikon\/wp-json\/wp\/v2\/types\/product"}],"replies":[{"embeddable":true,"href":"https:\/\/uj.adatbank.ro\/lexikon\/wp-json\/wp\/v2\/comments?post=4337"}],"wp:attachment":[{"href":"https:\/\/uj.adatbank.ro\/lexikon\/wp-json\/wp\/v2\/media?parent=4337"}],"wp:term":[{"taxonomy":"product_brand","embeddable":true,"href":"https:\/\/uj.adatbank.ro\/lexikon\/wp-json\/wp\/v2\/product_brand?post=4337"},{"taxonomy":"product_cat","embeddable":true,"href":"https:\/\/uj.adatbank.ro\/lexikon\/wp-json\/wp\/v2\/product_cat?post=4337"},{"taxonomy":"product_tag","embeddable":true,"href":"https:\/\/uj.adatbank.ro\/lexikon\/wp-json\/wp\/v2\/product_tag?post=4337"}],"curies":[{"name":"wp","href":"https:\/\/api.w.org\/{rel}","templated":true}]}}