{"id":4338,"date":"2025-06-28T16:38:16","date_gmt":"2025-06-28T14:38:16","guid":{"rendered":"https:\/\/uj.adatbank.ro\/lexikon\/termek\/benedek-balint\/"},"modified":"2025-06-28T16:38:16","modified_gmt":"2025-06-28T14:38:16","slug":"benedek-balint","status":"publish","type":"product","link":"https:\/\/uj.adatbank.ro\/lexikon\/termek\/benedek-balint\/","title":{"rendered":"BENEDEK B\u00e1lint"},"content":{"rendered":"<p>K\u00e1poln\u00e1sfalu, 1856. febr. 5. \u2020 Mv., 1895. j\u00fan. 23.: r. k. pap. \u2013 Sz\u00e9kelyudvarhelyen volt gimnazista, teol. tanulm\u00e1nyait Gyulafeh\u00e9rv\u00e1ron v\u00e9gezte. Papp\u00e1 szentelt\u00e9k (1880. j\u00fal. 15.). K\u00e1pl\u00e1n Altorj\u00e1n \u00e9s Cs\u00edknagyboldogasszonyon (1882), lelk\u00e9sz Sz\u00e9kelyp\u00e1lfalv\u00e1n (1883\u20131894). <br \/><strong>Irod.:<\/strong> Ferenczi S\u00e1ndor 2009<\/br><\/p>\n","protected":false},"excerpt":{"rendered":"<p>K\u00e1poln\u00e1sfalu, 1856. febr. 5. \u2020 Mv., 1895. j\u00fan. 23.: r. k. pap. \u2013 Sz\u00e9kelyudvarhelyen volt gimnazista, teol. tanulm\u00e1nyait Gyulafeh\u00e9rv\u00e1ron v\u00e9gezte. Papp\u00e1 szentelt\u00e9k (1880. j\u00fal. 15.). K\u00e1pl\u00e1n Altorj\u00e1n \u00e9s Cs\u00edknagyboldogasszonyon (1882), lelk\u00e9sz Sz\u00e9kelyp\u00e1lfalv\u00e1n (1883\u20131894). Irod.: Ferenczi S\u00e1ndor 2009<\/p>\n","protected":false},"featured_media":0,"comment_status":"open","ping_status":"closed","template":"","meta":[],"product_brand":[],"product_cat":[137],"product_tag":[],"class_list":{"0":"post-4338","1":"product","2":"type-product","3":"status-publish","5":"product_cat-maros-megyei-eletrajzi-lexikon","7":"first","8":"instock","9":"shipping-taxable","10":"product-type-simple"},"_links":{"self":[{"href":"https:\/\/uj.adatbank.ro\/lexikon\/wp-json\/wp\/v2\/product\/4338","targetHints":{"allow":["GET"]}}],"collection":[{"href":"https:\/\/uj.adatbank.ro\/lexikon\/wp-json\/wp\/v2\/product"}],"about":[{"href":"https:\/\/uj.adatbank.ro\/lexikon\/wp-json\/wp\/v2\/types\/product"}],"replies":[{"embeddable":true,"href":"https:\/\/uj.adatbank.ro\/lexikon\/wp-json\/wp\/v2\/comments?post=4338"}],"wp:attachment":[{"href":"https:\/\/uj.adatbank.ro\/lexikon\/wp-json\/wp\/v2\/media?parent=4338"}],"wp:term":[{"taxonomy":"product_brand","embeddable":true,"href":"https:\/\/uj.adatbank.ro\/lexikon\/wp-json\/wp\/v2\/product_brand?post=4338"},{"taxonomy":"product_cat","embeddable":true,"href":"https:\/\/uj.adatbank.ro\/lexikon\/wp-json\/wp\/v2\/product_cat?post=4338"},{"taxonomy":"product_tag","embeddable":true,"href":"https:\/\/uj.adatbank.ro\/lexikon\/wp-json\/wp\/v2\/product_tag?post=4338"}],"curies":[{"name":"wp","href":"https:\/\/api.w.org\/{rel}","templated":true}]}}