{"id":4342,"date":"2025-06-28T16:38:24","date_gmt":"2025-06-28T14:38:24","guid":{"rendered":"https:\/\/uj.adatbank.ro\/lexikon\/termek\/benedek-gyula\/"},"modified":"2025-06-28T16:38:24","modified_gmt":"2025-06-28T14:38:24","slug":"benedek-gyula","status":"publish","type":"product","link":"https:\/\/uj.adatbank.ro\/lexikon\/termek\/benedek-gyula\/","title":{"rendered":"BENEDEK Gyula"},"content":{"rendered":"<p>1926, \u2020\u00a0Mv., 1981. nov. 29.: \u00fcgy\u00e9sz. \u2013 A mv.-i megyei t\u00f6rv\u00e9nysz\u00e9k, v\u00e1rosi \u00fcgy\u00e9szs\u00e9g \u00fcgy\u00e9sze, a V. Z. mv.-i napilap \u00e1lland\u00f3 k\u00fcls\u0151 munkat\u00e1rsa \u00e9s jogtan\u00e1csosa. <br \/><strong>Irod.:<\/strong> B. Gy. [Nekrol\u00f3g] (V. Z., 1981. dec. 1.)<\/br><\/p>\n","protected":false},"excerpt":{"rendered":"<p>1926, \u2020\u00a0Mv., 1981. nov. 29.: \u00fcgy\u00e9sz. \u2013 A mv.-i megyei t\u00f6rv\u00e9nysz\u00e9k, v\u00e1rosi \u00fcgy\u00e9szs\u00e9g \u00fcgy\u00e9sze, a V. Z. mv.-i napilap \u00e1lland\u00f3 k\u00fcls\u0151 munkat\u00e1rsa \u00e9s jogtan\u00e1csosa. Irod.: B. Gy. [Nekrol\u00f3g] (V. Z., 1981. dec. 1.)<\/p>\n","protected":false},"featured_media":0,"comment_status":"open","ping_status":"closed","template":"","meta":[],"product_brand":[],"product_cat":[137],"product_tag":[],"class_list":{"0":"post-4342","1":"product","2":"type-product","3":"status-publish","5":"product_cat-maros-megyei-eletrajzi-lexikon","7":"first","8":"instock","9":"shipping-taxable","10":"product-type-simple"},"_links":{"self":[{"href":"https:\/\/uj.adatbank.ro\/lexikon\/wp-json\/wp\/v2\/product\/4342","targetHints":{"allow":["GET"]}}],"collection":[{"href":"https:\/\/uj.adatbank.ro\/lexikon\/wp-json\/wp\/v2\/product"}],"about":[{"href":"https:\/\/uj.adatbank.ro\/lexikon\/wp-json\/wp\/v2\/types\/product"}],"replies":[{"embeddable":true,"href":"https:\/\/uj.adatbank.ro\/lexikon\/wp-json\/wp\/v2\/comments?post=4342"}],"wp:attachment":[{"href":"https:\/\/uj.adatbank.ro\/lexikon\/wp-json\/wp\/v2\/media?parent=4342"}],"wp:term":[{"taxonomy":"product_brand","embeddable":true,"href":"https:\/\/uj.adatbank.ro\/lexikon\/wp-json\/wp\/v2\/product_brand?post=4342"},{"taxonomy":"product_cat","embeddable":true,"href":"https:\/\/uj.adatbank.ro\/lexikon\/wp-json\/wp\/v2\/product_cat?post=4342"},{"taxonomy":"product_tag","embeddable":true,"href":"https:\/\/uj.adatbank.ro\/lexikon\/wp-json\/wp\/v2\/product_tag?post=4342"}],"curies":[{"name":"wp","href":"https:\/\/api.w.org\/{rel}","templated":true}]}}