{"id":4345,"date":"2025-06-28T16:38:29","date_gmt":"2025-06-28T14:38:29","guid":{"rendered":"https:\/\/uj.adatbank.ro\/lexikon\/termek\/benedek-janos-2\/"},"modified":"2025-06-28T16:38:29","modified_gmt":"2025-06-28T14:38:29","slug":"benedek-janos-2","status":"publish","type":"product","link":"https:\/\/uj.adatbank.ro\/lexikon\/termek\/benedek-janos-2\/","title":{"rendered":"BENEDEK J\u00e1nos"},"content":{"rendered":"<p>Fels\u0151boldogfalva, 1778., \u2020\u00a0H\u00e9derf\u00e1ja, 1835.: tan\u00edt\u00f3. \u2013 H\u00e9derf\u00e1j\u00e1n tan\u00edt\u00f3 (1799\u2013). Rendszeres iskolal\u00e1togat\u00e1sra szoktatta r\u00e1 a falu tanul\u00f3it. K\u00e1ntor is volt. \u00daj iskol\u00e1t \u00e9p\u00edttetett (1823), amelyet adom\u00e1nyokb\u00f3l j\u00f3l felszereltetett. L\u00e9trehozta az \u00f6n\u00e1ll\u00f3 iskolai p\u00e9nzalapot, \u00e9s \u00edgy seg\u00edteni tudta a szeg\u00e9nysors\u00fa tanul\u00f3kat (1829). <br \/><strong>Irod.:<\/strong> H\u00e9derf\u00e1ja \u00e9s egyh\u00e1za<\/br><\/p>\n","protected":false},"excerpt":{"rendered":"<p>Fels\u0151boldogfalva, 1778., \u2020\u00a0H\u00e9derf\u00e1ja, 1835.: tan\u00edt\u00f3. \u2013 H\u00e9derf\u00e1j\u00e1n tan\u00edt\u00f3 (1799\u2013). Rendszeres iskolal\u00e1togat\u00e1sra szoktatta r\u00e1 a falu tanul\u00f3it. K\u00e1ntor is volt. \u00daj iskol\u00e1t \u00e9p\u00edttetett (1823), amelyet adom\u00e1nyokb\u00f3l j\u00f3l felszereltetett. L\u00e9trehozta az \u00f6n\u00e1ll\u00f3 iskolai p\u00e9nzalapot, \u00e9s \u00edgy seg\u00edteni tudta a szeg\u00e9nysors\u00fa tanul\u00f3kat (1829). Irod.: H\u00e9derf\u00e1ja \u00e9s egyh\u00e1za<\/p>\n","protected":false},"featured_media":0,"comment_status":"open","ping_status":"closed","template":"","meta":[],"product_brand":[],"product_cat":[137],"product_tag":[],"class_list":{"0":"post-4345","1":"product","2":"type-product","3":"status-publish","5":"product_cat-maros-megyei-eletrajzi-lexikon","7":"first","8":"instock","9":"shipping-taxable","10":"product-type-simple"},"_links":{"self":[{"href":"https:\/\/uj.adatbank.ro\/lexikon\/wp-json\/wp\/v2\/product\/4345","targetHints":{"allow":["GET"]}}],"collection":[{"href":"https:\/\/uj.adatbank.ro\/lexikon\/wp-json\/wp\/v2\/product"}],"about":[{"href":"https:\/\/uj.adatbank.ro\/lexikon\/wp-json\/wp\/v2\/types\/product"}],"replies":[{"embeddable":true,"href":"https:\/\/uj.adatbank.ro\/lexikon\/wp-json\/wp\/v2\/comments?post=4345"}],"wp:attachment":[{"href":"https:\/\/uj.adatbank.ro\/lexikon\/wp-json\/wp\/v2\/media?parent=4345"}],"wp:term":[{"taxonomy":"product_brand","embeddable":true,"href":"https:\/\/uj.adatbank.ro\/lexikon\/wp-json\/wp\/v2\/product_brand?post=4345"},{"taxonomy":"product_cat","embeddable":true,"href":"https:\/\/uj.adatbank.ro\/lexikon\/wp-json\/wp\/v2\/product_cat?post=4345"},{"taxonomy":"product_tag","embeddable":true,"href":"https:\/\/uj.adatbank.ro\/lexikon\/wp-json\/wp\/v2\/product_tag?post=4345"}],"curies":[{"name":"wp","href":"https:\/\/api.w.org\/{rel}","templated":true}]}}