{"id":4347,"date":"2025-06-28T16:38:34","date_gmt":"2025-06-28T14:38:34","guid":{"rendered":"https:\/\/uj.adatbank.ro\/lexikon\/termek\/benedek-janos-vargyasi-thomas-natus-johannis-benedicti-de-wargyas\/"},"modified":"2025-06-28T16:38:34","modified_gmt":"2025-06-28T14:38:34","slug":"benedek-janos-vargyasi-thomas-natus-johannis-benedicti-de-wargyas","status":"publish","type":"product","link":"https:\/\/uj.adatbank.ro\/lexikon\/termek\/benedek-janos-vargyasi-thomas-natus-johannis-benedicti-de-wargyas\/","title":{"rendered":"BENEDEK J\u00e1nos, vargyasi, Thomas natus Johannis Benedicti de Wargyas"},"content":{"rendered":"<p>? \u2020\u00a0? : k\u00f6zjegyz\u0151. \u2013 P\u00e1pai \u00e9s cs\u00e1sz\u00e1ri k\u00f6zjegyz\u0151 az erd\u00e9lyi egyh\u00e1zmegy\u00e9ben Petel\u00e9n, akit\u0151l a Toldalagi lev\u00e9lt\u00e1rban maradt fenn egy okirat (1506. j\u00fal. 3.). <br \/><strong>Irod.:<\/strong> Tonk S\u00e1ndor: A k\u00f6z\u00e9pkori k\u00f6zjegyz\u0151s\u00e9g Erd\u00e9lyben = M\u0171vt\u00f6rt. T. 1980<\/br><\/p>\n","protected":false},"excerpt":{"rendered":"<p>? \u2020\u00a0? : k\u00f6zjegyz\u0151. \u2013 P\u00e1pai \u00e9s cs\u00e1sz\u00e1ri k\u00f6zjegyz\u0151 az erd\u00e9lyi egyh\u00e1zmegy\u00e9ben Petel\u00e9n, akit\u0151l a Toldalagi lev\u00e9lt\u00e1rban maradt fenn egy okirat (1506. j\u00fal. 3.). Irod.: Tonk S\u00e1ndor: A k\u00f6z\u00e9pkori k\u00f6zjegyz\u0151s\u00e9g Erd\u00e9lyben = M\u0171vt\u00f6rt. T. 1980<\/p>\n","protected":false},"featured_media":0,"comment_status":"open","ping_status":"closed","template":"","meta":[],"product_brand":[],"product_cat":[137],"product_tag":[],"class_list":{"0":"post-4347","1":"product","2":"type-product","3":"status-publish","5":"product_cat-maros-megyei-eletrajzi-lexikon","7":"first","8":"instock","9":"shipping-taxable","10":"product-type-simple"},"_links":{"self":[{"href":"https:\/\/uj.adatbank.ro\/lexikon\/wp-json\/wp\/v2\/product\/4347","targetHints":{"allow":["GET"]}}],"collection":[{"href":"https:\/\/uj.adatbank.ro\/lexikon\/wp-json\/wp\/v2\/product"}],"about":[{"href":"https:\/\/uj.adatbank.ro\/lexikon\/wp-json\/wp\/v2\/types\/product"}],"replies":[{"embeddable":true,"href":"https:\/\/uj.adatbank.ro\/lexikon\/wp-json\/wp\/v2\/comments?post=4347"}],"wp:attachment":[{"href":"https:\/\/uj.adatbank.ro\/lexikon\/wp-json\/wp\/v2\/media?parent=4347"}],"wp:term":[{"taxonomy":"product_brand","embeddable":true,"href":"https:\/\/uj.adatbank.ro\/lexikon\/wp-json\/wp\/v2\/product_brand?post=4347"},{"taxonomy":"product_cat","embeddable":true,"href":"https:\/\/uj.adatbank.ro\/lexikon\/wp-json\/wp\/v2\/product_cat?post=4347"},{"taxonomy":"product_tag","embeddable":true,"href":"https:\/\/uj.adatbank.ro\/lexikon\/wp-json\/wp\/v2\/product_tag?post=4347"}],"curies":[{"name":"wp","href":"https:\/\/api.w.org\/{rel}","templated":true}]}}